{"id":28773,"date":"2025-11-20T13:59:22","date_gmt":"2025-11-20T12:59:22","guid":{"rendered":"https:\/\/www.tut-tut.com\/?page_id=28773"},"modified":"2025-11-20T13:59:25","modified_gmt":"2025-11-20T12:59:25","slug":"reglement-maandelijkse-loterij-tevredenheid-2025","status":"publish","type":"page","link":"https:\/\/www.tut-tut.com\/nl\/reglement-maandelijkse-loterij-tevredenheid-2025\/","title":{"rendered":"Reglement \u2013 Maandelijkse Loterij Tevredenheid 2025"},"content":{"rendered":"<h2 class=\"wp-block-heading\">Artikel 1: Organisatie<\/h2>\n\n\n\n<p>Het bedrijf CLV Tut Tut (hierna te noemen \u00abde Organisator\u00bb) organiseert een gratis wedstrijd zonder aankoopverplichting, getiteld \u00abMaandelijkse Loterij van Tut Tut Tevredenheid\u00bb (hierna te noemen \u00abde Wedstrijd\u00bb), volgens de voorwaarden beschreven in dit reglement.<\/p>\n\n\n\n<h2 class=\"wp-block-heading\">Artikel 2: Speelduur<\/h2>\n\n\n\n<p>Het spel wordt maandelijks stilzwijgend verlengd (hierna te noemen \u00abde Maandelijkse Periode\u00bb) vanaf de datum waarop dit reglement online wordt geplaatst, tot een tegenovergesteld besluit van de Organisator.<\/p>\n\n\n\n<ul class=\"wp-block-list\">\n<li><strong>Begin van elke Maandelijkse Periode:<\/strong> De 24e van de maand.<\/li>\n\n\n\n<li><strong>Einde van elke maandelijkse periode:<\/strong> De 23e van de volgende maand, om 23:59 uur.<\/li>\n<\/ul>\n\n\n\n<h2 class=\"wp-block-heading\">Artikel 3: Deelnamevoorwaarden<\/h2>\n\n\n\n<h3 class=\"wp-block-heading\">3.1. Geschiktheid<\/h3>\n\n\n\n<p>Deelname aan het Spel staat open voor iedere meerderjarige persoon die in metropolitaans Frankrijk woont en <strong>actieve gebruiker van de Tut Tut app<\/strong> (na ten minste \u00e9\u00e9n levering te hebben uitgevoerd).<\/p>\n\n\n\n<h3 class=\"wp-block-heading\">3.2. Deelnamevoorwaarden<\/h3>\n\n\n\n<p>Deelname aan de loterij is exclusief voor gebruikers van de app die <strong>volledig antwoorden op de tevredenheidsenqu\u00eate<\/strong> maandelijks per e-mail verzonden door de Organisator.<\/p>\n\n\n\n<ol start=\"1\" class=\"wp-block-list\">\n<li>Elke maand ontvangt een willekeurige groep gebruikers van de Tut Tut app een e-mail van de Organisator.<\/li>\n\n\n\n<li>Deze e-mail bevat een unieke link die leidt naar de maandelijkse tevredenheidsenqu\u00eate.<\/li>\n\n\n\n<li>Om deel te nemen aan de loterij, moet de gebruiker <strong>klik op de link en dien een volledig antwoord in<\/strong> naar de enqu\u00eate tijdens de huidige Maandelijkse Periode.<\/li>\n\n\n\n<li>Slechts \u00e9\u00e9n deelname per gebruiker per maand is toegestaan (\u00e9\u00e9n volledig ingevulde enqu\u00eate).<\/li>\n<\/ol>\n\n\n\n<p>Elke onvolledige, onleesbare of buiten de Maandelijkse Periode uitgevoerde deelname wordt als ongeldig beschouwd.<\/p>\n\n\n\n<h2 class=\"wp-block-heading\">Artikel 4: Dotatie<\/h2>\n\n\n\n<p>Elke maandelijkse periode wordt er \u00e9\u00e9n winnaar getrokken.<\/p>\n\n\n\n<ul class=\"wp-block-list\">\n<li><strong>Lot mis en jeu :<\/strong> <strong>Een Cadeaukaart ter waarde van Twintig Euro (20\u20ac)<\/strong>, geldig bij een door de Organisator gekozen winkel of platform (voorbeelden: Amazon, Fnac, warenhuis, etc.).<\/li>\n<\/ul>\n\n\n\n<p>Het lot is niet overdraagbaar, noch inwisselbaar tegen geldelijke waarde of een ander lot. De Organisator behoudt zich het recht voor om het lot te vervangen door een lot van gelijke aard en waarde bij onbeschikbaarheid, zonder dat hierover enige aanspraak gemaakt kan worden.<\/p>\n\n\n\n<h2 class=\"wp-block-heading\">Artikel 5: Aanwijzing van de winnaar<\/h2>\n\n\n\n<h3 class=\"wp-block-heading\">5.1. De Loting<\/h3>\n\n\n\n<p>De loting wordt elektronisch en willekeurig uitgevoerd <strong>binnen 7 werkdagen na het einde van elke Maandperiode<\/strong>, uit de lijst van alle gebruikers die de enqu\u00eate volledig hebben voltooid gedurende de betrokken Maandelijkse Periode.<\/p>\n\n\n\n<h3 class=\"wp-block-heading\">5.2. Bekendmaking en Overhandiging van het Lot<\/h3>\n\n\n\n<ol start=\"1\" class=\"wp-block-list\">\n<li>De winnaar wordt gecontacteerd <strong>per e-mail<\/strong> op het adres dat gebruikt wordt om de enqu\u00eate te ontvangen.<\/li>\n\n\n\n<li>de winnaar krijgt <strong>7 werkdagen<\/strong> vanaf de datum van verzending van deze e-mail om zijn identiteit te bevestigen en zijn prijs te accepteren door te antwoorden op de e-mail.<\/li>\n\n\n\n<li>Als de winnaar zich niet binnen deze termijn meldt, wordt hij geacht afstand te hebben gedaan van zijn prijs. De organisator zal dan een nieuwe loting verrichten om een plaatsvervangende winnaar aan te wijzen.<\/li>\n\n\n\n<li>De kavel wordt per e-mail verzonden (voor de digitale cadeaukaart) uiterlijk binnen <strong>30 dagen<\/strong> na de bevestiging van de winnaar.<\/li>\n<\/ol>\n\n\n\n<h2 class=\"wp-block-heading\">Artikel 6: Bescherming Persoonsgegevens<\/h2>\n\n\n\n<p>De informatie die via de enqu\u00eate en de deelname aan de Wedstrijd wordt verzameld, wordt verwerkt met inachtneming van de Algemene Verordening Gegevensbescherming (AVG) en het privacybeleid van Tut Tut. De verzamelde gegevens worden uitsluitend gebruikt voor de organisatie van de Wedstrijd, de aanwijzing van de winnaar en de verzending van de prijs.<\/p>\n\n\n\n<h2 class=\"wp-block-heading\">Artikel 7: Wijzigingen van het Reglement<\/h2>\n\n\n\n<p>De Organisator behoudt zich het recht voor om het Spel in te korten, te verlengen, te wijzigen of te annuleren in geval van overmacht of gebeurtenissen buiten zijn wil om, zonder voorafgaande kennisgeving en zonder dat zijn aansprakelijkheid hiervoor kan worden ingeroepen. Elke wijziging zal worden meegedeeld op de website van Tut Tut.<\/p>\n\n\n\n<hr class=\"wp-block-separator has-alpha-channel-opacity\"\/>","protected":false},"excerpt":{"rendered":"<p>Artikel 1: Organisatie Het bedrijf CLV Tut Tut (hierna te noemen \u00abde Organisator\u00bb) organiseert een gratis en niet-aankoopgebonden spel (\u00abwedstrijd\u00bb) met de titel \u00abMaandelijkse Loterij voor Tevredenheid Tut Tut\u00bb (hierna te noemen \"het Spel\"), volgens de voorwaarden beschreven in dit reglement. Artikel 2: Duur van het Spel Het Spel [...]<\/p>","protected":false},"author":5,"featured_media":0,"parent":0,"menu_order":0,"comment_status":"closed","ping_status":"closed","template":"","meta":{"content-type":"","footnotes":"","_links_to":"","_links_to_target":""},"class_list":["post-28773","page","type-page","status-publish","hentry"],"yoast_head":"<!-- This site is optimized with the Yoast SEO plugin v25.6 - https:\/\/yoast.com\/wordpress\/plugins\/seo\/ -->\n<title>R\u00e8glement - Tirage au Sort Mensuel Satisfaction 2025 | Tut Tut<\/title>\n<meta name=\"robots\" content=\"index, nofollow, max-snippet:-1, max-image-preview:large, max-video-preview:-1\" \/>\n<link rel=\"canonical\" href=\"https:\/\/www.tut-tut.com\/nl\/reglement-maandelijkse-loterij-tevredenheid-2025\/\" \/>\n<meta property=\"og:locale\" content=\"nl_NL\" \/>\n<meta property=\"og:type\" content=\"article\" \/>\n<meta property=\"og:title\" content=\"R\u00e8glement - Tirage au Sort Mensuel Satisfaction 2025 | Tut Tut\" \/>\n<meta property=\"og:description\" content=\"Article 1 : Organisation La soci\u00e9t\u00e9 CLV Tut Tut (ci-apr\u00e8s d\u00e9sign\u00e9e \u00ab l&rsquo;Organisateur \u00bb) organise un jeu-concours gratuit et sans obligation d&rsquo;achat intitul\u00e9 \u00ab Tirage au Sort Mensuel de Satisfaction Tut Tut \u00bb (ci-apr\u00e8s d\u00e9sign\u00e9 \u00ab le Jeu \u00bb), selon les modalit\u00e9s d\u00e9crites dans le pr\u00e9sent r\u00e8glement. Article 2 : Dur\u00e9e du Jeu Le Jeu [&hellip;]\" \/>\n<meta property=\"og:url\" content=\"https:\/\/www.tut-tut.com\/nl\/reglement-maandelijkse-loterij-tevredenheid-2025\/\" \/>\n<meta property=\"og:site_name\" content=\"Tut Tut\" \/>\n<meta property=\"article:publisher\" content=\"https:\/\/www.facebook.com\/Tuttutfrance\/?locale=fr_FR\" \/>\n<meta property=\"article:modified_time\" content=\"2025-11-20T12:59:25+00:00\" \/>\n<meta name=\"twitter:card\" content=\"summary_large_image\" \/>\n<meta name=\"twitter:label1\" content=\"Est. reading time\" \/>\n\t<meta name=\"twitter:data1\" content=\"4 minuten\" \/>\n<script type=\"application\/ld+json\" class=\"yoast-schema-graph\">{\"@context\":\"https:\/\/schema.org\",\"@graph\":[{\"@type\":\"WebPage\",\"@id\":\"https:\/\/www.tut-tut.com\/reglement-tirage-au-sort-mensuel-satisfaction-2025\/\",\"url\":\"https:\/\/www.tut-tut.com\/reglement-tirage-au-sort-mensuel-satisfaction-2025\/\",\"name\":\"R\u00e8glement - Tirage au Sort Mensuel Satisfaction 2025 | Tut Tut\",\"isPartOf\":{\"@id\":\"https:\/\/www.tut-tut.com\/#website\"},\"datePublished\":\"2025-11-20T12:59:22+00:00\",\"dateModified\":\"2025-11-20T12:59:25+00:00\",\"breadcrumb\":{\"@id\":\"https:\/\/www.tut-tut.com\/reglement-tirage-au-sort-mensuel-satisfaction-2025\/#breadcrumb\"},\"inLanguage\":\"nl-NL\",\"potentialAction\":[{\"@type\":\"ReadAction\",\"target\":[\"https:\/\/www.tut-tut.com\/reglement-tirage-au-sort-mensuel-satisfaction-2025\/\"]}]},{\"@type\":\"BreadcrumbList\",\"@id\":\"https:\/\/www.tut-tut.com\/reglement-tirage-au-sort-mensuel-satisfaction-2025\/#breadcrumb\",\"itemListElement\":[{\"@type\":\"ListItem\",\"position\":1,\"name\":\"Accueil\",\"item\":\"https:\/\/www.tut-tut.com\/\"},{\"@type\":\"ListItem\",\"position\":2,\"name\":\"R\u00e8glement &#8211; Tirage au Sort Mensuel Satisfaction 2025\"}]},{\"@type\":\"WebSite\",\"@id\":\"https:\/\/www.tut-tut.com\/#website\",\"url\":\"https:\/\/www.tut-tut.com\/\",\"name\":\"Tut Tut\",\"description\":\"\",\"publisher\":{\"@id\":\"https:\/\/www.tut-tut.com\/#organization\"},\"potentialAction\":[{\"@type\":\"SearchAction\",\"target\":{\"@type\":\"EntryPoint\",\"urlTemplate\":\"https:\/\/www.tut-tut.com\/?s={search_term_string}\"},\"query-input\":{\"@type\":\"PropertyValueSpecification\",\"valueRequired\":true,\"valueName\":\"search_term_string\"}}],\"inLanguage\":\"nl-NL\"},{\"@type\":\"Organization\",\"@id\":\"https:\/\/www.tut-tut.com\/#organization\",\"name\":\"Tut Tut\",\"url\":\"https:\/\/www.tut-tut.com\/\",\"logo\":{\"@type\":\"ImageObject\",\"inLanguage\":\"nl-NL\",\"@id\":\"https:\/\/www.tut-tut.com\/#\/schema\/logo\/image\/\",\"url\":\"https:\/\/www.tut-tut.com\/wp-content\/uploads\/2025\/02\/Logo-2.png\",\"contentUrl\":\"https:\/\/www.tut-tut.com\/wp-content\/uploads\/2025\/02\/Logo-2.png\",\"width\":1004,\"height\":201,\"caption\":\"Tut Tut\"},\"image\":{\"@id\":\"https:\/\/www.tut-tut.com\/#\/schema\/logo\/image\/\"},\"sameAs\":[\"https:\/\/www.facebook.com\/Tuttutfrance\/?locale=fr_FR\",\"https:\/\/www.instagram.com\/tuttutfrance\/\",\"https:\/\/www.tiktok.com\/@tuttutfrance\",\"https:\/\/www.youtube.com\/channel\/UCGempjRWiZ5uWmByctmMtiw\",\"https:\/\/www.linkedin.com\/company\/tut-tut-france\/posts\/?feedView=all\"]}]}<\/script>\n<!-- \/ Yoast SEO plugin. -->","yoast_head_json":{"title":"Reglement - Maandelijkse Loterij Voldoening 2025 | Tut Tut","robots":{"index":"index","follow":"nofollow","max-snippet":"max-snippet:-1","max-image-preview":"max-image-preview:large","max-video-preview":"max-video-preview:-1"},"canonical":"https:\/\/www.tut-tut.com\/nl\/reglement-maandelijkse-loterij-tevredenheid-2025\/","og_locale":"nl_NL","og_type":"article","og_title":"R\u00e8glement - Tirage au Sort Mensuel Satisfaction 2025 | Tut Tut","og_description":"Article 1 : Organisation La soci\u00e9t\u00e9 CLV Tut Tut (ci-apr\u00e8s d\u00e9sign\u00e9e \u00ab l&rsquo;Organisateur \u00bb) organise un jeu-concours gratuit et sans obligation d&rsquo;achat intitul\u00e9 \u00ab Tirage au Sort Mensuel de Satisfaction Tut Tut \u00bb (ci-apr\u00e8s d\u00e9sign\u00e9 \u00ab le Jeu \u00bb), selon les modalit\u00e9s d\u00e9crites dans le pr\u00e9sent r\u00e8glement. Article 2 : Dur\u00e9e du Jeu Le Jeu [&hellip;]","og_url":"https:\/\/www.tut-tut.com\/nl\/reglement-maandelijkse-loterij-tevredenheid-2025\/","og_site_name":"Tut Tut","article_publisher":"https:\/\/www.facebook.com\/Tuttutfrance\/?locale=fr_FR","article_modified_time":"2025-11-20T12:59:25+00:00","twitter_card":"summary_large_image","twitter_misc":{"Est. reading time":"4 minuten"},"schema":{"@context":"https:\/\/schema.org","@graph":[{"@type":"WebPage","@id":"https:\/\/www.tut-tut.com\/reglement-tirage-au-sort-mensuel-satisfaction-2025\/","url":"https:\/\/www.tut-tut.com\/reglement-tirage-au-sort-mensuel-satisfaction-2025\/","name":"Reglement - Maandelijkse Loterij Voldoening 2025 | Tut Tut","isPartOf":{"@id":"https:\/\/www.tut-tut.com\/#website"},"datePublished":"2025-11-20T12:59:22+00:00","dateModified":"2025-11-20T12:59:25+00:00","breadcrumb":{"@id":"https:\/\/www.tut-tut.com\/reglement-tirage-au-sort-mensuel-satisfaction-2025\/#breadcrumb"},"inLanguage":"nl-NL","potentialAction":[{"@type":"ReadAction","target":["https:\/\/www.tut-tut.com\/reglement-tirage-au-sort-mensuel-satisfaction-2025\/"]}]},{"@type":"BreadcrumbList","@id":"https:\/\/www.tut-tut.com\/reglement-tirage-au-sort-mensuel-satisfaction-2025\/#breadcrumb","itemListElement":[{"@type":"ListItem","position":1,"name":"Accueil","item":"https:\/\/www.tut-tut.com\/"},{"@type":"ListItem","position":2,"name":"R\u00e8glement &#8211; Tirage au Sort Mensuel Satisfaction 2025"}]},{"@type":"WebSite","@id":"https:\/\/www.tut-tut.com\/#website","url":"https:\/\/www.tut-tut.com\/","name":"Tut tut","description":"","publisher":{"@id":"https:\/\/www.tut-tut.com\/#organization"},"potentialAction":[{"@type":"SearchAction","target":{"@type":"EntryPoint","urlTemplate":"https:\/\/www.tut-tut.com\/?s={search_term_string}"},"query-input":{"@type":"PropertyValueSpecification","valueRequired":true,"valueName":"search_term_string"}}],"inLanguage":"nl-NL"},{"@type":"Organization","@id":"https:\/\/www.tut-tut.com\/#organization","name":"Tut tut","url":"https:\/\/www.tut-tut.com\/","logo":{"@type":"ImageObject","inLanguage":"nl-NL","@id":"https:\/\/www.tut-tut.com\/#\/schema\/logo\/image\/","url":"https:\/\/www.tut-tut.com\/wp-content\/uploads\/2025\/02\/Logo-2.png","contentUrl":"https:\/\/www.tut-tut.com\/wp-content\/uploads\/2025\/02\/Logo-2.png","width":1004,"height":201,"caption":"Tut Tut"},"image":{"@id":"https:\/\/www.tut-tut.com\/#\/schema\/logo\/image\/"},"sameAs":["https:\/\/www.facebook.com\/Tuttutfrance\/?locale=fr_FR","https:\/\/www.instagram.com\/tuttutfrance\/","https:\/\/www.tiktok.com\/@tuttutfrance","https:\/\/www.youtube.com\/channel\/UCGempjRWiZ5uWmByctmMtiw","https:\/\/www.linkedin.com\/company\/tut-tut-france\/posts\/?feedView=all"]}]}},"_links":{"self":[{"href":"https:\/\/www.tut-tut.com\/nl\/wp-json\/wp\/v2\/pages\/28773"}],"collection":[{"href":"https:\/\/www.tut-tut.com\/nl\/wp-json\/wp\/v2\/pages"}],"about":[{"href":"https:\/\/www.tut-tut.com\/nl\/wp-json\/wp\/v2\/types\/page"}],"author":[{"embeddable":true,"href":"https:\/\/www.tut-tut.com\/nl\/wp-json\/wp\/v2\/users\/5"}],"replies":[{"embeddable":true,"href":"https:\/\/www.tut-tut.com\/nl\/wp-json\/wp\/v2\/comments?post=28773"}],"version-history":[{"count":2,"href":"https:\/\/www.tut-tut.com\/nl\/wp-json\/wp\/v2\/pages\/28773\/revisions"}],"predecessor-version":[{"id":28778,"href":"https:\/\/www.tut-tut.com\/nl\/wp-json\/wp\/v2\/pages\/28773\/revisions\/28778"}],"wp:attachment":[{"href":"https:\/\/www.tut-tut.com\/nl\/wp-json\/wp\/v2\/media?parent=28773"}],"curies":[{"name":"wp","href":"https:\/\/api.w.org\/{rel}","templated":true}]}}