{"id":28773,"date":"2025-11-20T13:59:22","date_gmt":"2025-11-20T12:59:22","guid":{"rendered":"https:\/\/www.tut-tut.com\/?page_id=28773"},"modified":"2025-11-20T13:59:25","modified_gmt":"2025-11-20T12:59:25","slug":"regolamento-estrazione-mensile-soddisfazione-2025","status":"publish","type":"page","link":"https:\/\/www.tut-tut.com\/it\/regolamento-estrazione-mensile-soddisfazione-2025\/","title":{"rendered":"Regolamento \u2013 Estrazione Mensile Soddisfazione 2025"},"content":{"rendered":"<h2 class=\"wp-block-heading\">Articolo 1 : Organizzazione<\/h2>\n\n\n\n<p>La societ\u00e0 CLV Tut Tut (di seguito \u00abOrganizzatore\u00bb) organizza un concorso gratuito e senza obbligo di acquisto denominato \u00abEstrazione Mensile di Soddisfazione Tut Tut\u00bb (di seguito \u00abGioco\u00bb) secondo le modalit\u00e0 descritte nel presente regolamento.<\/p>\n\n\n\n<h2 class=\"wp-block-heading\">Articolo 2: Durata del Gioco<\/h2>\n\n\n\n<p>Il Gioco \u00e8 tacitamente prorogato ogni mese (di seguito denominato \u00abPeriodo Mensile\u00bb) a partire dalla data di pubblicazione del presente regolamento, fino a diversa decisione dell'Organizzatore.<\/p>\n\n\n\n<ul class=\"wp-block-list\">\n<li><strong>Inizio di ogni Periodo Mensile:<\/strong> Il 24 del mese.<\/li>\n\n\n\n<li><strong>Alla fine di ogni Periodo Mensile:<\/strong> Il 23 del mese prossimo, alle 23:59.<\/li>\n<\/ul>\n\n\n\n<h2 class=\"wp-block-heading\">Articolo 3: Condizioni di Partecipazione<\/h2>\n\n\n\n<h3 class=\"wp-block-heading\">3.1. Idoneit\u00e0<\/h3>\n\n\n\n<p>La partecipazione al Gioco \u00e8 aperta a qualsiasi persona fisica maggiorenne residente in Francia metropolitana e che sia <strong>Utente attivo dell'app Tut Tut<\/strong> (aver effettuato almeno una consegna).<\/p>\n\n\n\n<h3 class=\"wp-block-heading\">3.2. Modalit\u00e0 di Partecipazione<\/h3>\n\n\n\n<p>La partecipazione all'estrazione a premi \u00e8 riservata esclusivamente agli utenti dell'app che <strong>rispondono integralmente al sondaggio di soddisfazione<\/strong> inviato mensilmente via email dall'Organizzatore.<\/p>\n\n\n\n<ol start=\"1\" class=\"wp-block-list\">\n<li>Ogni mese, un gruppo casuale di utenti dell'app Tut Tut riceve un'email dall'Organizzatore.<\/li>\n\n\n\n<li>Questa email contiene un link univoco che porta al sondaggio di soddisfazione del mese.<\/li>\n\n\n\n<li>Per partecipare all'estrazione, l'utente deve <strong>clicca sul link e invia una risposta completa<\/strong> al sondaggio durante il Periodo Mensile in corso.<\/li>\n\n\n\n<li>\u00c8 ammessa una sola partecipazione per utente al mese (una sola risposta completa al sondaggio).<\/li>\n<\/ol>\n\n\n\n<p>Qualsiasi partecipazione incompleta, illeggibile o effettuata al di fuori del Periodo Mensile sar\u00e0 considerata nulla.<\/p>\n\n\n\n<h2 class=\"wp-block-heading\">Articolo 4: Dotazione<\/h2>\n\n\n\n<p>Ogni periodo mensile, verr\u00e0 estratto un solo vincitore.<\/p>\n\n\n\n<ul class=\"wp-block-list\">\n<li><strong>Posta in gioco:<\/strong> <strong>Una Carta Regalo del valore di Venti Euro (20\u20ac)<\/strong>, valido presso un rivenditore o una piattaforma scelti dall'Organizzatore (esempi: Amazon, Fnac, catena di grande distribuzione, ecc.).<\/li>\n<\/ul>\n\n\n\n<p>Il premio non \u00e8 cedibile, n\u00e9 scambiabile con il suo valore monetario o con qualsiasi altro premio. L'Organizzatore si riserva il diritto di sostituire il premio con un premio di natura e valore equivalenti in caso di indisponibilit\u00e0, senza che possa essere avanzata alcuna pretesa al riguardo.<\/p>\n\n\n\n<h2 class=\"wp-block-heading\">Articolo 5: Designazione del Vincitore<\/h2>\n\n\n\n<h3 class=\"wp-block-heading\">5.1. Il Sorteggio<\/h3>\n\n\n\n<p>Il sorteggio viene effettuato elettronicamente e in modo casuale <strong>entro 7 giorni lavorativi dalla fine di ogni Periodo Mensile<\/strong>, tra l'elenco di tutti gli utenti che hanno risposto integralmente al sondaggio durante il Periodo Mensile di riferimento.<\/p>\n\n\n\n<h3 class=\"wp-block-heading\">5.2. Annuncio e Consegna del Lotto<\/h3>\n\n\n\n<ol start=\"1\" class=\"wp-block-list\">\n<li>Il vincitore sar\u00e0 contattato <strong>via e-mail<\/strong> all'indirizzo utilizzato per ricevere il sondaggio.<\/li>\n\n\n\n<li>Il vincitore avr\u00e0 <strong>7 giorni lavorativi<\/strong> a partire dalla data di invio di questa e-mail per confermare la propria identit\u00e0 e accettare il proprio lotto rispondendo all\u2019e-mail.<\/li>\n\n\n\n<li>Se il vincitore non si manifesta entro tale termine, sar\u00e0 considerato come se avesse rinunciato al suo premio. L'Organizzatore proceder\u00e0 quindi a un nuovo sorteggio per designare un vincitore supplente.<\/li>\n\n\n\n<li>La lotto sar\u00e0 inviato via email (per la carta regalo dematerializzata) entro un massimo di <strong>30 giorni<\/strong> dopo la conferma del vincitore.<\/li>\n<\/ol>\n\n\n\n<h2 class=\"wp-block-heading\">Articolo 6: Protezione dei Dati Personali<\/h2>\n\n\n\n<p>Le informazioni raccolte tramite il sondaggio e la partecipazione al Gioco sono trattate nel rispetto del Regolamento Generale sulla Protezione dei Dati (RGPD) e della politica sulla privacy di Tut Tut. I dati raccolti servono esclusivamente all'organizzazione del Gioco, alla designazione del vincitore e all'invio del premio.<\/p>\n\n\n\n<h2 class=\"wp-block-heading\">Articolo 7: Modifiche al Regolamento<\/h2>\n\n\n\n<p>L'Organizzatore si riserva il diritto di abbreviare, prolungare, modificare o annullare il Gioco in caso di forza maggiore o di eventi indipendenti dalla sua volont\u00e0, senza preavviso e senza che la sua responsabilit\u00e0 possa essere impegnata per questo. Qualsiasi modifica sar\u00e0 notificata sul sito web di Tut Tut.<\/p>\n\n\n\n<hr class=\"wp-block-separator has-alpha-channel-opacity\"\/>","protected":false},"excerpt":{"rendered":"<p>Articolo 1: Organizzazione La societ\u00e0 CLV Tut Tut (di seguito denominata \u00abOrganizzatore\u00bb) organizza un concorso gratuito e senza obbligo di acquisto intitolato \u00abEstrazione Mensile di Soddisfazione Tut Tut\u00bb (di seguito denominato \u00abGioco\u00bb), secondo le modalit\u00e0 descritte nel presente regolamento. Articolo 2: Durata del Gioco Il Gioco [\u2026]<\/p>","protected":false},"author":5,"featured_media":0,"parent":0,"menu_order":0,"comment_status":"closed","ping_status":"closed","template":"","meta":{"content-type":"","footnotes":"","_links_to":"","_links_to_target":""},"class_list":["post-28773","page","type-page","status-publish","hentry"],"yoast_head":"<!-- This site is optimized with the Yoast SEO plugin v25.6 - https:\/\/yoast.com\/wordpress\/plugins\/seo\/ -->\n<title>R\u00e8glement - Tirage au Sort Mensuel Satisfaction 2025 | Tut Tut<\/title>\n<meta name=\"robots\" content=\"index, nofollow, max-snippet:-1, max-image-preview:large, max-video-preview:-1\" \/>\n<link rel=\"canonical\" href=\"https:\/\/www.tut-tut.com\/it\/regolamento-estrazione-mensile-soddisfazione-2025\/\" \/>\n<meta property=\"og:locale\" content=\"it_IT\" \/>\n<meta property=\"og:type\" content=\"article\" \/>\n<meta property=\"og:title\" content=\"R\u00e8glement - Tirage au Sort Mensuel Satisfaction 2025 | Tut Tut\" \/>\n<meta property=\"og:description\" content=\"Article 1 : Organisation La soci\u00e9t\u00e9 CLV Tut Tut (ci-apr\u00e8s d\u00e9sign\u00e9e \u00ab l&rsquo;Organisateur \u00bb) organise un jeu-concours gratuit et sans obligation d&rsquo;achat intitul\u00e9 \u00ab Tirage au Sort Mensuel de Satisfaction Tut Tut \u00bb (ci-apr\u00e8s d\u00e9sign\u00e9 \u00ab le Jeu \u00bb), selon les modalit\u00e9s d\u00e9crites dans le pr\u00e9sent r\u00e8glement. Article 2 : Dur\u00e9e du Jeu Le Jeu [&hellip;]\" \/>\n<meta property=\"og:url\" content=\"https:\/\/www.tut-tut.com\/it\/regolamento-estrazione-mensile-soddisfazione-2025\/\" \/>\n<meta property=\"og:site_name\" content=\"Tut Tut\" \/>\n<meta property=\"article:publisher\" content=\"https:\/\/www.facebook.com\/Tuttutfrance\/?locale=fr_FR\" \/>\n<meta property=\"article:modified_time\" content=\"2025-11-20T12:59:25+00:00\" \/>\n<meta name=\"twitter:card\" content=\"summary_large_image\" \/>\n<meta name=\"twitter:label1\" content=\"Est. reading time\" \/>\n\t<meta name=\"twitter:data1\" content=\"4 minuti\" \/>\n<script type=\"application\/ld+json\" class=\"yoast-schema-graph\">{\"@context\":\"https:\/\/schema.org\",\"@graph\":[{\"@type\":\"WebPage\",\"@id\":\"https:\/\/www.tut-tut.com\/reglement-tirage-au-sort-mensuel-satisfaction-2025\/\",\"url\":\"https:\/\/www.tut-tut.com\/reglement-tirage-au-sort-mensuel-satisfaction-2025\/\",\"name\":\"R\u00e8glement - Tirage au Sort Mensuel Satisfaction 2025 | Tut Tut\",\"isPartOf\":{\"@id\":\"https:\/\/www.tut-tut.com\/#website\"},\"datePublished\":\"2025-11-20T12:59:22+00:00\",\"dateModified\":\"2025-11-20T12:59:25+00:00\",\"breadcrumb\":{\"@id\":\"https:\/\/www.tut-tut.com\/reglement-tirage-au-sort-mensuel-satisfaction-2025\/#breadcrumb\"},\"inLanguage\":\"it-IT\",\"potentialAction\":[{\"@type\":\"ReadAction\",\"target\":[\"https:\/\/www.tut-tut.com\/reglement-tirage-au-sort-mensuel-satisfaction-2025\/\"]}]},{\"@type\":\"BreadcrumbList\",\"@id\":\"https:\/\/www.tut-tut.com\/reglement-tirage-au-sort-mensuel-satisfaction-2025\/#breadcrumb\",\"itemListElement\":[{\"@type\":\"ListItem\",\"position\":1,\"name\":\"Accueil\",\"item\":\"https:\/\/www.tut-tut.com\/\"},{\"@type\":\"ListItem\",\"position\":2,\"name\":\"R\u00e8glement &#8211; Tirage au Sort Mensuel Satisfaction 2025\"}]},{\"@type\":\"WebSite\",\"@id\":\"https:\/\/www.tut-tut.com\/#website\",\"url\":\"https:\/\/www.tut-tut.com\/\",\"name\":\"Tut Tut\",\"description\":\"\",\"publisher\":{\"@id\":\"https:\/\/www.tut-tut.com\/#organization\"},\"potentialAction\":[{\"@type\":\"SearchAction\",\"target\":{\"@type\":\"EntryPoint\",\"urlTemplate\":\"https:\/\/www.tut-tut.com\/?s={search_term_string}\"},\"query-input\":{\"@type\":\"PropertyValueSpecification\",\"valueRequired\":true,\"valueName\":\"search_term_string\"}}],\"inLanguage\":\"it-IT\"},{\"@type\":\"Organization\",\"@id\":\"https:\/\/www.tut-tut.com\/#organization\",\"name\":\"Tut Tut\",\"url\":\"https:\/\/www.tut-tut.com\/\",\"logo\":{\"@type\":\"ImageObject\",\"inLanguage\":\"it-IT\",\"@id\":\"https:\/\/www.tut-tut.com\/#\/schema\/logo\/image\/\",\"url\":\"https:\/\/www.tut-tut.com\/wp-content\/uploads\/2025\/02\/Logo-2.png\",\"contentUrl\":\"https:\/\/www.tut-tut.com\/wp-content\/uploads\/2025\/02\/Logo-2.png\",\"width\":1004,\"height\":201,\"caption\":\"Tut Tut\"},\"image\":{\"@id\":\"https:\/\/www.tut-tut.com\/#\/schema\/logo\/image\/\"},\"sameAs\":[\"https:\/\/www.facebook.com\/Tuttutfrance\/?locale=fr_FR\",\"https:\/\/www.instagram.com\/tuttutfrance\/\",\"https:\/\/www.tiktok.com\/@tuttutfrance\",\"https:\/\/www.youtube.com\/channel\/UCGempjRWiZ5uWmByctmMtiw\",\"https:\/\/www.linkedin.com\/company\/tut-tut-france\/posts\/?feedView=all\"]}]}<\/script>\n<!-- \/ Yoast SEO plugin. -->","yoast_head_json":{"title":"Regolamento - Lotteria Mensile Soddisfazione 2025 | Tut Tut","robots":{"index":"index","follow":"nofollow","max-snippet":"max-snippet:-1","max-image-preview":"max-image-preview:large","max-video-preview":"max-video-preview:-1"},"canonical":"https:\/\/www.tut-tut.com\/it\/regolamento-estrazione-mensile-soddisfazione-2025\/","og_locale":"it_IT","og_type":"article","og_title":"R\u00e8glement - Tirage au Sort Mensuel Satisfaction 2025 | Tut Tut","og_description":"Article 1 : Organisation La soci\u00e9t\u00e9 CLV Tut Tut (ci-apr\u00e8s d\u00e9sign\u00e9e \u00ab l&rsquo;Organisateur \u00bb) organise un jeu-concours gratuit et sans obligation d&rsquo;achat intitul\u00e9 \u00ab Tirage au Sort Mensuel de Satisfaction Tut Tut \u00bb (ci-apr\u00e8s d\u00e9sign\u00e9 \u00ab le Jeu \u00bb), selon les modalit\u00e9s d\u00e9crites dans le pr\u00e9sent r\u00e8glement. Article 2 : Dur\u00e9e du Jeu Le Jeu [&hellip;]","og_url":"https:\/\/www.tut-tut.com\/it\/regolamento-estrazione-mensile-soddisfazione-2025\/","og_site_name":"Tut Tut","article_publisher":"https:\/\/www.facebook.com\/Tuttutfrance\/?locale=fr_FR","article_modified_time":"2025-11-20T12:59:25+00:00","twitter_card":"summary_large_image","twitter_misc":{"Est. reading time":"4 minuti"},"schema":{"@context":"https:\/\/schema.org","@graph":[{"@type":"WebPage","@id":"https:\/\/www.tut-tut.com\/reglement-tirage-au-sort-mensuel-satisfaction-2025\/","url":"https:\/\/www.tut-tut.com\/reglement-tirage-au-sort-mensuel-satisfaction-2025\/","name":"Regolamento - Lotteria Mensile Soddisfazione 2025 | Tut Tut","isPartOf":{"@id":"https:\/\/www.tut-tut.com\/#website"},"datePublished":"2025-11-20T12:59:22+00:00","dateModified":"2025-11-20T12:59:25+00:00","breadcrumb":{"@id":"https:\/\/www.tut-tut.com\/reglement-tirage-au-sort-mensuel-satisfaction-2025\/#breadcrumb"},"inLanguage":"it-IT","potentialAction":[{"@type":"ReadAction","target":["https:\/\/www.tut-tut.com\/reglement-tirage-au-sort-mensuel-satisfaction-2025\/"]}]},{"@type":"BreadcrumbList","@id":"https:\/\/www.tut-tut.com\/reglement-tirage-au-sort-mensuel-satisfaction-2025\/#breadcrumb","itemListElement":[{"@type":"ListItem","position":1,"name":"Accueil","item":"https:\/\/www.tut-tut.com\/"},{"@type":"ListItem","position":2,"name":"R\u00e8glement &#8211; Tirage au Sort Mensuel Satisfaction 2025"}]},{"@type":"WebSite","@id":"https:\/\/www.tut-tut.com\/#website","url":"https:\/\/www.tut-tut.com\/","name":"Tut tut","description":"","publisher":{"@id":"https:\/\/www.tut-tut.com\/#organization"},"potentialAction":[{"@type":"SearchAction","target":{"@type":"EntryPoint","urlTemplate":"https:\/\/www.tut-tut.com\/?s={search_term_string}"},"query-input":{"@type":"PropertyValueSpecification","valueRequired":true,"valueName":"search_term_string"}}],"inLanguage":"it-IT"},{"@type":"Organization","@id":"https:\/\/www.tut-tut.com\/#organization","name":"Tut tut","url":"https:\/\/www.tut-tut.com\/","logo":{"@type":"ImageObject","inLanguage":"it-IT","@id":"https:\/\/www.tut-tut.com\/#\/schema\/logo\/image\/","url":"https:\/\/www.tut-tut.com\/wp-content\/uploads\/2025\/02\/Logo-2.png","contentUrl":"https:\/\/www.tut-tut.com\/wp-content\/uploads\/2025\/02\/Logo-2.png","width":1004,"height":201,"caption":"Tut Tut"},"image":{"@id":"https:\/\/www.tut-tut.com\/#\/schema\/logo\/image\/"},"sameAs":["https:\/\/www.facebook.com\/Tuttutfrance\/?locale=fr_FR","https:\/\/www.instagram.com\/tuttutfrance\/","https:\/\/www.tiktok.com\/@tuttutfrance","https:\/\/www.youtube.com\/channel\/UCGempjRWiZ5uWmByctmMtiw","https:\/\/www.linkedin.com\/company\/tut-tut-france\/posts\/?feedView=all"]}]}},"_links":{"self":[{"href":"https:\/\/www.tut-tut.com\/it\/wp-json\/wp\/v2\/pages\/28773"}],"collection":[{"href":"https:\/\/www.tut-tut.com\/it\/wp-json\/wp\/v2\/pages"}],"about":[{"href":"https:\/\/www.tut-tut.com\/it\/wp-json\/wp\/v2\/types\/page"}],"author":[{"embeddable":true,"href":"https:\/\/www.tut-tut.com\/it\/wp-json\/wp\/v2\/users\/5"}],"replies":[{"embeddable":true,"href":"https:\/\/www.tut-tut.com\/it\/wp-json\/wp\/v2\/comments?post=28773"}],"version-history":[{"count":2,"href":"https:\/\/www.tut-tut.com\/it\/wp-json\/wp\/v2\/pages\/28773\/revisions"}],"predecessor-version":[{"id":28778,"href":"https:\/\/www.tut-tut.com\/it\/wp-json\/wp\/v2\/pages\/28773\/revisions\/28778"}],"wp:attachment":[{"href":"https:\/\/www.tut-tut.com\/it\/wp-json\/wp\/v2\/media?parent=28773"}],"curies":[{"name":"wp","href":"https:\/\/api.w.org\/{rel}","templated":true}]}}