{"id":28062,"date":"2025-03-13T10:14:41","date_gmt":"2025-03-13T09:14:41","guid":{"rendered":"https:\/\/www.tut-tut.com\/?page_id=28062"},"modified":"2025-03-31T14:33:23","modified_gmt":"2025-03-31T12:33:23","slug":"carta-dati-personali","status":"publish","type":"page","link":"https:\/\/www.tut-tut.com\/it\/carta-dati-personali\/","title":{"rendered":"Carta dei dati personali"},"content":{"rendered":"<div data-elementor-type=\"wp-page\" data-elementor-id=\"28062\" class=\"elementor elementor-28062\" data-elementor-post-type=\"page\">\n\t\t\t\t<div class=\"elementor-element elementor-element-50318a5 e-flex e-con-boxed e-con e-parent\" data-id=\"50318a5\" data-element_type=\"container\" data-settings=\"{&quot;background_background&quot;:&quot;gradient&quot;}\">\n\t\t\t\t\t<div class=\"e-con-inner\">\n\t\t<div class=\"elementor-element elementor-element-124a033 e-con-full e-flex e-con e-child\" data-id=\"124a033\" data-element_type=\"container\">\n\t\t<div class=\"elementor-element elementor-element-1cbd54b e-flex e-con-boxed e-con e-child\" data-id=\"1cbd54b\" data-element_type=\"container\">\n\t\t\t\t\t<div class=\"e-con-inner\">\n\t\t\t\t<div class=\"elementor-element elementor-element-1784f23 elementor-widget elementor-widget-heading\" data-id=\"1784f23\" data-element_type=\"widget\" data-widget_type=\"heading.default\">\n\t\t\t\t<div class=\"elementor-widget-container\">\n\t\t\t\t\t<h1 class=\"elementor-heading-title elementor-size-default\">Carta dei dati personali<\/h1>\t\t\t\t<\/div>\n\t\t\t\t<\/div>\n\t\t\t\t\t<\/div>\n\t\t\t\t<\/div>\n\t\t\t\t<\/div>\n\t\t\t\t\t<\/div>\n\t\t\t\t<\/div>\n\t\t<div class=\"elementor-element elementor-element-43f12b2 e-flex e-con-boxed e-con e-parent\" data-id=\"43f12b2\" data-element_type=\"container\">\n\t\t\t\t\t<div class=\"e-con-inner\">\n\t\t\t\t<div class=\"elementor-element elementor-element-3c35a2f elementor-widget elementor-widget-text-editor\" data-id=\"3c35a2f\" data-element_type=\"widget\" data-widget_type=\"text-editor.default\">\n\t\t\t\t<div class=\"elementor-widget-container\">\n\t\t\t\t\t\t\t\t\t<h2><strong>Parti e Consenso<\/strong><\/h2><p>Tut tut attribuisce un'importanza fondamentale alla protezione dei Dati Personali degli utenti presenti sulla sua piattaforma.<\/p><h3><strong>Il sito<\/strong><\/h3><p>Il Sito www.tut-tut.com (di seguito \u00abSito\u00bb) \u00e8 edito dalla societ\u00e0 CLV.<br \/>La societ\u00e0 CLV \u00e8 un'azienda a responsabilit\u00e0 limitata semplificata con un unico socio e un capitale di 66.729,00 \u20ac. La sua sede legale si trova in 114 route des R\u00e9mouleurs, 84000 AVIGNON. La SAS CLV \u00e8 registrata presso il RCS di Avignone con il numero 887 681 591.<\/p><h3><strong>Responsabile del trattamento<\/strong><\/h3><p>La societ\u00e0 CLV \u00e8 il titolare del trattamento ai sensi del Regolamento Generale sulla Protezione dei Dati (GDPR), in materia di raccolta e trattamento dei dati personali.<\/p><h3><strong>L'utente<\/strong><\/h3><p>L'Utente dichiara di avere la capacit\u00e0 e le autorizzazioni necessarie per dare il proprio consenso. La categoria di persone interessate dalla raccolta e dal trattamento dei Dati personali da parte della societ\u00e0 CLV sono gli Utenti del Sito www.tut-tut.com.<\/p><h3><strong>Modalit\u00e0 del consenso digitale<\/strong><\/h3><p>L'utente dichiara di acconsentire e di essere pienamente informato sul trattamento dei propri Dati Personali per le finalit\u00e0 di seguito indicate. Tale consenso sar\u00e0 raccolto al momento della creazione di un account sul Sito o sull'applicazione, o al momento dell'invio dei diversi moduli accessibili sul Sito, selezionando l'apposita casella. In tal modo, l'Utente dichiara di accettare senza riserve la presente Carta dei Dati Personali prima di poter accedere ai Servizi del Sito.<br \/>Il consenso pu\u00f2 essere revocato in qualsiasi momento. Se l'Utente rifiuta la presente Carta, non potr\u00e0 accedere ai servizi offerti dalla piattaforma Tut-Tut.<\/p><p>\u00a0<\/p><h2><strong>Oggetto<\/strong><\/h2><p>Con la presente Carta, la societ\u00e0 CLV fornisce tutte le informazioni legali obbligatorie per gli Utenti della piattaforma, riguardanti la protezione dei loro dati personali e della loro privacy.<br \/>La societ\u00e0 CLV mette a disposizione questo Statuto nel rispetto della normativa vigente, in particolare del Regolamento Generale sulla Protezione dei Dati del 14 aprile 2016, noto come \u00abRGPD\u00bb, e della legge \u00abInformatica e Libert\u00e0\u00bb n. 78-17 del 6 gennaio 1978 modificata, nonch\u00e9 della legge \u00abper la fiducia nell'economia digitale\u00bb n. 2004-575 del 21 giugno 2004.<\/p><h2><strong>Definizioni<\/strong><\/h2><p>\u00ab <strong>Commerciante<\/strong> \u00bb : designa un professionista che si \u00e8 registrato sul Sito nella categoria Commerciante al fine di beneficiare del servizio di messa in contatto con un Corriere e assicurare a suo vantaggio la consegna di uno o pi\u00f9 Pacchi nell'ambito della sua attivit\u00e0 commerciale.<\/p><p>\u00ab <strong>Conto<\/strong> \u00bb : designa l'account da creare sul Sito durante la sua Registrazione da parte di qualsiasi Utente.<\/p><p>\u00ab <strong>Corso<\/strong> \u00bb : designa il trasporto di un Pacco effettuato da un corriere.<\/p><p>\u00ab <strong>Corriere<\/strong> \u00bb : designa una persona fisica che si \u00e8 registrata sul Sito nella categoria Corriere al fine di beneficiare del servizio di messa in contatto con un Mittente e assicurare a suo vantaggio la consegna di uno o pi\u00f9 Pacchi in occasione di uno spostamento a titolo privato per proprio conto.<\/p><p>\u00ab <strong>Dato personale<\/strong> \u00bb o \u00ab <strong>Dati personali<\/strong> \u00bb : designa qualsiasi informazione riguardante una persona fisica identificata o identificabile.<\/p><p>\u00ab <strong>Mittente<\/strong> \u00bb : d\u00e9signe une personne, particulier ou professionnel, ou encore une soci\u00e9t\u00e9, ayant proc\u00e9d\u00e9 \u00e0 son Inscription sur le Site dans la cat\u00e9gorie Exp\u00e9diteur afin de b\u00e9n\u00e9ficier du service de mise en relation avec un Coursier ou d\u2019un Transporteur aux fins de livraison, par ce dernier, d\u2019un ou plusieurs colis.\n\n\u00bb : indica una persona, privata o professionale, o una societ\u00e0, che si \u00e8 registrata sul Sito nella categoria Spedizioniere al fine di beneficiare del servizio di messa in contatto con un Corriere o un Trasportatore per la consegna, da parte di quest'ultimo, di uno o pi\u00f9 pacchi.<\/p><p>\u00ab<strong> Fattorino<\/strong> \u00bb : raggruppa Corrieri e Trasportatori.<\/p><p>\u00ab <strong>Sito<\/strong> \u00bb : d\u00e9sire la plateforme de mise en relation accessible sur le site web www.tut-tut.com et\/ou sur une des applications mobiles (notamment iOS et Android).<\/p><p>\u00ab <strong>Trasportatori<\/strong> \u00bb : designa un trasportatore professionale che si \u00e8 registrato sul Sito nella categoria Trasportatore al fine di beneficiare del servizio di messa in contatto con un Mittente e assicurare a suo beneficio la consegna di uno o pi\u00f9 pacchi.<\/p><p>\u00ab <strong>Utente<\/strong> \u00bb : d\u00e9signe un Exp\u00e9diteur, un Coursier, un Transporteur ou toute personne utilisant le Site m\u00eame non titulaire d\u2019un Compte.<\/p><p>\u00a0<\/p><h2><strong>Raccolta e trattamento dei dati personali<\/strong><\/h2><h3><strong>Basi legali<\/strong><\/h3><p>La raccolta e il trattamento dei Dati degli Utenti di Tut-Tut avvengono in base a basi legali definite:<\/p><ul><li>L'esecuzione del contratto<\/li><li>Il consenso<\/li><li>L'interesse legittimo<\/li><li>Riippumatta siit\u00e4, kuinka monta kertaa n\u00e4en t\u00e4m\u00e4n, olen aina huolissani. Mit\u00e4 meid\u00e4n pit\u00e4isi tehd\u00e4?<\/li><\/ul><h3><strong>Modalit\u00e0 di raccolta<\/strong><\/h3><p>I dati vengono raccolti ed elaborati dal modulo di creazione dell'account, utilizzando i Dati Personali inviati per la conferma dell'account (in particolare i documenti giustificativi richiesti da Tut-Tut), e tramite i Dati Personali trasmessi a Tut-Tut dal tuo account Tut-Tut o tramite servizi di terze parti.<\/p><p>\u00a0<\/p><h3><strong>Finalit\u00e0 della raccolta<\/strong><\/h3><p>Tut Tut elabora i tuoi Dati Personali per proporti il suo servizio di messa in contatto, ci\u00f2 comprende finalit\u00e0 ben precise:<\/p><ul><li>La gestione del tuo account sulla piattaforma<\/li><li>La fornitura del servizio di messa in relazione per una Corsa<\/li><li>Il pagamento per l'esecuzione di una Corsa<\/li><li>La gestione della relazione con il cliente<\/li><\/ul><h3><strong>Categorie di Dati<\/strong><\/h3><p>Personale trattato<br \/>Per raggiungere gli scopi sopra esposti, Tut Tut tratta specificamente alcuni dei tuoi Dati.<\/p><p>\u00a0<\/p><h3><strong>Dati dei mittenti<\/strong><\/h3><p>I Dati trattati dei Mittenti sono:<\/p><ul><li>Dati relativi alla tua identificazione: Nome, Cognome, Indirizzo completo, E-mail, Numero di telefono.<\/li><li>Carta d'identit\u00e0\u00a0<\/li><li>Dati finanziari: coordinate IBAN<\/li><li>Coordinate di geolocalizzazione<\/li><li>Dati relativi all'esecuzione del servizio<\/li><li>Dati di accesso all'account e all'app<\/li><\/ul><h3><strong>Dati dei corrieri<\/strong><\/h3><p>I Dati trattati dei Corrieri sono:<\/p><ul><li>Dati relativi alla tua identificazione: Nome, Cognome, Indirizzo completo, E-mail, Numero di telefono.<\/li><li>Il mezzo di trasporto<br \/>Gli spostamenti previsti e i diversi criteri relativi.<\/li><li>Documenti ufficiali come la patente, l'assicurazione di responsabilit\u00e0 civile, il libretto di circolazione.<br \/>La tua carta d'identit\u00e0 nazionale.<\/li><li>Dati finanziari: coordinate IBAN<\/li><li>Coordinate di geolocalizzazione<\/li><li>Dati relativi all'esecuzione del servizio<\/li><li>Dati di accesso all'account e all'app<\/li><\/ul><h3><strong>Dati dei trasportatori<\/strong><\/h3><p>Per i Trasportatori, si aggiungono (oltre alla raccolta degli stessi Dati dei Corrieri):<\/p><ul><li>Un estratto Kbis di meno di 3 mesi<\/li><li>Gli statuti in vigore<\/li><li>La dichiarazione dei beneficiari effettivi<\/li><li>Il documento d'identit\u00e0 del dirigente.<\/li><\/ul><h3><strong>Dati dei commercianti<\/strong><\/h3><p>Se sei un commerciante, raccogliamo:<\/p><ul><li>Dati relativi alla tua identificazione: Nome, Cognome, Citt\u00e0, Email, Numero di telefono.<\/li><li>Dati relativi alla tua azienda: nome dell'azienda<\/li><li>Dati finanziari: coordinate IBAN<\/li><li>Dati relativi all'esecuzione del servizio<\/li><li>Dati di accesso all'account e all'app<\/li><\/ul><h3><strong>Dati raccolti da terzi<\/strong><\/h3><p>Iscrivendosi alla piattaforma Tut Tut tramite servizi terzi, si consente a quest'ultimo di comunicarci i Dati Personali necessari per la creazione del proprio account, quali nome, cognome, indirizzo, et\u00e0 ed e-mail.<\/p><p>\u00a0<\/p><h2><strong>Archiviazione dei dati<\/strong><\/h2><h3><strong>Durata di conservazione dei dati<\/strong><\/h3><p>I Dati Personali sono trattati per una durata massima di tre (3) anni a decorrere dall'ultimo accesso all'Account Tut Tut o dalla cancellazione dell'Account (sia che venga eliminato per mancato rispetto delle CGU o eliminato su richiesta dell'Utente).<\/p><p>\u00a0<\/p><h3><strong>Trasferimento dati<\/strong><\/h3><p>La societ\u00e0 CLV non rivende i tuoi dati a nessun terzo. Sono utilizzati nel rigoroso rispetto delle finalit\u00e0 e secondo le modalit\u00e0 a cui hai acconsentito. Solo le persone autorizzate nell'ambito del buon funzionamento del servizio e i subappaltatori avranno accesso ai tuoi dati personali.<br \/>Pertanto, un trasferimento di tali Dati pu\u00f2 avvenire nell'ambito dei nostri rapporti di subappalto. La societ\u00e0 CLV \u00e8 quindi chiamata a trasferire i tuoi Dati Personali ai propri subappaltatori che sono:<\/p><ul><li>Il servizio di pagamento Stripe (stripe.com\/fr\/privacy)<\/li><li>Il servizio editoriale del software di gestione delle relazioni con i clienti SendinBlue<\/li><\/ul><h3><strong>Registrazione al servizio del Fornitore di pagamenti<\/strong><\/h3><p>Nell'ambito del completamento dei pagamenti, l'Utente, creando un account, fornisce dei Dati in parallelo al fornitore Stripe che subappalter\u00e0 alcuni Dati. Questi Dati hanno lo scopo di consentire lo sblocco della somma e il suo trasferimento dall'Mittente al Corridore dopo la chiusura della Corsa.<br \/>Pertanto, utilizzando il Sito e avvalendosi dei servizi di pagamento di Stripe, gli Utenti si impegnano a leggere e accettare il contratto quadro di servizi di pagamento di Stripe.<br \/>Dal canto suo, Stripe utilizza il protocollo SSL (Secure Socket Layer) per crittografare i dati delle carte di credito. Nessun numero di carta di credito viene quindi memorizzato sui server informatici di Tut Tut.<\/p><p>\u00a0<\/p><h3><strong>Luogo di stoccaggio e sicurezza<\/strong><\/h3><p>I dati personali raccolti sono ospitati dalla societ\u00e0 HELIOS INFORMATIQUE.<br \/>La HELIOS INFORMATIQUE, societ\u00e0 per azioni semplificata con capitale di 333.200,00 \u20ac, registrata presso il RCS di Orl\u00e9ans al numero 334 097 862 e con sede legale in 23 RUE BERNARD PALISSY, 45800 SAINT-JEAN-DE-BRAYE Francia. Questo sito \u00e8 accessibile al seguente indirizzo: https:\/\/www.helios.fr\/.<br \/>La soci\u00e9t\u00e9 CLV mette in atto misure di sicurezza fisiche, logiche, tecniche e organizzative per proteggere i dati personali degli Utenti, in particolare attraverso l'archiviazione, l'implementazione di misure di protezione del software e la crittografia dei dati personali, al fine di garantire la riservatezza, l'integrit\u00e0 e la conservazione dei dati ed evitare qualsiasi accesso non autorizzato.<br \/>Il titolare del trattamento si impegna, in caso di violazione dei dati, a notificarlo, non appena ne avr\u00e0 conoscenza, alle autorit\u00e0 competenti.<br \/>In caso di violazione dei dati personali, il titolare del trattamento ne informer\u00e0 l'Utente nel pi\u00f9 breve tempo possibile con le informazioni necessarie ai sensi dell'articolo 33 del GDPR via email.<\/p><p>\u00a0<\/p><h2><strong>I tuoi diritti<\/strong><\/h2><p>Il GDPR ti offre una serie di diritti per mantenere il controllo sui tuoi Dati Personali. Pertanto, puoi accedere ai dati che ti riguardano, rettificarli, richiederne la cancellazione o esercitare il tuo diritto alla limitazione del trattamento dei tuoi dati. Hai anche il diritto di:<\/p><ul><li>Alla portabilit\u00e0 dei tuoi dati; ;<\/li><li>Di revocare il consenso in qualsiasi momento; ;<\/li><li>D'opposizione<\/li><\/ul><p>Qualsiasi richiesta di esercizio dei diritti, in particolare del diritto di accesso, sar\u00e0 trattata entro il termine legale vigente (un (1) mese). Le richieste troppo complesse o manifestamente abusive potranno richiedere il pagamento di una somma corrispondente ai costi amministrativi e tecnici di messa a disposizione dei Dati.<br \/>Per maggiori informazioni o per presentare un reclamo, visitate il sito www.Cnil.fr.<\/p><p>\u00a0<\/p><h2><strong>Aggiornamento<\/strong><\/h2><p>La societ\u00e0 CLV \u00e8 suscettibile di modificare in qualsiasi momento la sua Carta dei Dati Personali. In tale ipotesi, l'ultima versione della Carta sar\u00e0 quella che prevarr\u00e0. La societ\u00e0 CLV invita pertanto gli Utenti a consultare regolarmente gli aggiornamenti della Carta.<\/p><p>\u00a0<\/p><h2><strong>Controversie<\/strong><\/h2><p>In conformit\u00e0 con la normativa applicabile, in caso di fallimento di qualsiasi tentativo amichevole riguardante i dati personali che la societ\u00e0 CLV raccoglie e tratta sui propri Venditori, l'organismo competente per far valere i propri diritti \u00e8 la Commission Nationale de l'Informatique et des Libert\u00e9s (CNIL) in Francia. In caso di richiesta di risarcimento, saranno competenti i Tribunali del circondario di Avignone.<\/p><p>Data ultimo aggiornamento: 31\/03\/2025<\/p>\t\t\t\t\t\t\t\t<\/div>\n\t\t\t\t<\/div>\n\t\t\t\t\t<\/div>\n\t\t\t\t<\/div>\n\t\t\t\t<\/div>","protected":false},"excerpt":{"rendered":"<p>Charte des donn\u00e9es personnelles Parties et Consentement Tut tut accorde une importance toute particuli\u00e8re \u00e0 la protection des Donn\u00e9es Personnelles des utilisateurs pr\u00e9sents sur sa plateforme. Le Site Le Site www.tut-tut.com (d\u00e9sign\u00e9 par le \u00ab Site \u00bb) est \u00e9dit\u00e9 par la soci\u00e9t\u00e9 CLV.La soci\u00e9t\u00e9 CLV est une soci\u00e9t\u00e9 par actions simplifi\u00e9e \u00e0 associ\u00e9 unique au [&hellip;]<\/p>","protected":false},"author":1,"featured_media":0,"parent":0,"menu_order":0,"comment_status":"closed","ping_status":"closed","template":"","meta":{"content-type":"","footnotes":"","_links_to":"","_links_to_target":""},"class_list":["post-28062","page","type-page","status-publish","hentry"],"yoast_head":"<!-- This site is optimized with the Yoast SEO plugin v25.6 - https:\/\/yoast.com\/wordpress\/plugins\/seo\/ -->\n<title>Conditions G\u00e9n\u00e9rales d&#039;Utilisation | Tut Tut<\/title>\n<meta name=\"description\" content=\"D\u00e9couvrez les Conditions G\u00e9n\u00e9rales d&#039;Utilisation de notre site : droits, obligations et r\u00e8gles \u00e0 respecter pour une exp\u00e9rience s\u00e9curis\u00e9e et transparente.\" \/>\n<meta name=\"robots\" content=\"index, follow, max-snippet:-1, max-image-preview:large, max-video-preview:-1\" \/>\n<link rel=\"canonical\" href=\"https:\/\/www.tut-tut.com\/it\/carta-dati-personali\/\" \/>\n<meta property=\"og:locale\" content=\"it_IT\" \/>\n<meta property=\"og:type\" content=\"article\" \/>\n<meta property=\"og:title\" content=\"Conditions G\u00e9n\u00e9rales d&#039;Utilisation | Tut Tut\" \/>\n<meta property=\"og:description\" content=\"D\u00e9couvrez les Conditions G\u00e9n\u00e9rales d&#039;Utilisation de notre site : droits, obligations et r\u00e8gles \u00e0 respecter pour une exp\u00e9rience s\u00e9curis\u00e9e et transparente.\" \/>\n<meta property=\"og:url\" content=\"https:\/\/www.tut-tut.com\/it\/carta-dati-personali\/\" \/>\n<meta property=\"og:site_name\" content=\"Tut Tut\" \/>\n<meta property=\"article:publisher\" content=\"https:\/\/www.facebook.com\/Tuttutfrance\/?locale=fr_FR\" \/>\n<meta property=\"article:modified_time\" content=\"2025-03-31T12:33:23+00:00\" \/>\n<meta name=\"twitter:card\" content=\"summary_large_image\" \/>\n<script type=\"application\/ld+json\" class=\"yoast-schema-graph\">{\"@context\":\"https:\/\/schema.org\",\"@graph\":[{\"@type\":\"WebPage\",\"@id\":\"https:\/\/www.tut-tut.com\/charte-donnees-personnelles\/\",\"url\":\"https:\/\/www.tut-tut.com\/charte-donnees-personnelles\/\",\"name\":\"Conditions G\u00e9n\u00e9rales d'Utilisation | Tut Tut\",\"isPartOf\":{\"@id\":\"https:\/\/www.tut-tut.com\/#website\"},\"datePublished\":\"2025-03-13T09:14:41+00:00\",\"dateModified\":\"2025-03-31T12:33:23+00:00\",\"description\":\"D\u00e9couvrez les Conditions G\u00e9n\u00e9rales d'Utilisation de notre site : droits, obligations et r\u00e8gles \u00e0 respecter pour une exp\u00e9rience s\u00e9curis\u00e9e et transparente.\",\"breadcrumb\":{\"@id\":\"https:\/\/www.tut-tut.com\/charte-donnees-personnelles\/#breadcrumb\"},\"inLanguage\":\"it-IT\",\"potentialAction\":[{\"@type\":\"ReadAction\",\"target\":[\"https:\/\/www.tut-tut.com\/charte-donnees-personnelles\/\"]}]},{\"@type\":\"BreadcrumbList\",\"@id\":\"https:\/\/www.tut-tut.com\/charte-donnees-personnelles\/#breadcrumb\",\"itemListElement\":[{\"@type\":\"ListItem\",\"position\":1,\"name\":\"Accueil\",\"item\":\"https:\/\/www.tut-tut.com\/\"},{\"@type\":\"ListItem\",\"position\":2,\"name\":\"Charte des donn\u00e9es personnelles\"}]},{\"@type\":\"WebSite\",\"@id\":\"https:\/\/www.tut-tut.com\/#website\",\"url\":\"https:\/\/www.tut-tut.com\/\",\"name\":\"Tut Tut\",\"description\":\"\",\"publisher\":{\"@id\":\"https:\/\/www.tut-tut.com\/#organization\"},\"potentialAction\":[{\"@type\":\"SearchAction\",\"target\":{\"@type\":\"EntryPoint\",\"urlTemplate\":\"https:\/\/www.tut-tut.com\/?s={search_term_string}\"},\"query-input\":{\"@type\":\"PropertyValueSpecification\",\"valueRequired\":true,\"valueName\":\"search_term_string\"}}],\"inLanguage\":\"it-IT\"},{\"@type\":\"Organization\",\"@id\":\"https:\/\/www.tut-tut.com\/#organization\",\"name\":\"Tut Tut\",\"url\":\"https:\/\/www.tut-tut.com\/\",\"logo\":{\"@type\":\"ImageObject\",\"inLanguage\":\"it-IT\",\"@id\":\"https:\/\/www.tut-tut.com\/#\/schema\/logo\/image\/\",\"url\":\"https:\/\/www.tut-tut.com\/wp-content\/uploads\/2025\/02\/Logo-2.png\",\"contentUrl\":\"https:\/\/www.tut-tut.com\/wp-content\/uploads\/2025\/02\/Logo-2.png\",\"width\":1004,\"height\":201,\"caption\":\"Tut Tut\"},\"image\":{\"@id\":\"https:\/\/www.tut-tut.com\/#\/schema\/logo\/image\/\"},\"sameAs\":[\"https:\/\/www.facebook.com\/Tuttutfrance\/?locale=fr_FR\",\"https:\/\/www.instagram.com\/tuttutfrance\/\",\"https:\/\/www.tiktok.com\/@tuttutfrance\",\"https:\/\/www.youtube.com\/channel\/UCGempjRWiZ5uWmByctmMtiw\",\"https:\/\/www.linkedin.com\/company\/tut-tut-france\/posts\/?feedView=all\"]}]}<\/script>\n<!-- \/ Yoast SEO plugin. -->","yoast_head_json":{"title":"Termini e condizioni d'uso | Tut Tut","description":"Scopri i Termini e le Condizioni d'Uso del nostro sito: diritti, obblighi e regole da rispettare per un'esperienza sicura e trasparente.","robots":{"index":"index","follow":"follow","max-snippet":"max-snippet:-1","max-image-preview":"max-image-preview:large","max-video-preview":"max-video-preview:-1"},"canonical":"https:\/\/www.tut-tut.com\/it\/carta-dati-personali\/","og_locale":"it_IT","og_type":"article","og_title":"Conditions G\u00e9n\u00e9rales d'Utilisation | Tut Tut","og_description":"D\u00e9couvrez les Conditions G\u00e9n\u00e9rales d'Utilisation de notre site : droits, obligations et r\u00e8gles \u00e0 respecter pour une exp\u00e9rience s\u00e9curis\u00e9e et transparente.","og_url":"https:\/\/www.tut-tut.com\/it\/carta-dati-personali\/","og_site_name":"Tut Tut","article_publisher":"https:\/\/www.facebook.com\/Tuttutfrance\/?locale=fr_FR","article_modified_time":"2025-03-31T12:33:23+00:00","twitter_card":"summary_large_image","schema":{"@context":"https:\/\/schema.org","@graph":[{"@type":"WebPage","@id":"https:\/\/www.tut-tut.com\/charte-donnees-personnelles\/","url":"https:\/\/www.tut-tut.com\/charte-donnees-personnelles\/","name":"Termini e condizioni d'uso | Tut Tut","isPartOf":{"@id":"https:\/\/www.tut-tut.com\/#website"},"datePublished":"2025-03-13T09:14:41+00:00","dateModified":"2025-03-31T12:33:23+00:00","description":"Scopri i Termini e le Condizioni d'Uso del nostro sito: diritti, obblighi e regole da rispettare per un'esperienza sicura e trasparente.","breadcrumb":{"@id":"https:\/\/www.tut-tut.com\/charte-donnees-personnelles\/#breadcrumb"},"inLanguage":"it-IT","potentialAction":[{"@type":"ReadAction","target":["https:\/\/www.tut-tut.com\/charte-donnees-personnelles\/"]}]},{"@type":"BreadcrumbList","@id":"https:\/\/www.tut-tut.com\/charte-donnees-personnelles\/#breadcrumb","itemListElement":[{"@type":"ListItem","position":1,"name":"Accueil","item":"https:\/\/www.tut-tut.com\/"},{"@type":"ListItem","position":2,"name":"Charte des donn\u00e9es personnelles"}]},{"@type":"WebSite","@id":"https:\/\/www.tut-tut.com\/#website","url":"https:\/\/www.tut-tut.com\/","name":"Tut tut","description":"","publisher":{"@id":"https:\/\/www.tut-tut.com\/#organization"},"potentialAction":[{"@type":"SearchAction","target":{"@type":"EntryPoint","urlTemplate":"https:\/\/www.tut-tut.com\/?s={search_term_string}"},"query-input":{"@type":"PropertyValueSpecification","valueRequired":true,"valueName":"search_term_string"}}],"inLanguage":"it-IT"},{"@type":"Organization","@id":"https:\/\/www.tut-tut.com\/#organization","name":"Tut tut","url":"https:\/\/www.tut-tut.com\/","logo":{"@type":"ImageObject","inLanguage":"it-IT","@id":"https:\/\/www.tut-tut.com\/#\/schema\/logo\/image\/","url":"https:\/\/www.tut-tut.com\/wp-content\/uploads\/2025\/02\/Logo-2.png","contentUrl":"https:\/\/www.tut-tut.com\/wp-content\/uploads\/2025\/02\/Logo-2.png","width":1004,"height":201,"caption":"Tut Tut"},"image":{"@id":"https:\/\/www.tut-tut.com\/#\/schema\/logo\/image\/"},"sameAs":["https:\/\/www.facebook.com\/Tuttutfrance\/?locale=fr_FR","https:\/\/www.instagram.com\/tuttutfrance\/","https:\/\/www.tiktok.com\/@tuttutfrance","https:\/\/www.youtube.com\/channel\/UCGempjRWiZ5uWmByctmMtiw","https:\/\/www.linkedin.com\/company\/tut-tut-france\/posts\/?feedView=all"]}]}},"_links":{"self":[{"href":"https:\/\/www.tut-tut.com\/it\/wp-json\/wp\/v2\/pages\/28062"}],"collection":[{"href":"https:\/\/www.tut-tut.com\/it\/wp-json\/wp\/v2\/pages"}],"about":[{"href":"https:\/\/www.tut-tut.com\/it\/wp-json\/wp\/v2\/types\/page"}],"author":[{"embeddable":true,"href":"https:\/\/www.tut-tut.com\/it\/wp-json\/wp\/v2\/users\/1"}],"replies":[{"embeddable":true,"href":"https:\/\/www.tut-tut.com\/it\/wp-json\/wp\/v2\/comments?post=28062"}],"version-history":[{"count":7,"href":"https:\/\/www.tut-tut.com\/it\/wp-json\/wp\/v2\/pages\/28062\/revisions"}],"predecessor-version":[{"id":28180,"href":"https:\/\/www.tut-tut.com\/it\/wp-json\/wp\/v2\/pages\/28062\/revisions\/28180"}],"wp:attachment":[{"href":"https:\/\/www.tut-tut.com\/it\/wp-json\/wp\/v2\/media?parent=28062"}],"curies":[{"name":"wp","href":"https:\/\/api.w.org\/{rel}","templated":true}]}}