{"id":29011,"date":"2026-04-08T10:28:36","date_gmt":"2026-04-08T08:28:36","guid":{"rendered":"https:\/\/www.tut-tut.com\/?page_id=29011"},"modified":"2026-04-09T09:58:51","modified_gmt":"2026-04-09T07:58:51","slug":"charter-agreement","status":"publish","type":"page","link":"https:\/\/www.tut-tut.com\/en\/charter-agreement\/","title":{"rendered":""},"content":{"rendered":"<div data-elementor-type=\"wp-page\" data-elementor-id=\"29011\" class=\"elementor elementor-29011\" data-elementor-post-type=\"page\">\n\t\t\t\t<div class=\"elementor-element elementor-element-d7bb833 e-flex e-con-boxed e-con e-parent\" data-id=\"d7bb833\" data-element_type=\"container\">\n\t\t\t\t\t<div class=\"e-con-inner\">\n\t\t\t\t<div class=\"elementor-element elementor-element-9d14f8c elementor-widget elementor-widget-html\" data-id=\"9d14f8c\" data-element_type=\"widget\" data-widget_type=\"html.default\">\n\t\t\t\t<div class=\"elementor-widget-container\">\n\t\t\t\t\t  <style>\n    *,\n    *::before,\n    *::after {\n      box-sizing: border-box;\n    }\n\n    body {\n      margin: 0;\n      font-family: \"Poppins\", sans-serif;\n      background-color: #f8f4f9;\n      color: #3c1053;\n      font-size: 15px;\n      line-height: 1.45;\n      display: flex;\n      flex-direction: column;\n      min-height: 100vh;\n    }\n\n    \/* Milieu : comme sur WordPress (header app local \u2260 header Tut Tut du site) *\/\n    .charte-milieu {\n      flex: 1;\n      width: 100%;\n      display: flex;\n      flex-direction: column;\n    }\n\n    .charte-cot-outer {\n      flex: 1;\n      width: 100%;\n      background-color: #f8f4f9;\n      box-sizing: border-box;\n    }\n\n    .charte-cot {\n      max-width: 640px;\n      margin: 0 auto;\n      padding: 16px 16px 32px;\n    }\n\n    .app-header {\n      flex-shrink: 0;\n      position: sticky;\n      top: 0;\n      z-index: 10;\n      display: grid;\n      grid-template-columns: 44px 1fr 44px;\n      align-items: center;\n      padding: 12px 8px;\n      background: #fff;\n      box-shadow: 0 1px 0 rgba(60, 16, 83, 0.06);\n    }\n\n    .back-btn {\n      grid-column: 1;\n      justify-self: start;\n      width: 44px;\n      height: 44px;\n      padding: 0;\n      border: none;\n      background: transparent;\n      color: #3c1053;\n      font-size: 26px;\n      line-height: 1;\n      cursor: pointer;\n      border-radius: 10px;\n    }\n\n    .back-btn:hover {\n      background: rgba(60, 16, 83, 0.06);\n    }\n\n    a.back-btn {\n      text-decoration: none;\n      display: flex;\n      align-items: center;\n      justify-content: center;\n    }\n\n    .app-title {\n      grid-column: 2;\n      margin: 0;\n      font-size: 17px;\n      font-weight: 700;\n      text-align: center;\n      color: #3c1053;\n    }\n\n    .header-spacer {\n      grid-column: 3;\n    }\n\n    .charte-cot .intro {\n      margin: 0 0 18px;\n      color: #3c1053;\n      font-size: 15px;\n    }\n\n    .charte-cot .cards {\n      display: flex;\n      flex-direction: column;\n      gap: 12px;\n    }\n\n    .charte-cot .cards > .card {\n      display: flex;\n      align-items: center;\n      gap: 14px;\n      padding: 16px 18px;\n      background-color: #ffffff;\n      border: 1px solid rgba(60, 16, 83, 0.08);\n      border-radius: 14px;\n      box-shadow: 0 2px 12px rgba(60, 16, 83, 0.08);\n    }\n\n    .charte-cot .card-icon {\n      flex-shrink: 0;\n      width: 64px;\n      height: 64px;\n      border-radius: 50%;\n      overflow: hidden;\n      display: flex;\n      align-items: center;\n      justify-content: center;\n      background-color: #ebe4f0;\n      border: none;\n      box-shadow: none;\n    }\n\n    .charte-cot .card-icon figure {\n      margin: 0;\n      padding: 0;\n      background: transparent;\n      border: none;\n    }\n\n    .charte-cot .card-icon img {\n      width: 64px;\n      height: 64px;\n      min-width: 64px;\n      min-height: 64px;\n      display: block;\n      object-fit: cover;\n      object-position: center;\n    }\n\n    .charte-cot .card-content {\n      flex: 1;\n      min-width: 0;\n    }\n\n    .charte-cot .card-title {\n      font-weight: 700;\n      font-size: 15px;\n      color: #3c1053;\n      margin: 0 0 6px;\n    }\n\n    .charte-cot .card-text {\n      margin: 0;\n      font-size: 14px;\n      color: #5c3d68;\n      line-height: 1.45;\n    }\n\n    .charte-cot .static-footnote {\n      margin: 24px 0 0;\n      padding-top: 8px;\n      font-size: 13px;\n      color: #5c3d68;\n      line-height: 1.5;\n    }\n\n    .charte-cot .accept-section {\n      margin-top: 28px;\n    }\n\n    .charte-cot .btn-accept {\n      display: block;\n      width: 100%;\n      padding: 16px 20px;\n      border-radius: 14px;\n      background: #f9d6e8;\n      color: #3c1053;\n      font-family: inherit;\n      font-size: 16px;\n      font-weight: 700;\n      text-align: center;\n      text-decoration: none;\n      box-shadow: 0 2px 14px rgba(60, 16, 83, 0.1);\n    }\n\n    .charte-cot .btn-accept:hover {\n      box-shadow: 0 4px 18px rgba(60, 16, 83, 0.14);\n    }\n\n    .charte-cot .accept-thanks {\n      display: none;\n      margin-top: 20px;\n      padding: 18px 20px;\n      background: #fff;\n      border-radius: 14px;\n      box-shadow: 0 2px 12px rgba(60, 16, 83, 0.08);\n    }\n\n    .charte-cot .accept-thanks:target {\n      display: block;\n    }\n\n    .charte-cot .merci-titre {\n      margin: 0 0 8px;\n      font-size: 18px;\n      font-weight: 700;\n      color: #3c1053;\n    }\n\n    .charte-cot .merci-texte {\n      margin: 0;\n      font-size: 14px;\n      color: #5c3d68;\n      line-height: 1.5;\n    }\n  <\/style>\n<body>\n    <h1 class=\"app-title\">Co-carrier Charter<\/h1>\n\n  <main class=\"charte-milieu\">\n    <div class=\"charte-cot-outer\">\n      <div class=\"charte-cot\">\n        <p class=\"intro\">\n          Together, let's build a community of trust by respecting a few simple rules. \ud83d\ude97\n        <\/p>\n\n        <div class=\"cards\">\n          <article class=\"card\">\n            <div class=\"card-icon\">\n              <img decoding=\"async\" src=\"https:\/\/www.tut-tut.com\/wp-content\/uploads\/2026\/04\/PremiereIconeCharte.jpg\" alt=\"\" width=\"64\" height=\"64\" style=\"width:64px;height:64px;max-width:64px;object-fit:cover;object-position:center;display:block;\">\n            <\/div>\n            <div class=\"card-content\">\n              <h2 class=\"card-title\">Be trustworthy<\/h2>\n              <p class=\"card-text\">Communicate reliable information and valid documents.<\/p>\n            <\/div>\n          <\/article>\n\n          <article class=\"card\">\n            <div class=\"card-icon\">\n              <img decoding=\"async\" src=\"https:\/\/www.tut-tut.com\/wp-content\/uploads\/2026\/04\/DeuxiemeIconeCharte.jpg\" alt=\"\" width=\"64\" height=\"64\" style=\"width:64px;height:64px;max-width:64px;object-fit:cover;object-position:center;display:block;\">\n            <\/div>\n            <div class=\"card-content\">\n              <h2 class=\"card-title\">Be nice<\/h2>\n              <p class=\"card-text\">Be courteous and respectful towards recipients, shops and the Tut Tut team.<\/p>\n            <\/div>\n          <\/article>\n\n          <article class=\"card\">\n            <div class=\"card-icon\">\n              <img decoding=\"async\" src=\"https:\/\/www.tut-tut.com\/wp-content\/uploads\/2026\/04\/TroisiemeIconeCharte.jpg\" alt=\"\" width=\"64\" height=\"64\" style=\"width:64px;height:64px;max-width:64px;object-fit:cover;object-position:center;display:block;\">\n            <\/div>\n            <div class=\"card-content\">\n              <h2 class=\"card-title\">Be on time<\/h2>\n              <p class=\"card-text\">Be punctual and report any issues or delays as soon as possible to the Tut Tut team.<\/p>\n            <\/div>\n          <\/article>\n\n          <article class=\"card\">\n            <div class=\"card-icon\">\n              <img loading=\"lazy\" decoding=\"async\" src=\"https:\/\/www.tut-tut.com\/wp-content\/uploads\/2026\/04\/QuatriemeIconeCharte.jpg\" alt=\"\" width=\"64\" height=\"64\" style=\"width:64px;height:64px;max-width:64px;object-fit:cover;object-position:center;display:block;\">\n            <\/div>\n            <div class=\"card-content\">\n              <h2 class=\"card-title\">Pamper the parcels<\/h2>\n              <p class=\"card-text\">Handle all parcels for recipients with the utmost care.<\/p>\n            <\/div>\n          <\/article>\n\n          <article class=\"card\">\n            <div class=\"card-icon\">\n              <img loading=\"lazy\" decoding=\"async\" src=\"https:\/\/www.tut-tut.com\/wp-content\/uploads\/2026\/04\/CinquiemeIconeCharte.jpg\" alt=\"\" width=\"64\" height=\"64\" style=\"width:64px;height:64px;max-width:64px;object-fit:cover;object-position:center;display:block;\">\n            <\/div>\n            <div class=\"card-content\">\n              <h2 class=\"card-title\">Be a driving ace<\/h2>\n              <p class=\"card-text\">Respect traffic laws, prioritise direct journeys and avoid unnecessary detours.<\/p>\n            <\/div>\n          <\/article>\n\n          <article class=\"card\">\n            <div class=\"card-icon\">\n              <img loading=\"lazy\" decoding=\"async\" src=\"https:\/\/www.tut-tut.com\/wp-content\/uploads\/2026\/04\/SixiemeIconeCharte.jpg\" alt=\"\" width=\"64\" height=\"64\" style=\"width:64px;height:64px;max-width:64px;object-fit:cover;object-position:center;display:block;\">\n            <\/div>\n            <div class=\"card-content\">\n              <h2 class=\"card-title\">Follow the instructions<\/h2>\n              <p class=\"card-text\">Respect delivery instructions and special recipient notes.<\/p>\n            <\/div>\n          <\/article>\n\n          <article class=\"card\">\n            <div class=\"card-icon\">\n              <img loading=\"lazy\" decoding=\"async\" src=\"https:\/\/www.tut-tut.com\/wp-content\/uploads\/2026\/04\/SeptiemeIconeCharte.jpg\" alt=\"\" width=\"64\" height=\"64\" style=\"width:64px;height:64px;max-width:64px;object-fit:cover;object-position:center;display:block;\">\n            <\/div>\n            <div class=\"card-content\">\n              <h2 class=\"card-title\">Keep the secrets<\/h2>\n              <p class=\"card-text\">Keep information about deliveries and users confidential.<\/p>\n            <\/div>\n          <\/article>\n\n          <article class=\"card\">\n            <div class=\"card-icon\">\n              <img loading=\"lazy\" decoding=\"async\" src=\"https:\/\/www.tut-tut.com\/wp-content\/uploads\/2026\/04\/HuitiemeIconeCharte.jpg\" alt=\"\" width=\"64\" height=\"64\" style=\"width:64px;height:64px;max-width:64px;object-fit:cover;object-position:center;display:block;\">\n            <\/div>\n            <div class=\"card-content\">\n              <h2 class=\"card-title\">We're listening!<\/h2>\n              <p class=\"card-text\">Please share constructive feedback to improve the delivery experience.<\/p>\n            <\/div>\n          <\/article>\n\n          <article class=\"card\">\n            <div class=\"card-icon\">\n              <img loading=\"lazy\" decoding=\"async\" src=\"https:\/\/www.tut-tut.com\/wp-content\/uploads\/2026\/04\/NeuviemeIconeCharte.jpg\" alt=\"\" width=\"64\" height=\"64\" style=\"width:64px;height:64px;max-width:64px;object-fit:cover;object-position:center;display:block;\">\n            <\/div>\n            <div class=\"card-content\">\n              <h2 class=\"card-title\">Be understanding<\/h2>\n              <p class=\"card-text\">Please deliver the groceries to the customer's door.<\/p>\n            <\/div>\n          <\/article>\n        <\/div>\n      <\/div>\n    <\/div>\n  <\/main>\n<\/body>\t\t\t\t<\/div>\n\t\t\t\t<\/div>\n\t\t\t\t\t<\/div>\n\t\t\t\t<\/div>\n\t\t\t\t<\/div>","protected":false},"excerpt":{"rendered":"<p>Co-transporter Charter Together, let's build a community of trust by respecting a few simple rules. \ud83d\ude97 Be trustworthy Provide reliable information and valid documents. Be nice Be courteous and respectful towards recipients, shops and the Tut Tut team. Be on time Be punctual and report any problems or delays as soon as [\u2026]<\/p>","protected":false},"author":9,"featured_media":0,"parent":0,"menu_order":0,"comment_status":"closed","ping_status":"closed","template":"","meta":{"content-type":"","footnotes":"","_links_to":"","_links_to_target":""},"class_list":["post-29011","page","type-page","status-publish","hentry"],"yoast_head":"<!-- This site is optimized with the Yoast SEO plugin v25.6 - https:\/\/yoast.com\/wordpress\/plugins\/seo\/ -->\n<title>| Tut Tut<\/title>\n<meta name=\"robots\" content=\"index, follow, max-snippet:-1, max-image-preview:large, max-video-preview:-1\" \/>\n<link rel=\"canonical\" href=\"https:\/\/www.tut-tut.com\/en\/charter-agreement\/\" \/>\n<meta property=\"og:locale\" content=\"en_GB\" \/>\n<meta property=\"og:type\" content=\"article\" \/>\n<meta property=\"og:title\" content=\"| Tut Tut\" \/>\n<meta property=\"og:description\" content=\"Charte des cotransporteurs Ensemble, cr\u00e9ons une communaut\u00e9 de confiance en respectant quelques r\u00e8gles simples. \ud83d\ude97 Soyez digne de confiance Communiquez des informations fiables et des documents valables. Soyez sympa Soyez courtois et respectueux envers les destinataires, les magasins et l&rsquo;\u00e9quipe Tut Tut. Soyez \u00e0 l&rsquo;heure Soyez ponctuel et signalez tout probl\u00e8me ou retard d\u00e8s que [&hellip;]\" \/>\n<meta property=\"og:url\" content=\"https:\/\/www.tut-tut.com\/en\/charter-agreement\/\" \/>\n<meta property=\"og:site_name\" content=\"Tut Tut\" \/>\n<meta property=\"article:publisher\" content=\"https:\/\/www.facebook.com\/Tuttutfrance\/?locale=fr_FR\" \/>\n<meta property=\"article:modified_time\" content=\"2026-04-09T07:58:51+00:00\" \/>\n<meta property=\"og:image\" content=\"https:\/\/www.tut-tut.com\/wp-content\/uploads\/2026\/04\/PremiereIconeCharte.jpg\" \/>\n<meta name=\"twitter:card\" content=\"summary_large_image\" \/>\n<meta name=\"twitter:label1\" content=\"Estimated reading time\" \/>\n\t<meta name=\"twitter:data1\" content=\"3 minutes\" \/>\n<script type=\"application\/ld+json\" class=\"yoast-schema-graph\">{\"@context\":\"https:\/\/schema.org\",\"@graph\":[{\"@type\":\"WebPage\",\"@id\":\"https:\/\/www.tut-tut.com\/charte-cot\/\",\"url\":\"https:\/\/www.tut-tut.com\/charte-cot\/\",\"name\":\"| Tut Tut\",\"isPartOf\":{\"@id\":\"https:\/\/www.tut-tut.com\/#website\"},\"primaryImageOfPage\":{\"@id\":\"https:\/\/www.tut-tut.com\/charte-cot\/#primaryimage\"},\"image\":{\"@id\":\"https:\/\/www.tut-tut.com\/charte-cot\/#primaryimage\"},\"thumbnailUrl\":\"https:\/\/www.tut-tut.com\/wp-content\/uploads\/2026\/04\/PremiereIconeCharte.jpg\",\"datePublished\":\"2026-04-08T08:28:36+00:00\",\"dateModified\":\"2026-04-09T07:58:51+00:00\",\"inLanguage\":\"en-GB\",\"potentialAction\":[{\"@type\":\"ReadAction\",\"target\":[\"https:\/\/www.tut-tut.com\/charte-cot\/\"]}]},{\"@type\":\"ImageObject\",\"inLanguage\":\"en-GB\",\"@id\":\"https:\/\/www.tut-tut.com\/charte-cot\/#primaryimage\",\"url\":\"https:\/\/www.tut-tut.com\/wp-content\/uploads\/2026\/04\/PremiereIconeCharte.jpg\",\"contentUrl\":\"https:\/\/www.tut-tut.com\/wp-content\/uploads\/2026\/04\/PremiereIconeCharte.jpg\"},{\"@type\":\"WebSite\",\"@id\":\"https:\/\/www.tut-tut.com\/#website\",\"url\":\"https:\/\/www.tut-tut.com\/\",\"name\":\"Tut Tut\",\"description\":\"\",\"publisher\":{\"@id\":\"https:\/\/www.tut-tut.com\/#organization\"},\"potentialAction\":[{\"@type\":\"SearchAction\",\"target\":{\"@type\":\"EntryPoint\",\"urlTemplate\":\"https:\/\/www.tut-tut.com\/?s={search_term_string}\"},\"query-input\":{\"@type\":\"PropertyValueSpecification\",\"valueRequired\":true,\"valueName\":\"search_term_string\"}}],\"inLanguage\":\"en-GB\"},{\"@type\":\"Organization\",\"@id\":\"https:\/\/www.tut-tut.com\/#organization\",\"name\":\"Tut Tut\",\"url\":\"https:\/\/www.tut-tut.com\/\",\"logo\":{\"@type\":\"ImageObject\",\"inLanguage\":\"en-GB\",\"@id\":\"https:\/\/www.tut-tut.com\/#\/schema\/logo\/image\/\",\"url\":\"https:\/\/www.tut-tut.com\/wp-content\/uploads\/2025\/02\/Logo-2.png\",\"contentUrl\":\"https:\/\/www.tut-tut.com\/wp-content\/uploads\/2025\/02\/Logo-2.png\",\"width\":1004,\"height\":201,\"caption\":\"Tut Tut\"},\"image\":{\"@id\":\"https:\/\/www.tut-tut.com\/#\/schema\/logo\/image\/\"},\"sameAs\":[\"https:\/\/www.facebook.com\/Tuttutfrance\/?locale=fr_FR\",\"https:\/\/www.instagram.com\/tuttutfrance\/\",\"https:\/\/www.tiktok.com\/@tuttutfrance\",\"https:\/\/www.youtube.com\/channel\/UCGempjRWiZ5uWmByctmMtiw\",\"https:\/\/www.linkedin.com\/company\/tut-tut-france\/posts\/?feedView=all\"]}]}<\/script>\n<!-- \/ Yoast SEO plugin. -->","yoast_head_json":{"title":"Tut tut","robots":{"index":"index","follow":"follow","max-snippet":"max-snippet:-1","max-image-preview":"max-image-preview:large","max-video-preview":"max-video-preview:-1"},"canonical":"https:\/\/www.tut-tut.com\/en\/charter-agreement\/","og_locale":"en_GB","og_type":"article","og_title":"| Tut Tut","og_description":"Charte des cotransporteurs Ensemble, cr\u00e9ons une communaut\u00e9 de confiance en respectant quelques r\u00e8gles simples. \ud83d\ude97 Soyez digne de confiance Communiquez des informations fiables et des documents valables. Soyez sympa Soyez courtois et respectueux envers les destinataires, les magasins et l&rsquo;\u00e9quipe Tut Tut. Soyez \u00e0 l&rsquo;heure Soyez ponctuel et signalez tout probl\u00e8me ou retard d\u00e8s que [&hellip;]","og_url":"https:\/\/www.tut-tut.com\/en\/charter-agreement\/","og_site_name":"Tut Tut","article_publisher":"https:\/\/www.facebook.com\/Tuttutfrance\/?locale=fr_FR","article_modified_time":"2026-04-09T07:58:51+00:00","og_image":[{"url":"https:\/\/www.tut-tut.com\/wp-content\/uploads\/2026\/04\/PremiereIconeCharte.jpg","type":"","width":"","height":""}],"twitter_card":"summary_large_image","twitter_misc":{"Estimated reading time":"3 minutes"},"schema":{"@context":"https:\/\/schema.org","@graph":[{"@type":"WebPage","@id":"https:\/\/www.tut-tut.com\/charte-cot\/","url":"https:\/\/www.tut-tut.com\/charte-cot\/","name":"Tut tut","isPartOf":{"@id":"https:\/\/www.tut-tut.com\/#website"},"primaryImageOfPage":{"@id":"https:\/\/www.tut-tut.com\/charte-cot\/#primaryimage"},"image":{"@id":"https:\/\/www.tut-tut.com\/charte-cot\/#primaryimage"},"thumbnailUrl":"https:\/\/www.tut-tut.com\/wp-content\/uploads\/2026\/04\/PremiereIconeCharte.jpg","datePublished":"2026-04-08T08:28:36+00:00","dateModified":"2026-04-09T07:58:51+00:00","inLanguage":"en-GB","potentialAction":[{"@type":"ReadAction","target":["https:\/\/www.tut-tut.com\/charte-cot\/"]}]},{"@type":"ImageObject","inLanguage":"en-GB","@id":"https:\/\/www.tut-tut.com\/charte-cot\/#primaryimage","url":"https:\/\/www.tut-tut.com\/wp-content\/uploads\/2026\/04\/PremiereIconeCharte.jpg","contentUrl":"https:\/\/www.tut-tut.com\/wp-content\/uploads\/2026\/04\/PremiereIconeCharte.jpg"},{"@type":"WebSite","@id":"https:\/\/www.tut-tut.com\/#website","url":"https:\/\/www.tut-tut.com\/","name":"Tut Tut","description":"","publisher":{"@id":"https:\/\/www.tut-tut.com\/#organization"},"potentialAction":[{"@type":"SearchAction","target":{"@type":"EntryPoint","urlTemplate":"https:\/\/www.tut-tut.com\/?s={search_term_string}"},"query-input":{"@type":"PropertyValueSpecification","valueRequired":true,"valueName":"search_term_string"}}],"inLanguage":"en-GB"},{"@type":"Organization","@id":"https:\/\/www.tut-tut.com\/#organization","name":"Tut Tut","url":"https:\/\/www.tut-tut.com\/","logo":{"@type":"ImageObject","inLanguage":"en-GB","@id":"https:\/\/www.tut-tut.com\/#\/schema\/logo\/image\/","url":"https:\/\/www.tut-tut.com\/wp-content\/uploads\/2025\/02\/Logo-2.png","contentUrl":"https:\/\/www.tut-tut.com\/wp-content\/uploads\/2025\/02\/Logo-2.png","width":1004,"height":201,"caption":"Tut Tut"},"image":{"@id":"https:\/\/www.tut-tut.com\/#\/schema\/logo\/image\/"},"sameAs":["https:\/\/www.facebook.com\/Tuttutfrance\/?locale=fr_FR","https:\/\/www.instagram.com\/tuttutfrance\/","https:\/\/www.tiktok.com\/@tuttutfrance","https:\/\/www.youtube.com\/channel\/UCGempjRWiZ5uWmByctmMtiw","https:\/\/www.linkedin.com\/company\/tut-tut-france\/posts\/?feedView=all"]}]}},"_links":{"self":[{"href":"https:\/\/www.tut-tut.com\/en\/wp-json\/wp\/v2\/pages\/29011"}],"collection":[{"href":"https:\/\/www.tut-tut.com\/en\/wp-json\/wp\/v2\/pages"}],"about":[{"href":"https:\/\/www.tut-tut.com\/en\/wp-json\/wp\/v2\/types\/page"}],"author":[{"embeddable":true,"href":"https:\/\/www.tut-tut.com\/en\/wp-json\/wp\/v2\/users\/9"}],"replies":[{"embeddable":true,"href":"https:\/\/www.tut-tut.com\/en\/wp-json\/wp\/v2\/comments?post=29011"}],"version-history":[{"count":121,"href":"https:\/\/www.tut-tut.com\/en\/wp-json\/wp\/v2\/pages\/29011\/revisions"}],"predecessor-version":[{"id":29163,"href":"https:\/\/www.tut-tut.com\/en\/wp-json\/wp\/v2\/pages\/29011\/revisions\/29163"}],"wp:attachment":[{"href":"https:\/\/www.tut-tut.com\/en\/wp-json\/wp\/v2\/media?parent=29011"}],"curies":[{"name":"wp","href":"https:\/\/api.w.org\/{rel}","templated":true}]}}