{"id":27,"date":"2025-02-06T15:38:41","date_gmt":"2025-02-06T14:38:41","guid":{"rendered":"https:\/\/tut-tut.argapps.fr\/?page_id=27"},"modified":"2025-04-28T10:51:49","modified_gmt":"2025-04-28T08:51:49","slug":"cookies-policy","status":"publish","type":"page","link":"https:\/\/www.tut-tut.com\/en\/cookies-policy\/","title":{"rendered":"Cookie policy"},"content":{"rendered":"<div data-elementor-type=\"wp-page\" data-elementor-id=\"27\" class=\"elementor elementor-27\" data-elementor-post-type=\"page\">\n\t\t\t\t<div class=\"elementor-element elementor-element-69fd7ee3 e-flex e-con-boxed e-con e-parent\" data-id=\"69fd7ee3\" data-element_type=\"container\" data-settings=\"{&quot;background_background&quot;:&quot;gradient&quot;}\">\n\t\t\t\t\t<div class=\"e-con-inner\">\n\t\t<div class=\"elementor-element elementor-element-214184e8 e-con-full e-flex e-con e-child\" data-id=\"214184e8\" data-element_type=\"container\">\n\t\t<div class=\"elementor-element elementor-element-60f89259 e-flex e-con-boxed e-con e-child\" data-id=\"60f89259\" data-element_type=\"container\">\n\t\t\t\t\t<div class=\"e-con-inner\">\n\t\t\t\t<div class=\"elementor-element elementor-element-148a1101 elementor-widget elementor-widget-heading\" data-id=\"148a1101\" data-element_type=\"widget\" data-widget_type=\"heading.default\">\n\t\t\t\t<div class=\"elementor-widget-container\">\n\t\t\t\t\t<h1 class=\"elementor-heading-title elementor-size-default\">Cookie use policy<\/h1>\t\t\t\t<\/div>\n\t\t\t\t<\/div>\n\t\t\t\t\t<\/div>\n\t\t\t\t<\/div>\n\t\t\t\t<\/div>\n\t\t\t\t\t<\/div>\n\t\t\t\t<\/div>\n\t\t<div class=\"elementor-element elementor-element-4e1aa09c e-flex e-con-boxed e-con e-parent\" data-id=\"4e1aa09c\" data-element_type=\"container\">\n\t\t\t\t\t<div class=\"e-con-inner\">\n\t\t\t\t<div class=\"elementor-element elementor-element-66c3db34 elementor-widget elementor-widget-text-editor\" data-id=\"66c3db34\" data-element_type=\"widget\" data-widget_type=\"text-editor.default\">\n\t\t\t\t<div class=\"elementor-widget-container\">\n\t\t\t\t\t\t\t\t\t<h2>What is the purpose of our Cookie Usage Policy?<\/h2><p><strong>CLV (Tut Tut), which manages the www.tut-tut.com website, attaches great importance to the confidentiality of your personal data, which we take seriously and trust, including with regard to cookies.<\/strong><\/p><p>In this respect, our Policy on the use of cookies is a clear demonstration of our <strong>the desire to ensure that CLV (Tut Tut) complies with the rules applicable to the protection of personal data<\/strong> and, more specifically, those relating to cookies used when you browse our website www.tut-tut.com.<\/p><p>If you would like information on the other personal data processing operations we carry out, please consult our <strong>Personal data confidentiality policy<\/strong>, <strong>accessible at all times<\/strong> on our website www.tut-tut.com.<\/p><h2>What are cookies and can they identify you directly?<\/h2><p>A cookie is a <strong>small text file\u201c<\/strong> placed and hosted by a server on your terminal (e.g. smartphone, tablet or computer) when you visit a website.<\/p><p>A cookie <strong>does not allow you to be personally identified<\/strong> since it only enables your terminal to be identified via your IP address, as well as various information linked to your browsing (e.g. browsing time, pages viewed, size of your screen, etc.).<\/p><h2>What are technical cookies and why do we use them?<\/h2><p>The proper functioning of our website www.tut-tut.com requires <strong>necessarily the use of technical cookies<\/strong> that we can use <strong>without your prior consent<\/strong>, on the basis of our legitimate interest in providing you with a functional website.<\/p><p>For example, a technical cookie enables us to remember the language of your website as well as the format of the site to facilitate future connections and navigation.<\/p><p>Although we do not recommend it, you can always prevent these cookies being deposited on your terminal using your browser settings by following the instructions below: <a href=\"https:\/\/support.google.com\/chrome\/answer\/95647?hl=fr&amp;hlrm=en\">Chrome<\/a>, <a href=\"https:\/\/support.microsoft.com\/fr-fr\/microsoft-edge\/supprimer-les-cookies-dans-microsoft-edge-63947406-40ac-c3b8-57b9-2a946a29ae09\">Microsoft Edge<\/a>, <a href=\"https:\/\/support.apple.com\/fr-fr\/guide\/safari\/sfri11471\/mac\">Safari<\/a>, <a href=\"https:\/\/support.mozilla.org\/fr\/kb\/cookies-informations-sites-enregistrent?redirectlocale=fr&amp;redirectslug=G%C3%A9rer+les+cookies\">Firefox<\/a> and <a href=\"https:\/\/help.opera.com\/en\/latest\/web-preferences\/#cookies\">Opera<\/a>.<\/p><p>In this case, however, your experience as a visitor may be degraded. To restore your browsing experience, you will need to reset your technical cookies.<\/p><h2>What are statistical cookies and why do we use them?<\/h2><p>A statistical cookie is used to analyse your use of a website (e.g. browsing time, pages visited, etc.) in order to improve your experience and provide you with a service tailored to your needs.<\/p><p>For our website www.tut-tut.com, we use non-exempt statistical cookies which can only be placed on your terminal with your prior consent expressed via our cookies banner.<\/p><h2>What are advertising cookies and why do we use them?<\/h2><p>An advertising cookie can be used either to provide advertising on a website or to identify the source of a visitor's arrival on a site (e.g. Google, Bing, etc.).<\/p><p>We use advertising cookies to be listed on search engines (e.g. Google, Bing, etc.) and to identify the source from which visitors arrive on our website.<\/p><p><strong>Advertising cookies are only placed on your terminal with your prior consent, given via our cookies banner.<\/strong><\/p><h2>What personal data do we process with our cookies and for how long?<\/h2><p>The personal data processed by the cookies we use are :<\/p><ul><li><strong>your IP address and a user ID<\/strong> that we create when you first log on so that we can recognise you for up to 13 months<\/li><li>if you accept statistical cookies, <strong>your personal data relating to your browsing on our website (e.g. pages visited, browsing times, etc.)<\/strong> for a maximum non-renewable period of 13 months before any new connection before the 14th month<\/li><li>If you accept search engine referencing cookies to identify the source from which you arrived on our site, <strong>your IP address, your user ID and the site visited<\/strong> for a maximum non-renewable period of 13 months before any new connection before the 14th month<\/li><\/ul><p>Once the retention periods specified below have expired, we do not retain any data about you. At most, we may anonymise your data for the purposes of <strong>statistics<\/strong>.<\/p><h2>How do you control the use of cookies?<\/h2><p>You have the right to refuse cookies at any time using our cookies banner.<\/p><p>If the cookies banner is no longer displayed, you can also configure cookies via the \u00abmanage cookies\u00bb tab on our site or directly on your browser by following the instructions below: <a href=\"https:\/\/support.google.com\/chrome\/answer\/95647?hl=fr&amp;hlrm=en%20%22Chrome%22\"><strong>Chrome<\/strong><\/a>, <a href=\"https:\/\/support.microsoft.com\/fr-fr\/microsoft-edge\/supprimer-les-cookies-dans-microsoft-edge-63947406-40ac-c3b8-57b9-2a946a29ae09\"><strong>Microsoft Edge<\/strong><\/a>, <a href=\"https:\/\/support.apple.com\/fr-fr\/guide\/safari\/sfri11471\/mac\"><strong>Safari<\/strong><\/a>, <a href=\"https:\/\/support.mozilla.org\/fr\/kb\/cookies-informations-sites-enregistrent?redirectlocale=fr&amp;redirectslug=G%C3%A9rer+les+cookies%20%22Firefox%22\"><strong>Firefox<\/strong><\/a> and <a href=\"https:\/\/help.opera.com\/en\/latest\/web-preferences\/#cookies%20%22Opera%22\"><strong>Opera<\/strong><\/a>.<\/p><h2>What rights do you have to control the use of your personal data via cookies?<\/h2><p>The applicable data protection regulations give you the right to <strong>specific rights<\/strong> that you can exercise, <strong>at any time<\/strong> and <strong>free of charge<\/strong>, in order to control the use we make of your data.<\/p><ul><li>Right to\u2019<strong>access<\/strong> and <strong>copy<\/strong> of your personal data, provided that this request does not conflict with business secrecy, confidentiality or the secrecy of correspondence.<\/li><li>Right to <strong>correction<\/strong> personal data that is incorrect, obsolete or incomplete.<\/li><li>Right to request <strong>deletion<\/strong> (\u201cright to be forgotten\u201d) of your personal data that is not essential for the proper functioning of our services.<\/li><li>Right to <strong>limitation<\/strong> of your personal data, which makes it possible to photograph the use of your data in the event of a dispute over the legitimacy of processing.<\/li><li>Right to <strong>portability<\/strong> of your data, which enables you to retrieve part of your personal data in order to store it or transmit it easily from one information system to another.<\/li><li>Right to give <strong>guidelines<\/strong> what happens to your data in the event of your death, either through you or through a trusted third party or beneficiary.<\/li><\/ul><p>For a request to be <strong>inclusion<\/strong>, It must be carried out directly by <strong>you<\/strong> to rgpd@tut-tut.com. Any request that is not made in this way <strong>cannot be treated<\/strong>.<\/p><p>Requests cannot come from anyone other than you. We may therefore ask you to provide us with a <strong>proof of identity<\/strong> if there is any doubt about the applicant's identity.<\/p><p>We will respond to your request within <strong>earliest convenience<\/strong> with a limit of <strong>maximum period<\/strong> three months from receipt if the request is technically complex or if we receive many requests at the same time.<\/p><p>Please note that we can always <strong>refuse<\/strong> to respond to any request <strong>excessive or unfounded<\/strong> particularly with regard to its <strong>repetitive<\/strong>.<\/p><h2>Can your personal data used via our cookies be transferred outside the European Union?<\/h2><p>The statistical and advertising cookies we use may <strong>send your IP address and user ID outside the European Union in order to operate<\/strong>. In this case, we guarantee that these tools comply strictly with the applicable rules on transfers in order to guarantee the confidentiality and adequate protection of your personal data.<\/p><h2>Who can you contact to obtain more information about the use of your personal data?<\/h2><p>To guarantee the protection and integrity of your data, we have officially appointed a <strong>Data Protection Officer<\/strong> (\u201c<strong>DPO<\/strong>\u201d) <strong>independent<\/strong> to our supervisory authority.<\/p><p>You can contact our DPO free of charge at any time at rgpd@tut-tut.com to obtain more information or details on how we process your data.<\/p><h2>How can you contact the CNIL?<\/h2><p>You can contact the <strong>\u201cCommission nationale de l'informatique et des libert\u00e9s\u201d (French Data Protection Authority)\u201d<\/strong> or <strong>\u201cCNIL\u201d<\/strong> to the following address: CNIL Complaints Department, 3 place de Fontenoy - TSA 80751, 75334 Paris Cedex 07 or by telephone on 01.53.73.22.22.<\/p><h2>Can the Cookie Usage Policy be modified?<\/h2><p>We may amend our Cookie Usage Policy at any time. <strong>at any time<\/strong> to adapt it to the new <strong>legal requirements<\/strong> as well as <strong>new treatments<\/strong> that we could implement in the future.<\/p><p><em>Certified by Dipeeo \u00ae.<\/em><\/p><p>Date updated 24-04-2025<\/p>\t\t\t\t\t\t\t\t<\/div>\n\t\t\t\t<\/div>\n\t\t\t\t\t<\/div>\n\t\t\t\t<\/div>\n\t\t\t\t<\/div>","protected":false},"excerpt":{"rendered":"<p>Cookie Usage Policy What is the purpose of our Cookie Usage Policy? CLV (Tut Tut), which manages the www.tut-tut.com website, attaches great importance to the confidentiality of your personal data, which we take seriously and trust, including with regard to cookies. In this respect, our [...]<\/p>","protected":false},"author":1,"featured_media":0,"parent":0,"menu_order":0,"comment_status":"closed","ping_status":"closed","template":"","meta":{"content-type":"","footnotes":"","_links_to":"","_links_to_target":""},"class_list":["post-27","page","type-page","status-publish","hentry"],"yoast_head":"<!-- This site is optimized with the Yoast SEO plugin v25.6 - https:\/\/yoast.com\/wordpress\/plugins\/seo\/ -->\n<title>Politique de cookies | Tut Tut<\/title>\n<meta name=\"robots\" content=\"index, follow, max-snippet:-1, max-image-preview:large, max-video-preview:-1\" \/>\n<link rel=\"canonical\" href=\"https:\/\/www.tut-tut.com\/en\/cookies-policy\/\" \/>\n<meta property=\"og:locale\" content=\"en_GB\" \/>\n<meta property=\"og:type\" content=\"article\" \/>\n<meta property=\"og:title\" content=\"Politique de cookies | Tut Tut\" \/>\n<meta property=\"og:description\" content=\"Politique d&rsquo;utilisation des cookies Quelle est l&rsquo;utilit\u00e9 de notre Politique d&rsquo;utilisation des cookies ? CLV (Tut Tut), qui g\u00e8re le site www.tut-tut.com, accorde une grande importance \u00e0 la confidentialit\u00e9 de vos donn\u00e9es personnelles qui repr\u00e9sente pour nous un gage de s\u00e9rieux et de confiance, y compris en mati\u00e8re de cookies. A ce titre, notre Politique [&hellip;]\" \/>\n<meta property=\"og:url\" content=\"https:\/\/www.tut-tut.com\/en\/cookies-policy\/\" \/>\n<meta property=\"og:site_name\" content=\"Tut Tut\" \/>\n<meta property=\"article:publisher\" content=\"https:\/\/www.facebook.com\/Tuttutfrance\/?locale=fr_FR\" \/>\n<meta property=\"article:modified_time\" content=\"2025-04-28T08:51:49+00:00\" \/>\n<meta name=\"twitter:card\" content=\"summary_large_image\" \/>\n<script type=\"application\/ld+json\" class=\"yoast-schema-graph\">{\"@context\":\"https:\/\/schema.org\",\"@graph\":[{\"@type\":\"WebPage\",\"@id\":\"https:\/\/www.tut-tut.com\/politique-de-cookies\/\",\"url\":\"https:\/\/www.tut-tut.com\/politique-de-cookies\/\",\"name\":\"Politique de cookies | Tut Tut\",\"isPartOf\":{\"@id\":\"https:\/\/www.tut-tut.com\/#website\"},\"datePublished\":\"2025-02-06T14:38:41+00:00\",\"dateModified\":\"2025-04-28T08:51:49+00:00\",\"breadcrumb\":{\"@id\":\"https:\/\/www.tut-tut.com\/politique-de-cookies\/#breadcrumb\"},\"inLanguage\":\"en-GB\",\"potentialAction\":[{\"@type\":\"ReadAction\",\"target\":[\"https:\/\/www.tut-tut.com\/politique-de-cookies\/\"]}]},{\"@type\":\"BreadcrumbList\",\"@id\":\"https:\/\/www.tut-tut.com\/politique-de-cookies\/#breadcrumb\",\"itemListElement\":[{\"@type\":\"ListItem\",\"position\":1,\"name\":\"Accueil\",\"item\":\"https:\/\/www.tut-tut.com\/\"},{\"@type\":\"ListItem\",\"position\":2,\"name\":\"Politique de cookies\"}]},{\"@type\":\"WebSite\",\"@id\":\"https:\/\/www.tut-tut.com\/#website\",\"url\":\"https:\/\/www.tut-tut.com\/\",\"name\":\"Tut Tut\",\"description\":\"\",\"publisher\":{\"@id\":\"https:\/\/www.tut-tut.com\/#organization\"},\"potentialAction\":[{\"@type\":\"SearchAction\",\"target\":{\"@type\":\"EntryPoint\",\"urlTemplate\":\"https:\/\/www.tut-tut.com\/?s={search_term_string}\"},\"query-input\":{\"@type\":\"PropertyValueSpecification\",\"valueRequired\":true,\"valueName\":\"search_term_string\"}}],\"inLanguage\":\"en-GB\"},{\"@type\":\"Organization\",\"@id\":\"https:\/\/www.tut-tut.com\/#organization\",\"name\":\"Tut Tut\",\"url\":\"https:\/\/www.tut-tut.com\/\",\"logo\":{\"@type\":\"ImageObject\",\"inLanguage\":\"en-GB\",\"@id\":\"https:\/\/www.tut-tut.com\/#\/schema\/logo\/image\/\",\"url\":\"https:\/\/www.tut-tut.com\/wp-content\/uploads\/2025\/02\/Logo-2.png\",\"contentUrl\":\"https:\/\/www.tut-tut.com\/wp-content\/uploads\/2025\/02\/Logo-2.png\",\"width\":1004,\"height\":201,\"caption\":\"Tut Tut\"},\"image\":{\"@id\":\"https:\/\/www.tut-tut.com\/#\/schema\/logo\/image\/\"},\"sameAs\":[\"https:\/\/www.facebook.com\/Tuttutfrance\/?locale=fr_FR\",\"https:\/\/www.instagram.com\/tuttutfrance\/\",\"https:\/\/www.tiktok.com\/@tuttutfrance\",\"https:\/\/www.youtube.com\/channel\/UCGempjRWiZ5uWmByctmMtiw\",\"https:\/\/www.linkedin.com\/company\/tut-tut-france\/posts\/?feedView=all\"]}]}<\/script>\n<!-- \/ Yoast SEO plugin. -->","yoast_head_json":{"title":"Cookie Policy | Tut Tut","robots":{"index":"index","follow":"follow","max-snippet":"max-snippet:-1","max-image-preview":"max-image-preview:large","max-video-preview":"max-video-preview:-1"},"canonical":"https:\/\/www.tut-tut.com\/en\/cookies-policy\/","og_locale":"en_GB","og_type":"article","og_title":"Politique de cookies | Tut Tut","og_description":"Politique d&rsquo;utilisation des cookies Quelle est l&rsquo;utilit\u00e9 de notre Politique d&rsquo;utilisation des cookies ? CLV (Tut Tut), qui g\u00e8re le site www.tut-tut.com, accorde une grande importance \u00e0 la confidentialit\u00e9 de vos donn\u00e9es personnelles qui repr\u00e9sente pour nous un gage de s\u00e9rieux et de confiance, y compris en mati\u00e8re de cookies. A ce titre, notre Politique [&hellip;]","og_url":"https:\/\/www.tut-tut.com\/en\/cookies-policy\/","og_site_name":"Tut Tut","article_publisher":"https:\/\/www.facebook.com\/Tuttutfrance\/?locale=fr_FR","article_modified_time":"2025-04-28T08:51:49+00:00","twitter_card":"summary_large_image","schema":{"@context":"https:\/\/schema.org","@graph":[{"@type":"WebPage","@id":"https:\/\/www.tut-tut.com\/politique-de-cookies\/","url":"https:\/\/www.tut-tut.com\/politique-de-cookies\/","name":"Cookie Policy | Tut Tut","isPartOf":{"@id":"https:\/\/www.tut-tut.com\/#website"},"datePublished":"2025-02-06T14:38:41+00:00","dateModified":"2025-04-28T08:51:49+00:00","breadcrumb":{"@id":"https:\/\/www.tut-tut.com\/politique-de-cookies\/#breadcrumb"},"inLanguage":"en-GB","potentialAction":[{"@type":"ReadAction","target":["https:\/\/www.tut-tut.com\/politique-de-cookies\/"]}]},{"@type":"BreadcrumbList","@id":"https:\/\/www.tut-tut.com\/politique-de-cookies\/#breadcrumb","itemListElement":[{"@type":"ListItem","position":1,"name":"Accueil","item":"https:\/\/www.tut-tut.com\/"},{"@type":"ListItem","position":2,"name":"Politique de cookies"}]},{"@type":"WebSite","@id":"https:\/\/www.tut-tut.com\/#website","url":"https:\/\/www.tut-tut.com\/","name":"Tut Tut","description":"","publisher":{"@id":"https:\/\/www.tut-tut.com\/#organization"},"potentialAction":[{"@type":"SearchAction","target":{"@type":"EntryPoint","urlTemplate":"https:\/\/www.tut-tut.com\/?s={search_term_string}"},"query-input":{"@type":"PropertyValueSpecification","valueRequired":true,"valueName":"search_term_string"}}],"inLanguage":"en-GB"},{"@type":"Organization","@id":"https:\/\/www.tut-tut.com\/#organization","name":"Tut Tut","url":"https:\/\/www.tut-tut.com\/","logo":{"@type":"ImageObject","inLanguage":"en-GB","@id":"https:\/\/www.tut-tut.com\/#\/schema\/logo\/image\/","url":"https:\/\/www.tut-tut.com\/wp-content\/uploads\/2025\/02\/Logo-2.png","contentUrl":"https:\/\/www.tut-tut.com\/wp-content\/uploads\/2025\/02\/Logo-2.png","width":1004,"height":201,"caption":"Tut Tut"},"image":{"@id":"https:\/\/www.tut-tut.com\/#\/schema\/logo\/image\/"},"sameAs":["https:\/\/www.facebook.com\/Tuttutfrance\/?locale=fr_FR","https:\/\/www.instagram.com\/tuttutfrance\/","https:\/\/www.tiktok.com\/@tuttutfrance","https:\/\/www.youtube.com\/channel\/UCGempjRWiZ5uWmByctmMtiw","https:\/\/www.linkedin.com\/company\/tut-tut-france\/posts\/?feedView=all"]}]}},"_links":{"self":[{"href":"https:\/\/www.tut-tut.com\/en\/wp-json\/wp\/v2\/pages\/27"}],"collection":[{"href":"https:\/\/www.tut-tut.com\/en\/wp-json\/wp\/v2\/pages"}],"about":[{"href":"https:\/\/www.tut-tut.com\/en\/wp-json\/wp\/v2\/types\/page"}],"author":[{"embeddable":true,"href":"https:\/\/www.tut-tut.com\/en\/wp-json\/wp\/v2\/users\/1"}],"replies":[{"embeddable":true,"href":"https:\/\/www.tut-tut.com\/en\/wp-json\/wp\/v2\/comments?post=27"}],"version-history":[{"count":25,"href":"https:\/\/www.tut-tut.com\/en\/wp-json\/wp\/v2\/pages\/27\/revisions"}],"predecessor-version":[{"id":28281,"href":"https:\/\/www.tut-tut.com\/en\/wp-json\/wp\/v2\/pages\/27\/revisions\/28281"}],"wp:attachment":[{"href":"https:\/\/www.tut-tut.com\/en\/wp-json\/wp\/v2\/media?parent=27"}],"curies":[{"name":"wp","href":"https:\/\/api.w.org\/{rel}","templated":true}]}}