{"id":28773,"date":"2025-11-20T13:59:22","date_gmt":"2025-11-20T12:59:22","guid":{"rendered":"https:\/\/www.tut-tut.com\/?page_id=28773"},"modified":"2025-11-20T13:59:25","modified_gmt":"2025-11-20T12:59:25","slug":"reglement-fur-die-monatliche-verlosung-zufriedenheit-2025","status":"publish","type":"page","link":"https:\/\/www.tut-tut.com\/de\/reglement-fur-die-monatliche-verlosung-zufriedenheit-2025\/","title":{"rendered":"Regeln - Monatliche Auslosung Satisfaction 2025"},"content":{"rendered":"<h2 class=\"wp-block-heading\">Artikel 1: Organisation<\/h2>\n\n\n\n<p>Das Unternehmen CLV Tut Tut (im Folgenden \u00abder Organisator\u00bb genannt) veranstaltet ein kostenloses und unverbindliches Gewinnspiel mit dem Titel \u00abMonatliche Tut Tut Satisfaction Verlosung\u00bb (im Folgenden \u00abdas Spiel\u00bb genannt) gem\u00e4\u00df den in den vorliegenden Regeln beschriebenen Modalit\u00e4ten.<\/p>\n\n\n\n<h2 class=\"wp-block-heading\">Artikel 2: Dauer des Spiels<\/h2>\n\n\n\n<p>Das Spiel wird ab dem Datum, an dem diese Regeln online gestellt wurden, stillschweigend jeden Monat (im Folgenden als \u00abMonatszeitraum\u00bb bezeichnet) verl\u00e4ngert, bis der Organisator etwas anderes beschlie\u00dft.<\/p>\n\n\n\n<ul class=\"wp-block-list\">\n<li><strong>Beginn jedes Monatszeitraums :<\/strong> Am 24. des Monats.<\/li>\n\n\n\n<li><strong>Ende jedes Monatszeitraums :<\/strong> Am 23. des folgenden Monats, um 23:59 Uhr.<\/li>\n<\/ul>\n\n\n\n<h2 class=\"wp-block-heading\">Artikel 3: Teilnahmebedingungen<\/h2>\n\n\n\n<h3 class=\"wp-block-heading\">3.1 F\u00f6rderf\u00e4higkeit<\/h3>\n\n\n\n<p>Die Teilnahme am Spiel steht jeder vollj\u00e4hrigen nat\u00fcrlichen Person offen, die ihren Wohnsitz im franz\u00f6sischen Mutterland hat und die <strong>aktiver Nutzer der Tut Tut App<\/strong> (die mindestens eine Lieferung durchgef\u00fchrt haben).<\/p>\n\n\n\n<h3 class=\"wp-block-heading\">3.2 Modalit\u00e4ten der Teilnahme<\/h3>\n\n\n\n<p>Die Teilnahme an der Verlosung ist ausschlie\u00dflich denjenigen Nutzern der App vorbehalten, die <strong>die Zufriedenheitsumfrage vollst\u00e4ndig beantworten<\/strong> monatlich vom Organisator per E-Mail verschickt.<\/p>\n\n\n\n<ol start=\"1\" class=\"wp-block-list\">\n<li>Jeden Monat erh\u00e4lt eine zuf\u00e4llige Gruppe von Nutzern der Tut Tut-Anwendung eine E-Mail vom Organisator.<\/li>\n\n\n\n<li>Diese E-Mail enth\u00e4lt einen eindeutigen Link, der zur Zufriedenheitsumfrage des Monats f\u00fchrt.<\/li>\n\n\n\n<li>Um an der Verlosung teilzunehmen, muss der\/die Nutzer\/in <strong>auf den Link klicken und eine vollst\u00e4ndige Antwort einreichen<\/strong> an der Umfrage w\u00e4hrend des aktuellen Monatszeitraums.<\/li>\n\n\n\n<li>Pro Nutzer und Monat ist nur eine Teilnahme erlaubt (nur eine vollst\u00e4ndige Antwort auf die Umfrage).<\/li>\n<\/ol>\n\n\n\n<p>Jede Teilnahme, die unvollst\u00e4ndig oder unleserlich ist oder au\u00dferhalb des monatlichen Zeitraums erfolgt, wird als ung\u00fcltig betrachtet.<\/p>\n\n\n\n<h2 class=\"wp-block-heading\">Artikel 4: Mitgift<\/h2>\n\n\n\n<p>In jedem Monatszeitraum wird nur ein Gewinner ausgelost.<\/p>\n\n\n\n<ul class=\"wp-block-list\">\n<li><strong>Eingesetztes Los :<\/strong> <strong>Eine Geschenkkarte im Wert von Zwanzig Euro (20\u20ac)<\/strong>, Der Organisator hat die M\u00f6glichkeit, einen Gutschein zu kaufen, der bei einer vom Organisator ausgew\u00e4hlten Marke oder Plattform g\u00fcltig ist (z. B. Amazon, Fnac, Supermarktketten usw.).<\/li>\n<\/ul>\n\n\n\n<p>Das Los ist nicht \u00fcbertragbar und kann nicht gegen seinen Geldwert oder ein anderes Los eingetauscht werden. Der Organisator beh\u00e4lt sich das Recht vor, das Los durch ein Los gleicher Art und gleichen Wertes zu ersetzen, falls es nicht verf\u00fcgbar ist, ohne dass in diesem Zusammenhang Anspr\u00fcche geltend gemacht werden k\u00f6nnen.<\/p>\n\n\n\n<h2 class=\"wp-block-heading\">Artikel 5: Bestimmung des Gewinners<\/h2>\n\n\n\n<h3 class=\"wp-block-heading\">5.1. Die Auslosung<\/h3>\n\n\n\n<p>Die Auslosung wird elektronisch und nach dem Zufallsprinzip durchgef\u00fchrt. <strong>innerhalb von 7 Werktagen nach dem Ende jedes Monatszeitraums<\/strong>, Sie k\u00f6nnen aus der Liste aller Nutzer, die die Umfrage w\u00e4hrend des betreffenden Monatszeitraums vollst\u00e4ndig beantwortet haben, einen Namen ausw\u00e4hlen.<\/p>\n\n\n\n<h3 class=\"wp-block-heading\">5.2. Ank\u00fcndigung und \u00dcbergabe des Loses<\/h3>\n\n\n\n<ol start=\"1\" class=\"wp-block-list\">\n<li>Der Gewinner wird kontaktiert <strong>per E-Mail<\/strong> an die Adresse, die zum Empfang der Umfrage verwendet wurde.<\/li>\n\n\n\n<li>Der Gewinner wird <strong>7 Arbeitstage<\/strong> ab dem Datum des Versands dieser E-Mail, um seine Identit\u00e4t zu best\u00e4tigen und seinen Gewinn anzunehmen, indem er auf die E-Mail antwortet.<\/li>\n\n\n\n<li>Wenn sich der Gewinner nicht innerhalb dieser Frist meldet, wird davon ausgegangen, dass er auf seinen Gewinn verzichtet. Der Organisator wird dann eine neue Auslosung durchf\u00fchren, um einen Ersatzgewinner zu bestimmen.<\/li>\n\n\n\n<li>Das Los wird per E-Mail (f\u00fcr die papierlose Geschenkkarte) innerhalb von maximal <strong>30 Tage<\/strong> nach der Best\u00e4tigung des Gewinners.<\/li>\n<\/ol>\n\n\n\n<h2 class=\"wp-block-heading\">Artikel 6: Schutz personenbezogener Daten<\/h2>\n\n\n\n<p>Die durch die Umfrage und die Teilnahme am Spiel gesammelten Informationen werden unter Einhaltung der Allgemeinen Datenschutzverordnung (DSGVO) und der Datenschutzrichtlinie von Tut Tut verarbeitet. Die gesammelten Daten dienen ausschlie\u00dflich der Organisation des Spiels, der Bestimmung des Gewinners und der Zusendung des Gewinns.<\/p>\n\n\n\n<h2 class=\"wp-block-heading\">Artikel 7: \u00c4nderungen der Regeln<\/h2>\n\n\n\n<p>Der Organisator beh\u00e4lt sich das Recht vor, das Spiel im Falle h\u00f6herer Gewalt oder von Ereignissen, die au\u00dferhalb seiner Kontrolle liegen, ohne Vorank\u00fcndigung zu verk\u00fcrzen, zu verl\u00e4ngern, zu \u00e4ndern oder zu stornieren, ohne dass er aus diesem Grund haftbar gemacht werden kann. Jede \u00c4nderung wird auf der Tut Tut-Website bekannt gegeben.<\/p>\n\n\n\n<hr class=\"wp-block-separator has-alpha-channel-opacity\"\/>","protected":false},"excerpt":{"rendered":"<p>Artikel 1: Organisation Die Firma CLV Tut Tut (im Folgenden \u00abVeranstalter\u00bb genannt) veranstaltet ein kostenloses Gewinnspiel ohne Kaufzwang mit dem Titel \u00abMonatliche Zufallsziehung Tut Tut\u00bb (im Folgenden \u00abdas Spiel\u00bb genannt), gem\u00e4\u00df den Bestimmungen dieser Regeln. Artikel 2: Dauer des Spiels Das Spiel [\u2026]<\/p>","protected":false},"author":5,"featured_media":0,"parent":0,"menu_order":0,"comment_status":"closed","ping_status":"closed","template":"","meta":{"content-type":"","footnotes":"","_links_to":"","_links_to_target":""},"class_list":["post-28773","page","type-page","status-publish","hentry"],"yoast_head":"<!-- This site is optimized with the Yoast SEO plugin v25.6 - https:\/\/yoast.com\/wordpress\/plugins\/seo\/ -->\n<title>R\u00e8glement - Tirage au Sort Mensuel Satisfaction 2025 | Tut Tut<\/title>\n<meta name=\"robots\" content=\"index, nofollow, max-snippet:-1, max-image-preview:large, max-video-preview:-1\" \/>\n<link rel=\"canonical\" href=\"https:\/\/www.tut-tut.com\/de\/reglement-fur-die-monatliche-verlosung-zufriedenheit-2025\/\" \/>\n<meta property=\"og:locale\" content=\"de_DE\" \/>\n<meta property=\"og:type\" content=\"article\" \/>\n<meta property=\"og:title\" content=\"R\u00e8glement - Tirage au Sort Mensuel Satisfaction 2025 | Tut Tut\" \/>\n<meta property=\"og:description\" content=\"Article 1 : Organisation La soci\u00e9t\u00e9 CLV Tut Tut (ci-apr\u00e8s d\u00e9sign\u00e9e \u00ab l&rsquo;Organisateur \u00bb) organise un jeu-concours gratuit et sans obligation d&rsquo;achat intitul\u00e9 \u00ab Tirage au Sort Mensuel de Satisfaction Tut Tut \u00bb (ci-apr\u00e8s d\u00e9sign\u00e9 \u00ab le Jeu \u00bb), selon les modalit\u00e9s d\u00e9crites dans le pr\u00e9sent r\u00e8glement. Article 2 : Dur\u00e9e du Jeu Le Jeu [&hellip;]\" \/>\n<meta property=\"og:url\" content=\"https:\/\/www.tut-tut.com\/de\/reglement-fur-die-monatliche-verlosung-zufriedenheit-2025\/\" \/>\n<meta property=\"og:site_name\" content=\"Tut Tut\" \/>\n<meta property=\"article:publisher\" content=\"https:\/\/www.facebook.com\/Tuttutfrance\/?locale=fr_FR\" \/>\n<meta property=\"article:modified_time\" content=\"2025-11-20T12:59:25+00:00\" \/>\n<meta name=\"twitter:card\" content=\"summary_large_image\" \/>\n<meta name=\"twitter:label1\" content=\"Gesch\u00e4tzte Lesezeit\" \/>\n\t<meta name=\"twitter:data1\" content=\"4 Minuten\" \/>\n<script type=\"application\/ld+json\" class=\"yoast-schema-graph\">{\"@context\":\"https:\/\/schema.org\",\"@graph\":[{\"@type\":\"WebPage\",\"@id\":\"https:\/\/www.tut-tut.com\/reglement-tirage-au-sort-mensuel-satisfaction-2025\/\",\"url\":\"https:\/\/www.tut-tut.com\/reglement-tirage-au-sort-mensuel-satisfaction-2025\/\",\"name\":\"R\u00e8glement - Tirage au Sort Mensuel Satisfaction 2025 | Tut Tut\",\"isPartOf\":{\"@id\":\"https:\/\/www.tut-tut.com\/#website\"},\"datePublished\":\"2025-11-20T12:59:22+00:00\",\"dateModified\":\"2025-11-20T12:59:25+00:00\",\"breadcrumb\":{\"@id\":\"https:\/\/www.tut-tut.com\/reglement-tirage-au-sort-mensuel-satisfaction-2025\/#breadcrumb\"},\"inLanguage\":\"de-DE\",\"potentialAction\":[{\"@type\":\"ReadAction\",\"target\":[\"https:\/\/www.tut-tut.com\/reglement-tirage-au-sort-mensuel-satisfaction-2025\/\"]}]},{\"@type\":\"BreadcrumbList\",\"@id\":\"https:\/\/www.tut-tut.com\/reglement-tirage-au-sort-mensuel-satisfaction-2025\/#breadcrumb\",\"itemListElement\":[{\"@type\":\"ListItem\",\"position\":1,\"name\":\"Accueil\",\"item\":\"https:\/\/www.tut-tut.com\/\"},{\"@type\":\"ListItem\",\"position\":2,\"name\":\"R\u00e8glement &#8211; Tirage au Sort Mensuel Satisfaction 2025\"}]},{\"@type\":\"WebSite\",\"@id\":\"https:\/\/www.tut-tut.com\/#website\",\"url\":\"https:\/\/www.tut-tut.com\/\",\"name\":\"Tut Tut\",\"description\":\"\",\"publisher\":{\"@id\":\"https:\/\/www.tut-tut.com\/#organization\"},\"potentialAction\":[{\"@type\":\"SearchAction\",\"target\":{\"@type\":\"EntryPoint\",\"urlTemplate\":\"https:\/\/www.tut-tut.com\/?s={search_term_string}\"},\"query-input\":{\"@type\":\"PropertyValueSpecification\",\"valueRequired\":true,\"valueName\":\"search_term_string\"}}],\"inLanguage\":\"de-DE\"},{\"@type\":\"Organization\",\"@id\":\"https:\/\/www.tut-tut.com\/#organization\",\"name\":\"Tut Tut\",\"url\":\"https:\/\/www.tut-tut.com\/\",\"logo\":{\"@type\":\"ImageObject\",\"inLanguage\":\"de-DE\",\"@id\":\"https:\/\/www.tut-tut.com\/#\/schema\/logo\/image\/\",\"url\":\"https:\/\/www.tut-tut.com\/wp-content\/uploads\/2025\/02\/Logo-2.png\",\"contentUrl\":\"https:\/\/www.tut-tut.com\/wp-content\/uploads\/2025\/02\/Logo-2.png\",\"width\":1004,\"height\":201,\"caption\":\"Tut Tut\"},\"image\":{\"@id\":\"https:\/\/www.tut-tut.com\/#\/schema\/logo\/image\/\"},\"sameAs\":[\"https:\/\/www.facebook.com\/Tuttutfrance\/?locale=fr_FR\",\"https:\/\/www.instagram.com\/tuttutfrance\/\",\"https:\/\/www.tiktok.com\/@tuttutfrance\",\"https:\/\/www.youtube.com\/channel\/UCGempjRWiZ5uWmByctmMtiw\",\"https:\/\/www.linkedin.com\/company\/tut-tut-france\/posts\/?feedView=all\"]}]}<\/script>\n<!-- \/ Yoast SEO plugin. -->","yoast_head_json":{"title":"Regeln - Monatliche Auslosung Satisfaction 2025 | Tut Tut","robots":{"index":"index","follow":"nofollow","max-snippet":"max-snippet:-1","max-image-preview":"max-image-preview:large","max-video-preview":"max-video-preview:-1"},"canonical":"https:\/\/www.tut-tut.com\/de\/reglement-fur-die-monatliche-verlosung-zufriedenheit-2025\/","og_locale":"de_DE","og_type":"article","og_title":"R\u00e8glement - Tirage au Sort Mensuel Satisfaction 2025 | Tut Tut","og_description":"Article 1 : Organisation La soci\u00e9t\u00e9 CLV Tut Tut (ci-apr\u00e8s d\u00e9sign\u00e9e \u00ab l&rsquo;Organisateur \u00bb) organise un jeu-concours gratuit et sans obligation d&rsquo;achat intitul\u00e9 \u00ab Tirage au Sort Mensuel de Satisfaction Tut Tut \u00bb (ci-apr\u00e8s d\u00e9sign\u00e9 \u00ab le Jeu \u00bb), selon les modalit\u00e9s d\u00e9crites dans le pr\u00e9sent r\u00e8glement. Article 2 : Dur\u00e9e du Jeu Le Jeu [&hellip;]","og_url":"https:\/\/www.tut-tut.com\/de\/reglement-fur-die-monatliche-verlosung-zufriedenheit-2025\/","og_site_name":"Tut Tut","article_publisher":"https:\/\/www.facebook.com\/Tuttutfrance\/?locale=fr_FR","article_modified_time":"2025-11-20T12:59:25+00:00","twitter_card":"summary_large_image","twitter_misc":{"Gesch\u00e4tzte Lesezeit":"4 Minuten"},"schema":{"@context":"https:\/\/schema.org","@graph":[{"@type":"WebPage","@id":"https:\/\/www.tut-tut.com\/reglement-tirage-au-sort-mensuel-satisfaction-2025\/","url":"https:\/\/www.tut-tut.com\/reglement-tirage-au-sort-mensuel-satisfaction-2025\/","name":"Regeln - Monatliche Auslosung Satisfaction 2025 | Tut Tut","isPartOf":{"@id":"https:\/\/www.tut-tut.com\/#website"},"datePublished":"2025-11-20T12:59:22+00:00","dateModified":"2025-11-20T12:59:25+00:00","breadcrumb":{"@id":"https:\/\/www.tut-tut.com\/reglement-tirage-au-sort-mensuel-satisfaction-2025\/#breadcrumb"},"inLanguage":"de-DE","potentialAction":[{"@type":"ReadAction","target":["https:\/\/www.tut-tut.com\/reglement-tirage-au-sort-mensuel-satisfaction-2025\/"]}]},{"@type":"BreadcrumbList","@id":"https:\/\/www.tut-tut.com\/reglement-tirage-au-sort-mensuel-satisfaction-2025\/#breadcrumb","itemListElement":[{"@type":"ListItem","position":1,"name":"Accueil","item":"https:\/\/www.tut-tut.com\/"},{"@type":"ListItem","position":2,"name":"R\u00e8glement &#8211; Tirage au Sort Mensuel Satisfaction 2025"}]},{"@type":"WebSite","@id":"https:\/\/www.tut-tut.com\/#website","url":"https:\/\/www.tut-tut.com\/","name":"Tut Tut","description":"","publisher":{"@id":"https:\/\/www.tut-tut.com\/#organization"},"potentialAction":[{"@type":"SearchAction","target":{"@type":"EntryPoint","urlTemplate":"https:\/\/www.tut-tut.com\/?s={search_term_string}"},"query-input":{"@type":"PropertyValueSpecification","valueRequired":true,"valueName":"search_term_string"}}],"inLanguage":"de-DE"},{"@type":"Organization","@id":"https:\/\/www.tut-tut.com\/#organization","name":"Tut Tut","url":"https:\/\/www.tut-tut.com\/","logo":{"@type":"ImageObject","inLanguage":"de-DE","@id":"https:\/\/www.tut-tut.com\/#\/schema\/logo\/image\/","url":"https:\/\/www.tut-tut.com\/wp-content\/uploads\/2025\/02\/Logo-2.png","contentUrl":"https:\/\/www.tut-tut.com\/wp-content\/uploads\/2025\/02\/Logo-2.png","width":1004,"height":201,"caption":"Tut Tut"},"image":{"@id":"https:\/\/www.tut-tut.com\/#\/schema\/logo\/image\/"},"sameAs":["https:\/\/www.facebook.com\/Tuttutfrance\/?locale=fr_FR","https:\/\/www.instagram.com\/tuttutfrance\/","https:\/\/www.tiktok.com\/@tuttutfrance","https:\/\/www.youtube.com\/channel\/UCGempjRWiZ5uWmByctmMtiw","https:\/\/www.linkedin.com\/company\/tut-tut-france\/posts\/?feedView=all"]}]}},"_links":{"self":[{"href":"https:\/\/www.tut-tut.com\/de\/wp-json\/wp\/v2\/pages\/28773"}],"collection":[{"href":"https:\/\/www.tut-tut.com\/de\/wp-json\/wp\/v2\/pages"}],"about":[{"href":"https:\/\/www.tut-tut.com\/de\/wp-json\/wp\/v2\/types\/page"}],"author":[{"embeddable":true,"href":"https:\/\/www.tut-tut.com\/de\/wp-json\/wp\/v2\/users\/5"}],"replies":[{"embeddable":true,"href":"https:\/\/www.tut-tut.com\/de\/wp-json\/wp\/v2\/comments?post=28773"}],"version-history":[{"count":2,"href":"https:\/\/www.tut-tut.com\/de\/wp-json\/wp\/v2\/pages\/28773\/revisions"}],"predecessor-version":[{"id":28778,"href":"https:\/\/www.tut-tut.com\/de\/wp-json\/wp\/v2\/pages\/28773\/revisions\/28778"}],"wp:attachment":[{"href":"https:\/\/www.tut-tut.com\/de\/wp-json\/wp\/v2\/media?parent=28773"}],"curies":[{"name":"wp","href":"https:\/\/api.w.org\/{rel}","templated":true}]}}