{"id":28062,"date":"2025-03-13T10:14:41","date_gmt":"2025-03-13T09:14:41","guid":{"rendered":"https:\/\/www.tut-tut.com\/?page_id=28062"},"modified":"2025-03-31T14:33:23","modified_gmt":"2025-03-31T12:33:23","slug":"charta-fur-personliche-daten","status":"publish","type":"page","link":"https:\/\/www.tut-tut.com\/de\/charta-fur-personliche-daten\/","title":{"rendered":"Charta f\u00fcr pers\u00f6nliche Daten"},"content":{"rendered":"<div data-elementor-type=\"wp-page\" data-elementor-id=\"28062\" class=\"elementor elementor-28062\" data-elementor-post-type=\"page\">\n\t\t\t\t<div class=\"elementor-element elementor-element-50318a5 e-flex e-con-boxed e-con e-parent\" data-id=\"50318a5\" data-element_type=\"container\" data-settings=\"{&quot;background_background&quot;:&quot;gradient&quot;}\">\n\t\t\t\t\t<div class=\"e-con-inner\">\n\t\t<div class=\"elementor-element elementor-element-124a033 e-con-full e-flex e-con e-child\" data-id=\"124a033\" data-element_type=\"container\">\n\t\t<div class=\"elementor-element elementor-element-1cbd54b e-flex e-con-boxed e-con e-child\" data-id=\"1cbd54b\" data-element_type=\"container\">\n\t\t\t\t\t<div class=\"e-con-inner\">\n\t\t\t\t<div class=\"elementor-element elementor-element-1784f23 elementor-widget elementor-widget-heading\" data-id=\"1784f23\" data-element_type=\"widget\" data-widget_type=\"heading.default\">\n\t\t\t\t<div class=\"elementor-widget-container\">\n\t\t\t\t\t<h1 class=\"elementor-heading-title elementor-size-default\">Charta f\u00fcr pers\u00f6nliche Daten<\/h1>\t\t\t\t<\/div>\n\t\t\t\t<\/div>\n\t\t\t\t\t<\/div>\n\t\t\t\t<\/div>\n\t\t\t\t<\/div>\n\t\t\t\t\t<\/div>\n\t\t\t\t<\/div>\n\t\t<div class=\"elementor-element elementor-element-43f12b2 e-flex e-con-boxed e-con e-parent\" data-id=\"43f12b2\" data-element_type=\"container\">\n\t\t\t\t\t<div class=\"e-con-inner\">\n\t\t\t\t<div class=\"elementor-element elementor-element-3c35a2f elementor-widget elementor-widget-text-editor\" data-id=\"3c35a2f\" data-element_type=\"widget\" data-widget_type=\"text-editor.default\">\n\t\t\t\t<div class=\"elementor-widget-container\">\n\t\t\t\t\t\t\t\t\t<h2><strong>Parteien und Zustimmung<\/strong><\/h2><p>Tut tut legt besonderen Wert auf den Schutz der Pers\u00f6nlichen Daten der Nutzer auf seiner Plattform.<\/p><h3><strong>Die Seite<\/strong><\/h3><p>Die Website www.tut-tut.com (im Folgenden als \u00abWebsite\u00bb bezeichnet) wird von der Firma CLV herausgegeben.<br \/>Das Unternehmen CLV ist eine vereinfachte Aktiengesellschaft mit einem einzigen Gesellschafter und einem Kapital von 66.729,00 \u20ac. Ihr eingetragener Sitz befindet sich in 114 route des R\u00e9mouleurs, 84000 AVIGNON. Die SAS CLV ist im Handelsregister von Avignon unter der Nummer 887 681 591 eingetragen.<\/p><h3><strong>Verantwortlicher f\u00fcr die Verarbeitung<\/strong><\/h3><p>Das Unternehmen CLV ist der Verantwortliche im Sinne der Allgemeinen Datenschutzverordnung (DSGVO) f\u00fcr die Erhebung und Verarbeitung personenbezogener Daten.<\/p><h3><strong>Der Nutzer<\/strong><\/h3><p>Der Nutzer erkl\u00e4rt, dass er \u00fcber die notwendigen F\u00e4higkeiten und Berechtigungen verf\u00fcgt, um seine Zustimmung zu erteilen. Die Kategorie von Personen, die von der Erhebung und Verarbeitung personenbezogener Daten durch CLV betroffen sind, sind die Nutzer der Website www.tut-tut.com.<\/p><h3><strong>Modalit\u00e4ten der digitalen Zustimmung<\/strong><\/h3><p>Der Nutzer erkl\u00e4rt, dass er der Verarbeitung seiner personenbezogenen Daten zu den nachfolgend genannten Zwecken zustimmt und dar\u00fcber informiert ist. Diese Zustimmung wird bei der Erstellung eines Kontos auf der Website oder in der Anwendung oder beim Absenden der verschiedenen auf der Website zug\u00e4nglichen Formulare eingeholt, indem das entsprechende K\u00e4stchen angekreuzt wird. Damit erkl\u00e4rt der Nutzer, dass er diese Datenschutzrichtlinie ohne Einschr\u00e4nkung oder Vorbehalt akzeptiert, bevor er auf die Dienste der Website zugreift.<br \/>Diese Zustimmung kann jederzeit widerrufen werden. Wenn der Nutzer die vorliegende Charta ablehnt, kann er nicht auf die von der Tut-Tut-Plattform angebotenen Dienste zugreifen.<\/p><p>\u00a0<\/p><h2><strong>Objekt<\/strong><\/h2><p>Mit dieser Charta stellt CLV den Nutzern der Plattform alle gesetzlich vorgeschriebenen Informationen zum Schutz ihrer pers\u00f6nlichen Daten und ihrer Privatsph\u00e4re zur Verf\u00fcgung.<br \/>CLV stellt diese Charta unter Einhaltung der geltenden Vorschriften zur Verf\u00fcgung, insbesondere der Allgemeinen Datenschutzverordnung (DSGVO) vom 14. April 2016 und des Gesetzes \u00abInformatique &amp; Libert\u00e9s\u00bb Nr. 78-17 vom 6. Januar 1978 in der ge\u00e4nderten Fassung sowie des Gesetzes \u00abpour la confiance dans l'\u00e9conomie num\u00e9rique\u00bb Nr. 2004-575 vom 21. Juni 2004.<\/p><h2><strong>Definitionen<\/strong><\/h2><p>\u00ab <strong>Kaufmann<\/strong> \u00bb: bezeichnet einen Gewerbetreibenden, der sich auf der Website in der Kategorie Gewerbetreibender registriert hat, um den Service der Vermittlung eines Kuriers in Anspruch zu nehmen und die Lieferung eines oder mehrerer Pakete zu seinem Vorteil im Rahmen seiner Gesch\u00e4ftst\u00e4tigkeit zu gew\u00e4hrleisten.<\/p><p>\u00ab <strong>Konto<\/strong> \u00bb: bezeichnet das Konto, das bei der Registrierung eines Nutzers auf der Website eingerichtet werden muss.<\/p><p>\u00ab <strong>Lauf<\/strong> \u00bb: bezeichnet den Transport eines Pakets durch einen Zusteller.<\/p><p>\u00ab <strong>Kurier<\/strong> \u00bb: bezeichnet eine Privatperson, die sich auf der Website in der Kategorie Kurier angemeldet hat, um den Service der Kontaktaufnahme mit einem Absender in Anspruch zu nehmen und die Lieferung eines oder mehrerer Pakete w\u00e4hrend einer privaten Reise auf eigene Rechnung zu gew\u00e4hrleisten.<\/p><p>\u00ab <strong>Pers\u00f6nliche Daten<\/strong> \u00bb oder \u00ab <strong>Pers\u00f6nliche Daten<\/strong> \u00bb: bezeichnet alle Informationen, die sich auf eine identifizierte oder identifizierbare nat\u00fcrliche Person beziehen.<\/p><p>\u00ab <strong>Absender<\/strong> \u00bb: bezeichnet eine Person, eine Privatperson, einen Gewerbetreibenden oder ein Unternehmen, die sich auf der Website in der Kategorie Absender registriert hat, um den Service der Kontaktaufnahme mit einem Kurier oder einem Transportunternehmen zum Zweck der Zustellung eines oder mehrerer Pakete durch letzteres in Anspruch zu nehmen.<\/p><p>\u00ab<strong> Zusteller<\/strong> \u00bb: umfasst Kuriere und Spediteure.<\/p><p>\u00ab <strong>Website<\/strong> \u00bb: bezeichnet die Plattform zur Kontaktaufnahme, die \u00fcber die Website www.tut-tut.com und\/oder \u00fcber eine der mobilen Anwendungen (insbesondere ios und android) zug\u00e4nglich ist.<\/p><p>\u00ab <strong>Transporteure<\/strong> \u00bb: bezeichnet einen professionellen Spediteur, der sich auf der Website in der Kategorie Spediteur angemeldet hat, um den Service der Kontaktaufnahme mit einem Absender in Anspruch zu nehmen und die Lieferung eines oder mehrerer Pakete zu dessen Gunsten zu gew\u00e4hrleisten.<\/p><p>\u00ab <strong>Benutzer<\/strong> \u00bb: bezeichnet einen Absender, einen Kurier, einen Spediteur oder jede Person, die die Website nutzt, auch wenn sie kein Konto hat.<\/p><p>\u00a0<\/p><h2><strong>Erhebung und Verarbeitung personenbezogener Daten<\/strong><\/h2><h3><strong>Gesetzliche Grundlagen<\/strong><\/h3><p>Die Erhebung und Verarbeitung der Daten der Nutzer von Tut-Tut erfolgt auf der Grundlage definierter Rechtsgrundlagen:<\/p><ul><li>Die Erf\u00fcllung des Vertrags<\/li><li>Die Zustimmung<\/li><li>Berechtigtes Interesse<\/li><li>Gesetzliche Verpflichtungen (reglementierter Beruf des Transportunternehmers)<\/li><\/ul><h3><strong>Modalit\u00e4ten der Sammlung<\/strong><\/h3><p>Die Daten werden \u00fcber das Formular zur Erstellung eines Kontos, mithilfe der Pers\u00f6nlichen Daten, die zur Best\u00e4tigung des Kontos gesendet werden (einschlie\u00dflich der von Tut-Tut angeforderten Belege), und \u00fcber die Pers\u00f6nlichen Daten, die von Ihrem Tut-Tut-Konto oder mithilfe von Drittdiensten an Tut-Tut \u00fcbermittelt werden, gesammelt und verarbeitet.<\/p><p>\u00a0<\/p><h3><strong>Zweck der Sammlung<\/strong><\/h3><p>Tut Tut verarbeitet Ihre Pers\u00f6nlichen Daten, um Ihnen seinen Vermittlungsdienst anzubieten, dies umfasst bestimmte Zwecke:<\/p><ul><li>Die Verwaltung Ihres Kontos auf der Plattform<\/li><li>Die Bereitstellung des Vermittlungsdienstes f\u00fcr eine Course<\/li><li>Die Zahlung f\u00fcr die Durchf\u00fchrung eines Rennens<\/li><li>Die Verwaltung der Kundenbeziehung<\/li><\/ul><h3><strong>Datenkategorien<\/strong><\/h3><p>Verarbeitete Personen<br \/>Um die oben dargelegten Zwecke zu erreichen, verarbeitet Tut Tut speziell einige Ihrer Daten.<\/p><p>\u00a0<\/p><h3><strong>Daten von Absendern<\/strong><\/h3><p>Die verarbeiteten Daten der Versender sind :<\/p><ul><li>Daten zu Ihrer Identifizierung: Name, Vorname, vollst\u00e4ndige Adresse, E-Mail, Telefonnummer.<\/li><li>Nationale Identit\u00e4tskarte\u00a0<\/li><li>Finanzdaten: IBAN-Koordinaten<\/li><li>Geolocation-Koordinaten<\/li><li>Daten zur Ausf\u00fchrung des Dienstes<\/li><li>Anmeldedaten f\u00fcr das Konto und die Anwendung<\/li><\/ul><h3><strong>Daten von Kurieren<\/strong><\/h3><p>Die verarbeiteten Daten der Kuriere sind :<\/p><ul><li>Daten zu Ihrer Identifizierung: Name, Vorname, vollst\u00e4ndige Adresse, E-Mail,Telefonnummer.<\/li><li>Das Fortbewegungsmittel<br \/>Die geplanten Verschiebungen und die verschiedenen damit verbundenen Kriterien.<\/li><li>Offizielle Dokumente wie Ihr F\u00fchrerschein, Ihre Drittversicherung, Fahrzeugschein.<br \/>Ihren nationalen Personalausweis.<\/li><li>Finanzdaten: IBAN-Koordinaten<\/li><li>Geolocation-Koordinaten<\/li><li>Daten zur Ausf\u00fchrung des Dienstes<\/li><li>Anmeldedaten f\u00fcr das Konto und die Anwendung<\/li><\/ul><h3><strong>Daten von Transportunternehmen<\/strong><\/h3><p>F\u00fcr Transportunternehmen kommen (zus\u00e4tzlich zur Erhebung der gleichen Daten wie f\u00fcr Kuriere) hinzu:<\/p><ul><li>Ein Kbis-Auszug, der nicht \u00e4lter als drei Monate ist<\/li><li>Die aktuelle Satzung<\/li><li>Die Erkl\u00e4rung der wirtschaftlichen Eigent\u00fcmer<\/li><li>Der Ausweis der F\u00fchrungskraft.<\/li><\/ul><h3><strong>Daten von H\u00e4ndlern<\/strong><\/h3><p>Wenn Sie H\u00e4ndler sind, sammeln wir :<\/p><ul><li>Daten zu Ihrer Identifizierung: Name, Vorname, Stadt, E-Mail, Telefonnummer.<\/li><li>Angaben zu Ihrem Unternehmen: Name des Unternehmens<\/li><li>Finanzdaten: IBAN-Koordinaten<\/li><li>Daten zur Ausf\u00fchrung des Dienstes<\/li><li>Anmeldedaten f\u00fcr das Konto und die Anwendung<\/li><\/ul><h3><strong>Von Dritten gesammelte Daten<\/strong><\/h3><p>Wenn Sie sich \u00fcber Drittanbieter auf der Tut Tut-Plattform registrieren, erlauben Sie diesen, uns die f\u00fcr die Erstellung Ihres Kontos notwendigen Pers\u00f6nlichen Daten wie Ihren Vor- und Nachnamen, Ihre Adresse, Ihr Alter und Ihre E-Mail-Adresse mitzuteilen.<\/p><p>\u00a0<\/p><h2><strong>Speicherung von Daten<\/strong><\/h2><h3><strong>Dauer der Datenspeicherung<\/strong><\/h3><p>Pers\u00f6nliche Daten werden f\u00fcr einen Zeitraum von maximal drei (3) Jahren ab der letzten Verbindung mit dem Tut Tut-Konto oder ab der L\u00f6schung des Kontos (unabh\u00e4ngig davon, ob es aufgrund der Nichteinhaltung der AGB oder auf Wunsch des Nutzers gel\u00f6scht wird) verarbeitet.<\/p><p>\u00a0<\/p><h3><strong>\u00dcbertragung von Daten<\/strong><\/h3><p>CLV verkauft Ihre Daten nicht an Dritte weiter. Sie werden nur zu den Zwecken und in den Modalit\u00e4ten verwendet, denen Sie zugestimmt haben. Nur Personen, die im Rahmen der ordnungsgem\u00e4\u00dfen Funktionsweise des Dienstes befugt sind, sowie Subunternehmer haben Zugriff auf Ihre Pers\u00f6nlichen Daten.<br \/>So kann eine \u00dcbertragung dieser Daten im Rahmen unserer Unterauftragsverh\u00e4ltnisse stattfinden. CLV kann Ihre Pers\u00f6nlichen Daten an die folgenden Subunternehmer weitergeben<\/p><ul><li>Der Zahlungsdienst Stripe (stripe.com\/de\/privacy)<\/li><li>Der Herausgeberservice der Software f\u00fcr Kundenbeziehungsmanagement SendinBlue<\/li><\/ul><h3><strong>Anmeldung f\u00fcr den Dienst des Zahlungsanbieters<\/strong><\/h3><p>Im Rahmen der Durchf\u00fchrung von Zahlungen stellt der Nutzer, wenn er ein Konto einrichtet, parallel Daten an den Dienstleister Stripe bereit, der bestimmte Daten weiterverarbeitet. Diese Daten dienen dazu, den Betrag freizugeben und vom Absender nach Abschluss des Rennens an den Zusteller zu \u00fcberweisen.<br \/>Daher verpflichten sich die Nutzer durch die Nutzung der Website und die Inanspruchnahme der Zahlungsdienste von Stripe, den Rahmenvertrag f\u00fcr Zahlungsdienste von Stripe zu lesen und zu akzeptieren.<br \/>Stripe verwendet das SSL-Protokoll (Secure Socket Layer), um Kreditkartendaten zu verschl\u00fcsseln. Auf diese Weise wird keine Kreditkartennummer auf den Computerservern von Tut Tut gespeichert.<\/p><p>\u00a0<\/p><h3><strong>Ort der Speicherung und Sicherheit<\/strong><\/h3><p>Die gesammelten Pers\u00f6nlichen Daten werden von der Firma HELIOS INFORMATIQUE gehostet.<br \/>Die Firma HELIOS INFORMATIQUE, ist eine vereinfachte Aktiengesellschaft mit einem Kapital von 333.200,00 \u20ac, die im Handelsregister von Orl\u00e9ans unter der Nummer 334 097 862 eingetragen ist und deren Firmensitz sich in 23 RUE BERNARD PALISSY, 45800 SAINT-JEAN-DE-BRAYE Frankreich befindet. Diese Website ist unter der folgenden Adresse zug\u00e4nglich: https:\/\/www.helios.fr\/.<br \/>CLV setzt physische, logische, technische und organisatorische Sicherheitsma\u00dfnahmen ein, um die personenbezogenen Daten der Nutzer zu sch\u00fctzen, insbesondere durch Archivierung, Einrichtung von Software-Schutzma\u00dfnahmen und Verschl\u00fcsselung personenbezogener Daten, um die Vertraulichkeit, Integrit\u00e4t und Aufbewahrung der Daten zu gew\u00e4hrleisten und einen unbefugten Zugriff zu verhindern.<br \/>Der f\u00fcr die Verarbeitung Verantwortliche verpflichtet sich, im Falle einer Verletzung des Datensystems diese, sobald er davon Kenntnis erlangt, den zust\u00e4ndigen Beh\u00f6rden zu melden.<br \/>Im Falle einer Verletzung der personenbezogenen Daten wird der f\u00fcr die Verarbeitung Verantwortliche den Nutzer so schnell wie m\u00f6glich \u00fcber die notwendigen Informationen gem\u00e4\u00df Artikel 33 DSGVO per E-Mail benachrichtigen.<\/p><p>\u00a0<\/p><h2><strong>Ihre Rechte<\/strong><\/h2><p>Die DSGVO bietet Ihnen eine Reihe von Rechten, um die Kontrolle \u00fcber Ihre Pers\u00f6nlichen Daten zu behalten. So k\u00f6nnen Sie auf die Sie betreffenden Daten zugreifen, sie berichtigen, ihre L\u00f6schung verlangen oder Ihr Recht auf Einschr\u00e4nkung der Verarbeitung Ihrer Daten aus\u00fcben. Sie haben au\u00dferdem das Recht<\/p><ul><li>Auf die \u00dcbertragbarkeit Ihrer Daten ;<\/li><li>Ihre Zustimmung jederzeit zu widerrufen ;<\/li><li>Von Opposition<\/li><\/ul><p>Jeder Antrag auf Aus\u00fcbung von Rechten, insbesondere des Rechts auf Zugang, wird innerhalb der geltenden gesetzlichen Frist (ein (1) Monat) bearbeitet. Bei zu komplexen oder offensichtlich missbr\u00e4uchlichen Antr\u00e4gen kann eine Geb\u00fchr erhoben werden, die den administrativen und technischen Kosten f\u00fcr die Bereitstellung der Daten entspricht.<br \/>F\u00fcr weitere Informationen oder um eine Beschwerde einzureichen, besuchen Sie bitte die Website www.Cnil.fr.<\/p><p>\u00a0<\/p><h2><strong>Aktualisieren<\/strong><\/h2><p>CLV kann seine Datenschutzrichtlinie jederzeit \u00e4ndern. In diesem Fall ist die neueste Version der Datenschutzrichtlinie ma\u00dfgeblich. CLV fordert die Nutzer daher auf, sich regelm\u00e4\u00dfig \u00fcber die Aktualisierungen der Datenschutzrichtlinie zu informieren.<\/p><p>\u00a0<\/p><h2><strong>Streitigkeiten<\/strong><\/h2><p>Gem\u00e4\u00df den geltenden Vorschriften ist im Falle des Scheiterns eines g\u00fctlichen Versuchs bez\u00fcglich der personenbezogenen Daten, die CLV \u00fcber seine Verk\u00e4ufer sammelt und verarbeitet, die zust\u00e4ndige Instanz f\u00fcr die Geltendmachung von Anspr\u00fcchen die Commission nationale de l'informatique et des libert\u00e9s (CNIL) in Frankreich. Im Falle von Schadensersatzanspr\u00fcchen sind die Gerichte des Gerichtsbezirks Avignon zust\u00e4ndig.<\/p><p>Datum der letzten Aktualisierung: 31\/03\/2025<\/p>\t\t\t\t\t\t\t\t<\/div>\n\t\t\t\t<\/div>\n\t\t\t\t\t<\/div>\n\t\t\t\t<\/div>\n\t\t\t\t<\/div>","protected":false},"excerpt":{"rendered":"<p>Charte des donn\u00e9es personnelles Parties et Consentement Tut tut accorde une importance toute particuli\u00e8re \u00e0 la protection des Donn\u00e9es Personnelles des utilisateurs pr\u00e9sents sur sa plateforme. Le Site Le Site www.tut-tut.com (d\u00e9sign\u00e9 par le \u00ab Site \u00bb) est \u00e9dit\u00e9 par la soci\u00e9t\u00e9 CLV.La soci\u00e9t\u00e9 CLV est une soci\u00e9t\u00e9 par actions simplifi\u00e9e \u00e0 associ\u00e9 unique au [&hellip;]<\/p>","protected":false},"author":1,"featured_media":0,"parent":0,"menu_order":0,"comment_status":"closed","ping_status":"closed","template":"","meta":{"content-type":"","footnotes":"","_links_to":"","_links_to_target":""},"class_list":["post-28062","page","type-page","status-publish","hentry"],"yoast_head":"<!-- This site is optimized with the Yoast SEO plugin v25.6 - https:\/\/yoast.com\/wordpress\/plugins\/seo\/ -->\n<title>Conditions G\u00e9n\u00e9rales d&#039;Utilisation | Tut Tut<\/title>\n<meta name=\"description\" content=\"D\u00e9couvrez les Conditions G\u00e9n\u00e9rales d&#039;Utilisation de notre site : droits, obligations et r\u00e8gles \u00e0 respecter pour une exp\u00e9rience s\u00e9curis\u00e9e et transparente.\" \/>\n<meta name=\"robots\" content=\"index, follow, max-snippet:-1, max-image-preview:large, max-video-preview:-1\" \/>\n<link rel=\"canonical\" href=\"https:\/\/www.tut-tut.com\/de\/charta-fur-personliche-daten\/\" \/>\n<meta property=\"og:locale\" content=\"de_DE\" \/>\n<meta property=\"og:type\" content=\"article\" \/>\n<meta property=\"og:title\" content=\"Conditions G\u00e9n\u00e9rales d&#039;Utilisation | Tut Tut\" \/>\n<meta property=\"og:description\" content=\"D\u00e9couvrez les Conditions G\u00e9n\u00e9rales d&#039;Utilisation de notre site : droits, obligations et r\u00e8gles \u00e0 respecter pour une exp\u00e9rience s\u00e9curis\u00e9e et transparente.\" \/>\n<meta property=\"og:url\" content=\"https:\/\/www.tut-tut.com\/de\/charta-fur-personliche-daten\/\" \/>\n<meta property=\"og:site_name\" content=\"Tut Tut\" \/>\n<meta property=\"article:publisher\" content=\"https:\/\/www.facebook.com\/Tuttutfrance\/?locale=fr_FR\" \/>\n<meta property=\"article:modified_time\" content=\"2025-03-31T12:33:23+00:00\" \/>\n<meta name=\"twitter:card\" content=\"summary_large_image\" \/>\n<script type=\"application\/ld+json\" class=\"yoast-schema-graph\">{\"@context\":\"https:\/\/schema.org\",\"@graph\":[{\"@type\":\"WebPage\",\"@id\":\"https:\/\/www.tut-tut.com\/charte-donnees-personnelles\/\",\"url\":\"https:\/\/www.tut-tut.com\/charte-donnees-personnelles\/\",\"name\":\"Conditions G\u00e9n\u00e9rales d'Utilisation | Tut Tut\",\"isPartOf\":{\"@id\":\"https:\/\/www.tut-tut.com\/#website\"},\"datePublished\":\"2025-03-13T09:14:41+00:00\",\"dateModified\":\"2025-03-31T12:33:23+00:00\",\"description\":\"D\u00e9couvrez les Conditions G\u00e9n\u00e9rales d'Utilisation de notre site : droits, obligations et r\u00e8gles \u00e0 respecter pour une exp\u00e9rience s\u00e9curis\u00e9e et transparente.\",\"breadcrumb\":{\"@id\":\"https:\/\/www.tut-tut.com\/charte-donnees-personnelles\/#breadcrumb\"},\"inLanguage\":\"de-DE\",\"potentialAction\":[{\"@type\":\"ReadAction\",\"target\":[\"https:\/\/www.tut-tut.com\/charte-donnees-personnelles\/\"]}]},{\"@type\":\"BreadcrumbList\",\"@id\":\"https:\/\/www.tut-tut.com\/charte-donnees-personnelles\/#breadcrumb\",\"itemListElement\":[{\"@type\":\"ListItem\",\"position\":1,\"name\":\"Accueil\",\"item\":\"https:\/\/www.tut-tut.com\/\"},{\"@type\":\"ListItem\",\"position\":2,\"name\":\"Charte des donn\u00e9es personnelles\"}]},{\"@type\":\"WebSite\",\"@id\":\"https:\/\/www.tut-tut.com\/#website\",\"url\":\"https:\/\/www.tut-tut.com\/\",\"name\":\"Tut Tut\",\"description\":\"\",\"publisher\":{\"@id\":\"https:\/\/www.tut-tut.com\/#organization\"},\"potentialAction\":[{\"@type\":\"SearchAction\",\"target\":{\"@type\":\"EntryPoint\",\"urlTemplate\":\"https:\/\/www.tut-tut.com\/?s={search_term_string}\"},\"query-input\":{\"@type\":\"PropertyValueSpecification\",\"valueRequired\":true,\"valueName\":\"search_term_string\"}}],\"inLanguage\":\"de-DE\"},{\"@type\":\"Organization\",\"@id\":\"https:\/\/www.tut-tut.com\/#organization\",\"name\":\"Tut Tut\",\"url\":\"https:\/\/www.tut-tut.com\/\",\"logo\":{\"@type\":\"ImageObject\",\"inLanguage\":\"de-DE\",\"@id\":\"https:\/\/www.tut-tut.com\/#\/schema\/logo\/image\/\",\"url\":\"https:\/\/www.tut-tut.com\/wp-content\/uploads\/2025\/02\/Logo-2.png\",\"contentUrl\":\"https:\/\/www.tut-tut.com\/wp-content\/uploads\/2025\/02\/Logo-2.png\",\"width\":1004,\"height\":201,\"caption\":\"Tut Tut\"},\"image\":{\"@id\":\"https:\/\/www.tut-tut.com\/#\/schema\/logo\/image\/\"},\"sameAs\":[\"https:\/\/www.facebook.com\/Tuttutfrance\/?locale=fr_FR\",\"https:\/\/www.instagram.com\/tuttutfrance\/\",\"https:\/\/www.tiktok.com\/@tuttutfrance\",\"https:\/\/www.youtube.com\/channel\/UCGempjRWiZ5uWmByctmMtiw\",\"https:\/\/www.linkedin.com\/company\/tut-tut-france\/posts\/?feedView=all\"]}]}<\/script>\n<!-- \/ Yoast SEO plugin. -->","yoast_head_json":{"title":"Allgemeine Nutzungsbedingungen | Tut Tut","description":"Entdecken Sie die Allgemeinen Nutzungsbedingungen unserer Website: Rechte, Pflichten und Regeln, die Sie f\u00fcr eine sichere und transparente Erfahrung beachten sollten.","robots":{"index":"index","follow":"follow","max-snippet":"max-snippet:-1","max-image-preview":"max-image-preview:large","max-video-preview":"max-video-preview:-1"},"canonical":"https:\/\/www.tut-tut.com\/de\/charta-fur-personliche-daten\/","og_locale":"de_DE","og_type":"article","og_title":"Conditions G\u00e9n\u00e9rales d'Utilisation | Tut Tut","og_description":"D\u00e9couvrez les Conditions G\u00e9n\u00e9rales d'Utilisation de notre site : droits, obligations et r\u00e8gles \u00e0 respecter pour une exp\u00e9rience s\u00e9curis\u00e9e et transparente.","og_url":"https:\/\/www.tut-tut.com\/de\/charta-fur-personliche-daten\/","og_site_name":"Tut Tut","article_publisher":"https:\/\/www.facebook.com\/Tuttutfrance\/?locale=fr_FR","article_modified_time":"2025-03-31T12:33:23+00:00","twitter_card":"summary_large_image","schema":{"@context":"https:\/\/schema.org","@graph":[{"@type":"WebPage","@id":"https:\/\/www.tut-tut.com\/charte-donnees-personnelles\/","url":"https:\/\/www.tut-tut.com\/charte-donnees-personnelles\/","name":"Allgemeine Nutzungsbedingungen | Tut Tut","isPartOf":{"@id":"https:\/\/www.tut-tut.com\/#website"},"datePublished":"2025-03-13T09:14:41+00:00","dateModified":"2025-03-31T12:33:23+00:00","description":"Entdecken Sie die Allgemeinen Nutzungsbedingungen unserer Website: Rechte, Pflichten und Regeln, die Sie f\u00fcr eine sichere und transparente Erfahrung beachten sollten.","breadcrumb":{"@id":"https:\/\/www.tut-tut.com\/charte-donnees-personnelles\/#breadcrumb"},"inLanguage":"de-DE","potentialAction":[{"@type":"ReadAction","target":["https:\/\/www.tut-tut.com\/charte-donnees-personnelles\/"]}]},{"@type":"BreadcrumbList","@id":"https:\/\/www.tut-tut.com\/charte-donnees-personnelles\/#breadcrumb","itemListElement":[{"@type":"ListItem","position":1,"name":"Accueil","item":"https:\/\/www.tut-tut.com\/"},{"@type":"ListItem","position":2,"name":"Charte des donn\u00e9es personnelles"}]},{"@type":"WebSite","@id":"https:\/\/www.tut-tut.com\/#website","url":"https:\/\/www.tut-tut.com\/","name":"Tut Tut","description":"","publisher":{"@id":"https:\/\/www.tut-tut.com\/#organization"},"potentialAction":[{"@type":"SearchAction","target":{"@type":"EntryPoint","urlTemplate":"https:\/\/www.tut-tut.com\/?s={search_term_string}"},"query-input":{"@type":"PropertyValueSpecification","valueRequired":true,"valueName":"search_term_string"}}],"inLanguage":"de-DE"},{"@type":"Organization","@id":"https:\/\/www.tut-tut.com\/#organization","name":"Tut Tut","url":"https:\/\/www.tut-tut.com\/","logo":{"@type":"ImageObject","inLanguage":"de-DE","@id":"https:\/\/www.tut-tut.com\/#\/schema\/logo\/image\/","url":"https:\/\/www.tut-tut.com\/wp-content\/uploads\/2025\/02\/Logo-2.png","contentUrl":"https:\/\/www.tut-tut.com\/wp-content\/uploads\/2025\/02\/Logo-2.png","width":1004,"height":201,"caption":"Tut Tut"},"image":{"@id":"https:\/\/www.tut-tut.com\/#\/schema\/logo\/image\/"},"sameAs":["https:\/\/www.facebook.com\/Tuttutfrance\/?locale=fr_FR","https:\/\/www.instagram.com\/tuttutfrance\/","https:\/\/www.tiktok.com\/@tuttutfrance","https:\/\/www.youtube.com\/channel\/UCGempjRWiZ5uWmByctmMtiw","https:\/\/www.linkedin.com\/company\/tut-tut-france\/posts\/?feedView=all"]}]}},"_links":{"self":[{"href":"https:\/\/www.tut-tut.com\/de\/wp-json\/wp\/v2\/pages\/28062"}],"collection":[{"href":"https:\/\/www.tut-tut.com\/de\/wp-json\/wp\/v2\/pages"}],"about":[{"href":"https:\/\/www.tut-tut.com\/de\/wp-json\/wp\/v2\/types\/page"}],"author":[{"embeddable":true,"href":"https:\/\/www.tut-tut.com\/de\/wp-json\/wp\/v2\/users\/1"}],"replies":[{"embeddable":true,"href":"https:\/\/www.tut-tut.com\/de\/wp-json\/wp\/v2\/comments?post=28062"}],"version-history":[{"count":7,"href":"https:\/\/www.tut-tut.com\/de\/wp-json\/wp\/v2\/pages\/28062\/revisions"}],"predecessor-version":[{"id":28180,"href":"https:\/\/www.tut-tut.com\/de\/wp-json\/wp\/v2\/pages\/28062\/revisions\/28180"}],"wp:attachment":[{"href":"https:\/\/www.tut-tut.com\/de\/wp-json\/wp\/v2\/media?parent=28062"}],"curies":[{"name":"wp","href":"https:\/\/api.w.org\/{rel}","templated":true}]}}