{"id":27980,"date":"2025-03-11T10:55:52","date_gmt":"2025-03-11T09:55:52","guid":{"rendered":"https:\/\/www.tut-tut.com\/?page_id=27980"},"modified":"2025-03-11T10:58:50","modified_gmt":"2025-03-11T09:58:50","slug":"merci_formulaire","status":"publish","type":"page","link":"https:\/\/www.tut-tut.com\/de\/merci_formulaire\/","title":{"rendered":"Seite Dankesformular"},"content":{"rendered":"<div data-elementor-type=\"wp-page\" data-elementor-id=\"27980\" class=\"elementor elementor-27980\" data-elementor-post-type=\"page\">\n\t\t\t\t<div class=\"elementor-element elementor-element-5a8b82e e-flex e-con-boxed e-con e-parent\" data-id=\"5a8b82e\" data-element_type=\"container\">\n\t\t\t\t\t<div class=\"e-con-inner\">\n\t\t\t\t<div class=\"elementor-element elementor-element-4a7746f elementor-widget elementor-widget-image\" data-id=\"4a7746f\" data-element_type=\"widget\" data-widget_type=\"image.default\">\n\t\t\t\t<div class=\"elementor-widget-container\">\n\t\t\t\t\t\t\t\t\t\t\t\t\t\t\t<img fetchpriority=\"high\" decoding=\"async\" width=\"512\" height=\"512\" src=\"https:\/\/www.tut-tut.com\/wp-content\/uploads\/2025\/02\/cropped-favicon.png\" class=\"attachment-large size-large wp-image-10\" alt=\"\" srcset=\"https:\/\/www.tut-tut.com\/wp-content\/uploads\/2025\/02\/cropped-favicon.png 512w, https:\/\/www.tut-tut.com\/wp-content\/uploads\/2025\/02\/cropped-favicon-300x300.png 300w, https:\/\/www.tut-tut.com\/wp-content\/uploads\/2025\/02\/cropped-favicon-150x150.png 150w, https:\/\/www.tut-tut.com\/wp-content\/uploads\/2025\/02\/cropped-favicon-270x270.png 270w, https:\/\/www.tut-tut.com\/wp-content\/uploads\/2025\/02\/cropped-favicon-192x192.png 192w, https:\/\/www.tut-tut.com\/wp-content\/uploads\/2025\/02\/cropped-favicon-180x180.png 180w, https:\/\/www.tut-tut.com\/wp-content\/uploads\/2025\/02\/cropped-favicon-32x32.png 32w\" sizes=\"(max-width: 512px) 100vw, 512px\" \/>\t\t\t\t\t\t\t\t\t\t\t\t\t\t\t<\/div>\n\t\t\t\t<\/div>\n\t\t\t\t<div class=\"elementor-element elementor-element-2c4b2f3 elementor-widget elementor-widget-text-editor\" data-id=\"2c4b2f3\" data-element_type=\"widget\" data-widget_type=\"text-editor.default\">\n\t\t\t\t<div class=\"elementor-widget-container\">\n\t\t\t\t\t\t\t\t\t<p>Vielen Dank! Ihre Anfrage wurde ber\u00fccksichtigt.<\/p><p>Unsere Teams werden sich so bald wie m\u00f6glich wieder bei Ihnen melden.<\/p>\t\t\t\t\t\t\t\t<\/div>\n\t\t\t\t<\/div>\n\t\t\t\t\t<\/div>\n\t\t\t\t<\/div>\n\t\t\t\t<\/div>","protected":false},"excerpt":{"rendered":"<p>Vielen Dank! Ihre Anfrage wurde erfolgreich bearbeitet. Unsere Teams werden sich so bald wie m\u00f6glich wieder bei Ihnen melden.<\/p>","protected":false},"author":1,"featured_media":0,"parent":0,"menu_order":0,"comment_status":"closed","ping_status":"closed","template":"","meta":{"content-type":"","footnotes":"","_links_to":"","_links_to_target":""},"class_list":["post-27980","page","type-page","status-publish","hentry"],"yoast_head":"<!-- This site is optimized with the Yoast SEO plugin v25.6 - https:\/\/yoast.com\/wordpress\/plugins\/seo\/ -->\n<title>Page remerciement formulaire | Tut Tut<\/title>\n<meta name=\"robots\" content=\"index, follow, max-snippet:-1, max-image-preview:large, max-video-preview:-1\" \/>\n<link rel=\"canonical\" href=\"https:\/\/www.tut-tut.com\/de\/merci_formulaire\/\" \/>\n<meta property=\"og:locale\" content=\"de_DE\" \/>\n<meta property=\"og:type\" content=\"article\" \/>\n<meta property=\"og:title\" content=\"Page remerciement formulaire | Tut Tut\" \/>\n<meta property=\"og:description\" content=\"Merci ! Votre demande a bien \u00e9t\u00e9 prise en compte. Nos \u00e9quipes reviendront vers vous d\u00e8s que possible.\" \/>\n<meta property=\"og:url\" content=\"https:\/\/www.tut-tut.com\/de\/merci_formulaire\/\" \/>\n<meta property=\"og:site_name\" content=\"Tut Tut\" \/>\n<meta property=\"article:publisher\" content=\"https:\/\/www.facebook.com\/Tuttutfrance\/?locale=fr_FR\" \/>\n<meta property=\"article:modified_time\" content=\"2025-03-11T09:58:50+00:00\" \/>\n<meta property=\"og:image\" content=\"http:\/\/35.180.172.201\/wp-content\/uploads\/2025\/02\/cropped-favicon.png\" \/>\n<meta name=\"twitter:card\" content=\"summary_large_image\" \/>\n<meta name=\"twitter:label1\" content=\"Gesch\u00e4tzte Lesezeit\" \/>\n\t<meta name=\"twitter:data1\" content=\"1 Minute\" \/>\n<script type=\"application\/ld+json\" class=\"yoast-schema-graph\">{\"@context\":\"https:\/\/schema.org\",\"@graph\":[{\"@type\":\"WebPage\",\"@id\":\"https:\/\/www.tut-tut.com\/merci_formulaire\/\",\"url\":\"https:\/\/www.tut-tut.com\/merci_formulaire\/\",\"name\":\"Page remerciement formulaire | Tut Tut\",\"isPartOf\":{\"@id\":\"https:\/\/www.tut-tut.com\/#website\"},\"primaryImageOfPage\":{\"@id\":\"https:\/\/www.tut-tut.com\/merci_formulaire\/#primaryimage\"},\"image\":{\"@id\":\"https:\/\/www.tut-tut.com\/merci_formulaire\/#primaryimage\"},\"thumbnailUrl\":\"http:\/\/35.180.172.201\/wp-content\/uploads\/2025\/02\/cropped-favicon.png\",\"datePublished\":\"2025-03-11T09:55:52+00:00\",\"dateModified\":\"2025-03-11T09:58:50+00:00\",\"breadcrumb\":{\"@id\":\"https:\/\/www.tut-tut.com\/merci_formulaire\/#breadcrumb\"},\"inLanguage\":\"de-DE\",\"potentialAction\":[{\"@type\":\"ReadAction\",\"target\":[\"https:\/\/www.tut-tut.com\/merci_formulaire\/\"]}]},{\"@type\":\"ImageObject\",\"inLanguage\":\"de-DE\",\"@id\":\"https:\/\/www.tut-tut.com\/merci_formulaire\/#primaryimage\",\"url\":\"http:\/\/35.180.172.201\/wp-content\/uploads\/2025\/02\/cropped-favicon.png\",\"contentUrl\":\"http:\/\/35.180.172.201\/wp-content\/uploads\/2025\/02\/cropped-favicon.png\"},{\"@type\":\"BreadcrumbList\",\"@id\":\"https:\/\/www.tut-tut.com\/merci_formulaire\/#breadcrumb\",\"itemListElement\":[{\"@type\":\"ListItem\",\"position\":1,\"name\":\"Accueil\",\"item\":\"https:\/\/www.tut-tut.com\/\"},{\"@type\":\"ListItem\",\"position\":2,\"name\":\"Page remerciement formulaire\"}]},{\"@type\":\"WebSite\",\"@id\":\"https:\/\/www.tut-tut.com\/#website\",\"url\":\"https:\/\/www.tut-tut.com\/\",\"name\":\"Tut Tut\",\"description\":\"\",\"publisher\":{\"@id\":\"https:\/\/www.tut-tut.com\/#organization\"},\"potentialAction\":[{\"@type\":\"SearchAction\",\"target\":{\"@type\":\"EntryPoint\",\"urlTemplate\":\"https:\/\/www.tut-tut.com\/?s={search_term_string}\"},\"query-input\":{\"@type\":\"PropertyValueSpecification\",\"valueRequired\":true,\"valueName\":\"search_term_string\"}}],\"inLanguage\":\"de-DE\"},{\"@type\":\"Organization\",\"@id\":\"https:\/\/www.tut-tut.com\/#organization\",\"name\":\"Tut Tut\",\"url\":\"https:\/\/www.tut-tut.com\/\",\"logo\":{\"@type\":\"ImageObject\",\"inLanguage\":\"de-DE\",\"@id\":\"https:\/\/www.tut-tut.com\/#\/schema\/logo\/image\/\",\"url\":\"https:\/\/www.tut-tut.com\/wp-content\/uploads\/2025\/02\/Logo-2.png\",\"contentUrl\":\"https:\/\/www.tut-tut.com\/wp-content\/uploads\/2025\/02\/Logo-2.png\",\"width\":1004,\"height\":201,\"caption\":\"Tut Tut\"},\"image\":{\"@id\":\"https:\/\/www.tut-tut.com\/#\/schema\/logo\/image\/\"},\"sameAs\":[\"https:\/\/www.facebook.com\/Tuttutfrance\/?locale=fr_FR\",\"https:\/\/www.instagram.com\/tuttutfrance\/\",\"https:\/\/www.tiktok.com\/@tuttutfrance\",\"https:\/\/www.youtube.com\/channel\/UCGempjRWiZ5uWmByctmMtiw\",\"https:\/\/www.linkedin.com\/company\/tut-tut-france\/posts\/?feedView=all\"]}]}<\/script>\n<!-- \/ Yoast SEO plugin. -->","yoast_head_json":{"title":"Dankesch\u00f6n-Seite Formular | Tut Tut","robots":{"index":"index","follow":"follow","max-snippet":"max-snippet:-1","max-image-preview":"max-image-preview:large","max-video-preview":"max-video-preview:-1"},"canonical":"https:\/\/www.tut-tut.com\/de\/merci_formulaire\/","og_locale":"de_DE","og_type":"article","og_title":"Page remerciement formulaire | Tut Tut","og_description":"Merci ! Votre demande a bien \u00e9t\u00e9 prise en compte. Nos \u00e9quipes reviendront vers vous d\u00e8s que possible.","og_url":"https:\/\/www.tut-tut.com\/de\/merci_formulaire\/","og_site_name":"Tut Tut","article_publisher":"https:\/\/www.facebook.com\/Tuttutfrance\/?locale=fr_FR","article_modified_time":"2025-03-11T09:58:50+00:00","og_image":[{"url":"http:\/\/35.180.172.201\/wp-content\/uploads\/2025\/02\/cropped-favicon.png","type":"","width":"","height":""}],"twitter_card":"summary_large_image","twitter_misc":{"Gesch\u00e4tzte Lesezeit":"1 Minute"},"schema":{"@context":"https:\/\/schema.org","@graph":[{"@type":"WebPage","@id":"https:\/\/www.tut-tut.com\/merci_formulaire\/","url":"https:\/\/www.tut-tut.com\/merci_formulaire\/","name":"Dankesch\u00f6n-Seite Formular | Tut Tut","isPartOf":{"@id":"https:\/\/www.tut-tut.com\/#website"},"primaryImageOfPage":{"@id":"https:\/\/www.tut-tut.com\/merci_formulaire\/#primaryimage"},"image":{"@id":"https:\/\/www.tut-tut.com\/merci_formulaire\/#primaryimage"},"thumbnailUrl":"http:\/\/35.180.172.201\/wp-content\/uploads\/2025\/02\/cropped-favicon.png","datePublished":"2025-03-11T09:55:52+00:00","dateModified":"2025-03-11T09:58:50+00:00","breadcrumb":{"@id":"https:\/\/www.tut-tut.com\/merci_formulaire\/#breadcrumb"},"inLanguage":"de-DE","potentialAction":[{"@type":"ReadAction","target":["https:\/\/www.tut-tut.com\/merci_formulaire\/"]}]},{"@type":"ImageObject","inLanguage":"de-DE","@id":"https:\/\/www.tut-tut.com\/merci_formulaire\/#primaryimage","url":"http:\/\/35.180.172.201\/wp-content\/uploads\/2025\/02\/cropped-favicon.png","contentUrl":"http:\/\/35.180.172.201\/wp-content\/uploads\/2025\/02\/cropped-favicon.png"},{"@type":"BreadcrumbList","@id":"https:\/\/www.tut-tut.com\/merci_formulaire\/#breadcrumb","itemListElement":[{"@type":"ListItem","position":1,"name":"Accueil","item":"https:\/\/www.tut-tut.com\/"},{"@type":"ListItem","position":2,"name":"Page remerciement formulaire"}]},{"@type":"WebSite","@id":"https:\/\/www.tut-tut.com\/#website","url":"https:\/\/www.tut-tut.com\/","name":"Tut Tut","description":"","publisher":{"@id":"https:\/\/www.tut-tut.com\/#organization"},"potentialAction":[{"@type":"SearchAction","target":{"@type":"EntryPoint","urlTemplate":"https:\/\/www.tut-tut.com\/?s={search_term_string}"},"query-input":{"@type":"PropertyValueSpecification","valueRequired":true,"valueName":"search_term_string"}}],"inLanguage":"de-DE"},{"@type":"Organization","@id":"https:\/\/www.tut-tut.com\/#organization","name":"Tut Tut","url":"https:\/\/www.tut-tut.com\/","logo":{"@type":"ImageObject","inLanguage":"de-DE","@id":"https:\/\/www.tut-tut.com\/#\/schema\/logo\/image\/","url":"https:\/\/www.tut-tut.com\/wp-content\/uploads\/2025\/02\/Logo-2.png","contentUrl":"https:\/\/www.tut-tut.com\/wp-content\/uploads\/2025\/02\/Logo-2.png","width":1004,"height":201,"caption":"Tut Tut"},"image":{"@id":"https:\/\/www.tut-tut.com\/#\/schema\/logo\/image\/"},"sameAs":["https:\/\/www.facebook.com\/Tuttutfrance\/?locale=fr_FR","https:\/\/www.instagram.com\/tuttutfrance\/","https:\/\/www.tiktok.com\/@tuttutfrance","https:\/\/www.youtube.com\/channel\/UCGempjRWiZ5uWmByctmMtiw","https:\/\/www.linkedin.com\/company\/tut-tut-france\/posts\/?feedView=all"]}]}},"_links":{"self":[{"href":"https:\/\/www.tut-tut.com\/de\/wp-json\/wp\/v2\/pages\/27980"}],"collection":[{"href":"https:\/\/www.tut-tut.com\/de\/wp-json\/wp\/v2\/pages"}],"about":[{"href":"https:\/\/www.tut-tut.com\/de\/wp-json\/wp\/v2\/types\/page"}],"author":[{"embeddable":true,"href":"https:\/\/www.tut-tut.com\/de\/wp-json\/wp\/v2\/users\/1"}],"replies":[{"embeddable":true,"href":"https:\/\/www.tut-tut.com\/de\/wp-json\/wp\/v2\/comments?post=27980"}],"version-history":[{"count":4,"href":"https:\/\/www.tut-tut.com\/de\/wp-json\/wp\/v2\/pages\/27980\/revisions"}],"predecessor-version":[{"id":27985,"href":"https:\/\/www.tut-tut.com\/de\/wp-json\/wp\/v2\/pages\/27980\/revisions\/27985"}],"wp:attachment":[{"href":"https:\/\/www.tut-tut.com\/de\/wp-json\/wp\/v2\/media?parent=27980"}],"curies":[{"name":"wp","href":"https:\/\/api.w.org\/{rel}","templated":true}]}}