{"id":1461,"date":"2025-02-20T15:13:24","date_gmt":"2025-02-20T14:13:24","guid":{"rendered":"https:\/\/tut-tut.argapps.fr\/?page_id=1461"},"modified":"2026-02-05T15:37:28","modified_gmt":"2026-02-05T14:37:28","slug":"das-konzept-des-cotransports","status":"publish","type":"page","link":"https:\/\/www.tut-tut.com\/de\/das-konzept-des-cotransports\/","title":{"rendered":"Das Konzept des Cotransports"},"content":{"rendered":"<div data-elementor-type=\"wp-page\" data-elementor-id=\"1461\" class=\"elementor elementor-1461\" data-elementor-post-type=\"page\">\n\t\t\t\t<div class=\"elementor-element elementor-element-393b254 e-flex e-con-boxed e-con e-parent\" data-id=\"393b254\" data-element_type=\"container\" data-settings=\"{&quot;background_background&quot;:&quot;gradient&quot;}\">\n\t\t\t\t\t<div class=\"e-con-inner\">\n\t\t<div class=\"elementor-element elementor-element-995a86b e-con-full e-flex e-con e-child\" data-id=\"995a86b\" data-element_type=\"container\">\n\t\t<div class=\"elementor-element elementor-element-f7aebaa e-flex e-con-boxed e-con e-child\" data-id=\"f7aebaa\" data-element_type=\"container\">\n\t\t\t\t\t<div class=\"e-con-inner\">\n\t\t\t\t<div class=\"elementor-element elementor-element-99238fe elementor-widget elementor-widget-heading\" data-id=\"99238fe\" data-element_type=\"widget\" data-widget_type=\"heading.default\">\n\t\t\t\t<div class=\"elementor-widget-container\">\n\t\t\t\t\t<h1 class=\"elementor-heading-title elementor-size-default\">Cotransport, eine neue Art zu liefern<\/h1>\t\t\t\t<\/div>\n\t\t\t\t<\/div>\n\t\t\t\t<div class=\"elementor-element elementor-element-c1b7988 elementor-widget elementor-widget-text-editor\" data-id=\"c1b7988\" data-element_type=\"widget\" data-widget_type=\"text-editor.default\">\n\t\t\t\t<div class=\"elementor-widget-container\">\n\t\t\t\t\t\t\t\t\t<p>Cotransport optimiert die Fahrten, indem es den verf\u00fcgbaren Platz in den fahrenden Fahrzeugen nutzt. Wirtschaftlicher und umweltfreundlicher, seit 2021 erleichtert Tut Tut eine schnelle und verantwortungsvolle Lieferung!<\/p>\t\t\t\t\t\t\t\t<\/div>\n\t\t\t\t<\/div>\n\t\t\t\t\t<\/div>\n\t\t\t\t<\/div>\n\t\t\t\t<\/div>\n\t\t\t\t\t<\/div>\n\t\t\t\t<\/div>\n\t\t<div class=\"elementor-element elementor-element-817b600 e-flex e-con-boxed e-con e-parent\" data-id=\"817b600\" data-element_type=\"container\">\n\t\t\t\t\t<div class=\"e-con-inner\">\n\t\t<div class=\"elementor-element elementor-element-14bae5c e-con-full e-flex e-con e-child\" data-id=\"14bae5c\" data-element_type=\"container\">\n\t\t\t\t<div class=\"elementor-element elementor-element-c31ea2a elementor-widget elementor-widget-heading\" data-id=\"c31ea2a\" data-element_type=\"widget\" data-widget_type=\"heading.default\">\n\t\t\t\t<div class=\"elementor-widget-container\">\n\t\t\t\t\t<h2 class=\"elementor-heading-title elementor-size-default\">Tut Tut, von der Idee zum tugendhaften Konzept<\/h2>\t\t\t\t<\/div>\n\t\t\t\t<\/div>\n\t\t\t\t<div class=\"elementor-element elementor-element-090bbbb elementor-widget elementor-widget-text-editor\" data-id=\"090bbbb\" data-element_type=\"widget\" data-widget_type=\"text-editor.default\">\n\t\t\t\t<div class=\"elementor-widget-container\">\n\t\t\t\t\t\t\t\t\t<p><span data-teams=\"true\">Im Jahr 2021, <strong>Vincent Chabbert<\/strong>, Der ehemalige Betriebsleiter der Accor-Gruppe startet seine unternehmerische Karriere mit einem klaren Ziel: die Lieferung auf der letzten Meile zu revolutionieren. Ohne Background in Technologie, Logistik oder Einzelhandel umgibt er sich mit den Besten und gr\u00fcndet <b>Tut Tut<\/b>, Eine innovative Plattform, die Einzelh\u00e4ndler und ihre Kunden sofort mit vertrauensw\u00fcrdigen Cotransporteuren verbindet.<\/span><\/p><p>Die ersten drei Jahre, <i>Tut Tut, das ist mehr als <strong>5000 Verkaufsstellen<\/strong> verteilt auf 25 Aush\u00e4ngeschilder, eine Gemeinschaft von Cotransportern <strong>bewertet 4,88\/5<\/strong> zu \u00fcber 500.000 Meldungen<\/i>* und eine in ihrer DNA verankerte Kundenbesessenheit.<\/p><p><span data-teams=\"true\"> <br \/>Das Unternehmen st\u00fctzt sich auf ein engagiertes Team und genaue Daten, um einen \u00e4u\u00dferst leistungsf\u00e4higen, zuverl\u00e4ssigen und menschlichen Service zu bieten.<\/span><\/p><p><span data-teams=\"true\"><br \/><i>\u00abWir haben ein Modell mit beispielloser St\u00e4rke aufgebaut: ultraschnelle Lieferung, ohne schwere Infrastruktur und mit einer Qualit\u00e4t, die die Marktstandards herausfordert.\u00bb<\/i> -<\/span><span data-teams=\"true\"><strong>\u00a0Vincent Chabbert<\/strong>, Gr\u00fcnder und Vorsitzender von Tut Tut\u00a0<\/span><\/p><p><span data-teams=\"true\"><br \/>Die Geschichte von Tut Tut ist vor allem ein k\u00fchnes Abenteuer, das von dem Willen getragen wird, die Codes des traditionellen Transports zu durchbrechen und eine schnelle, zug\u00e4ngliche und verantwortungsbewusste L\u00f6sung zu schaffen.<\/span><\/p>\t\t\t\t\t\t\t\t<\/div>\n\t\t\t\t<\/div>\n\t\t\t\t<\/div>\n\t\t<div class=\"elementor-element elementor-element-325c5e3 e-con-full e-flex e-con e-child\" data-id=\"325c5e3\" data-element_type=\"container\" data-settings=\"{&quot;background_background&quot;:&quot;classic&quot;}\">\n\t\t\t\t<div class=\"elementor-element elementor-element-e67d8be elementor-absolute elementor-widget elementor-widget-image\" data-id=\"e67d8be\" data-element_type=\"widget\" data-settings=\"{&quot;_position&quot;:&quot;absolute&quot;}\" data-widget_type=\"image.default\">\n\t\t\t\t<div class=\"elementor-widget-container\">\n\t\t\t\t\t\t\t\t\t\t\t\t\t\t\t<img fetchpriority=\"high\" decoding=\"async\" width=\"600\" height=\"538\" src=\"https:\/\/www.tut-tut.com\/wp-content\/uploads\/2025\/02\/icone-rose-@3x.png\" class=\"attachment-large size-large wp-image-390\" alt=\"\" srcset=\"https:\/\/www.tut-tut.com\/wp-content\/uploads\/2025\/02\/icone-rose-@3x.png 600w, https:\/\/www.tut-tut.com\/wp-content\/uploads\/2025\/02\/icone-rose-@3x-300x269.png 300w\" sizes=\"(max-width: 600px) 100vw, 600px\" \/>\t\t\t\t\t\t\t\t\t\t\t\t\t\t\t<\/div>\n\t\t\t\t<\/div>\n\t\t\t\t<div class=\"elementor-element elementor-element-993f9e9 elementor-absolute elementor-widget elementor-widget-image\" data-id=\"993f9e9\" data-element_type=\"widget\" data-settings=\"{&quot;_position&quot;:&quot;absolute&quot;}\" data-widget_type=\"image.default\">\n\t\t\t\t<div class=\"elementor-widget-container\">\n\t\t\t\t\t\t\t\t\t\t\t\t\t\t\t<img decoding=\"async\" width=\"800\" height=\"800\" src=\"https:\/\/www.tut-tut.com\/wp-content\/uploads\/2025\/10\/ILLUS-SITE-WEB-24.png\" class=\"attachment-large size-large wp-image-28722\" alt=\"vincent chabbert\" srcset=\"https:\/\/www.tut-tut.com\/wp-content\/uploads\/2025\/10\/ILLUS-SITE-WEB-24.png 1024w, https:\/\/www.tut-tut.com\/wp-content\/uploads\/2025\/10\/ILLUS-SITE-WEB-24-300x300.png 300w, https:\/\/www.tut-tut.com\/wp-content\/uploads\/2025\/10\/ILLUS-SITE-WEB-24-150x150.png 150w, https:\/\/www.tut-tut.com\/wp-content\/uploads\/2025\/10\/ILLUS-SITE-WEB-24-768x768.png 768w\" sizes=\"(max-width: 800px) 100vw, 800px\" \/>\t\t\t\t\t\t\t\t\t\t\t\t\t\t\t<\/div>\n\t\t\t\t<\/div>\n\t\t\t\t<\/div>\n\t\t\t\t\t<\/div>\n\t\t\t\t<\/div>\n\t\t<div class=\"elementor-element elementor-element-3ba405b e-flex e-con-boxed e-con e-parent\" data-id=\"3ba405b\" data-element_type=\"container\" data-settings=\"{&quot;background_background&quot;:&quot;classic&quot;}\">\n\t\t\t\t\t<div class=\"e-con-inner\">\n\t\t<div class=\"elementor-element elementor-element-96b1c3f e-con-full e-flex e-con e-child\" data-id=\"96b1c3f\" data-element_type=\"container\">\n\t\t<div class=\"elementor-element elementor-element-bf3d20f e-con-full e-flex e-con e-child\" data-id=\"bf3d20f\" data-element_type=\"container\">\n\t\t\t\t<div class=\"elementor-element elementor-element-3896182 elementor-widget elementor-widget-heading\" data-id=\"3896182\" data-element_type=\"widget\" data-widget_type=\"heading.default\">\n\t\t\t\t<div class=\"elementor-widget-container\">\n\t\t\t\t\t<h2 class=\"elementor-heading-title elementor-size-default\">Die kollaborative Lieferung durch Tut Tut ist :<\/h2>\t\t\t\t<\/div>\n\t\t\t\t<\/div>\n\t\t\t\t<div class=\"elementor-element elementor-element-183ccb3 elementor-widget elementor-widget-text-editor\" data-id=\"183ccb3\" data-element_type=\"widget\" data-widget_type=\"text-editor.default\">\n\t\t\t\t<div class=\"elementor-widget-container\">\n\t\t\t\t\t\t\t\t\t<p>Einfach, schnell, verantwortungsvoll und sicher!<\/p>\t\t\t\t\t\t\t\t<\/div>\n\t\t\t\t<\/div>\n\t\t\t\t<\/div>\n\t\t<div class=\"elementor-element elementor-element-0bf21fc e-con-full e-flex e-con e-child\" data-id=\"0bf21fc\" data-element_type=\"container\">\n\t\t<div class=\"elementor-element elementor-element-a8afd1f e-con-full e-flex e-con e-child\" data-id=\"a8afd1f\" data-element_type=\"container\" data-settings=\"{&quot;background_background&quot;:&quot;classic&quot;}\">\n\t\t<div class=\"elementor-element elementor-element-e5f1ad5 e-con-full e-flex e-con e-child\" data-id=\"e5f1ad5\" data-element_type=\"container\">\n\t\t\t\t<div class=\"elementor-element elementor-element-83706c4 elementor-widget elementor-widget-heading\" data-id=\"83706c4\" data-element_type=\"widget\" data-widget_type=\"heading.default\">\n\t\t\t\t<div class=\"elementor-widget-container\">\n\t\t\t\t\t<h3 class=\"elementor-heading-title elementor-size-default\">Eine leistungsf\u00e4hige Plattform f\u00fcr Berufst\u00e4tige<\/h3>\t\t\t\t<\/div>\n\t\t\t\t<\/div>\n\t\t\t\t<div class=\"elementor-element elementor-element-8d68369 elementor-widget elementor-widget-text-editor\" data-id=\"8d68369\" data-element_type=\"widget\" data-widget_type=\"text-editor.default\">\n\t\t\t\t<div class=\"elementor-widget-container\">\n\t\t\t\t\t\t\t\t\t<p>Sie erm\u00f6glicht es Gesch\u00e4ftsleuten, ihren Kunden einen flexiblen, schnellen und verantwortungsbewussten Lieferservice ins Haus zu bringen, der in einem Umkreis von 30 km angeboten wird. Die Tut Tut-L\u00f6sung l\u00e4sst sich problemlos mit Ihren Logistikmanagement-Tools verbinden, um Online- und Drop-in-Bestellungen zu erm\u00f6glichen. <br \/><a href=\"https:\/\/www.tut-tut.com\/de\/unsere-profi-losungen\/\">Entdecken Sie unsere Profi-L\u00f6sungen!<\/a><br \/>Profitieren Sie von einer engagierten Begleitung und einer pers\u00f6nlichen Beratung durch unser Team.<\/p>\t\t\t\t\t\t\t\t<\/div>\n\t\t\t\t<\/div>\n\t\t\t\t<\/div>\n\t\t\t\t<\/div>\n\t\t<div class=\"elementor-element elementor-element-5a83a38 e-con-full e-flex e-con e-child\" data-id=\"5a83a38\" data-element_type=\"container\" data-settings=\"{&quot;background_background&quot;:&quot;classic&quot;}\">\n\t\t<div class=\"elementor-element elementor-element-89409f1 e-con-full e-flex e-con e-child\" data-id=\"89409f1\" data-element_type=\"container\">\n\t\t\t\t<div class=\"elementor-element elementor-element-39601fd elementor-widget elementor-widget-heading\" data-id=\"39601fd\" data-element_type=\"widget\" data-widget_type=\"heading.default\">\n\t\t\t\t<div class=\"elementor-widget-container\">\n\t\t\t\t\t<h3 class=\"elementor-heading-title elementor-size-default\">Ein agiler Service f\u00fcr lokale Gesch\u00e4fte<\/h3>\t\t\t\t<\/div>\n\t\t\t\t<\/div>\n\t\t\t\t<div class=\"elementor-element elementor-element-f4a8b88 elementor-widget elementor-widget-text-editor\" data-id=\"f4a8b88\" data-element_type=\"widget\" data-widget_type=\"text-editor.default\">\n\t\t\t\t<div class=\"elementor-widget-container\">\n\t\t\t\t\t\t\t\t\t<p>Die Pro-Plattform Tut Tut, passt sich an alle Arten von Gesch\u00e4ften an und erm\u00f6glicht es Ihnen, die Tut Tut-Community zu nutzen, um Ihre Kunden zu beliefern.<br \/>Ob Ihr Bedarf regelm\u00e4\u00dfig oder einmalig ist, Tut Tut bietet Ihnen einen leistungsstarken und flexiblen Service.<br \/>Unsere L\u00f6sung l\u00e4sst sich problemlos in Ihren Online-Shop integrieren, wenn Sie dies w\u00fcnschen.<br \/><a href=\"https:\/\/www.tut-tut.com\/de\/unsere-profi-losungen\/\">Entdecken Sie die richtige L\u00f6sung f\u00fcr Ihren Bedarf!<\/a><\/p>\t\t\t\t\t\t\t\t<\/div>\n\t\t\t\t<\/div>\n\t\t\t\t<\/div>\n\t\t\t\t<\/div>\n\t\t<div class=\"elementor-element elementor-element-fe418e8 e-con-full e-flex e-con e-child\" data-id=\"fe418e8\" data-element_type=\"container\" data-settings=\"{&quot;background_background&quot;:&quot;classic&quot;}\">\n\t\t<div class=\"elementor-element elementor-element-5bb117d e-con-full e-flex e-con e-child\" data-id=\"5bb117d\" data-element_type=\"container\">\n\t\t\t\t<div class=\"elementor-element elementor-element-13ae2f6 elementor-widget elementor-widget-heading\" data-id=\"13ae2f6\" data-element_type=\"widget\" data-widget_type=\"heading.default\">\n\t\t\t\t<div class=\"elementor-widget-container\">\n\t\t\t\t\t<h3 class=\"elementor-heading-title elementor-size-default\">Eine mobile Anwendung f\u00fcr Privatpersonen<\/h3>\t\t\t\t<\/div>\n\t\t\t\t<\/div>\n\t\t\t\t<div class=\"elementor-element elementor-element-ac948dc elementor-widget elementor-widget-text-editor\" data-id=\"ac948dc\" data-element_type=\"widget\" data-widget_type=\"text-editor.default\">\n\t\t\t\t<div class=\"elementor-widget-container\">\n\t\t\t\t\t\t\t\t\t<p>Die f\u00fcr Android und Apple erh\u00e4ltliche\u2019<a href=\"http:\/\/35.180.172.201\/expedier-mes-colis\/\">App Tut Tut<\/a> erm\u00f6glicht es Ihnen, alle Arten von Lieferanfragen in einem Umkreis von 30 km zu stellen. Die Anfrage wird mit wenigen Klicks an die 430.000 Cotransporter der Commu\u2019 Tut Tut weitergeleitet. Jeder kann nun den Service eines Cotransporters anfordern und so zum Akteur des Wandels werden.<br>M\u00f6chten Sie Ihre Fahrten rentabler gestalten und Ihre Dienste anbieten? Mit Tut Tut k\u00f6nnen Sie auch Cotransporter werden:<br><a href=\"http:\/\/35.180.172.201\/cotransporteur\/\">Laden Sie die App hier herunter!<\/a><\/p>\t\t\t\t\t\t\t\t<\/div>\n\t\t\t\t<\/div>\n\t\t\t\t<\/div>\n\t\t\t\t<\/div>\n\t\t\t\t<\/div>\n\t\t\t\t<\/div>\n\t\t\t\t\t<\/div>\n\t\t\t\t<\/div>\n\t\t\t\t<\/div>","protected":false},"excerpt":{"rendered":"<p>Cotransport, eine neue Art zu liefern Cotransport optimiert die Fahrten, indem er den verf\u00fcgbaren Platz in den fahrenden Fahrzeugen nutzt. Seit 2021 erm\u00f6glicht Tut Tut eine schnelle und verantwortungsbewusste Lieferung, die wirtschaftlicher und umweltfreundlicher ist! Tut Tut, von der Idee zum tugendhaften Konzept Im Jahr 2021 hat sich Vincent Chabbert, ehemaliger Betriebsleiter der Accor-Gruppe, [...].<\/p>","protected":false},"author":1,"featured_media":0,"parent":0,"menu_order":0,"comment_status":"closed","ping_status":"closed","template":"","meta":{"content-type":"","footnotes":"","_links_to":"","_links_to_target":""},"class_list":["post-1461","page","type-page","status-publish","hentry"],"yoast_head":"<!-- This site is optimized with the Yoast SEO plugin v25.6 - https:\/\/yoast.com\/wordpress\/plugins\/seo\/ -->\n<title>Le concept du cotransportage | Tut Tut<\/title>\n<meta name=\"description\" content=\"D\u00e9couvrez comment le cotransportage r\u00e9volutionne l\u2019envoi de colis en connectant particuliers et co-transporteurs pour un transport plus \u00e9conomique et \u00e9cologique !\" \/>\n<meta name=\"robots\" content=\"index, follow, max-snippet:-1, max-image-preview:large, max-video-preview:-1\" \/>\n<link rel=\"canonical\" href=\"https:\/\/www.tut-tut.com\/de\/das-konzept-des-cotransports\/\" \/>\n<meta property=\"og:locale\" content=\"de_DE\" \/>\n<meta property=\"og:type\" content=\"article\" \/>\n<meta property=\"og:title\" content=\"Le concept du cotransportage | Tut Tut\" \/>\n<meta property=\"og:description\" content=\"D\u00e9couvrez comment le cotransportage r\u00e9volutionne l\u2019envoi de colis en connectant particuliers et co-transporteurs pour un transport plus \u00e9conomique et \u00e9cologique !\" \/>\n<meta property=\"og:url\" content=\"https:\/\/www.tut-tut.com\/de\/das-konzept-des-cotransports\/\" \/>\n<meta property=\"og:site_name\" content=\"Tut Tut\" \/>\n<meta property=\"article:publisher\" content=\"https:\/\/www.facebook.com\/Tuttutfrance\/?locale=fr_FR\" \/>\n<meta property=\"article:modified_time\" content=\"2026-02-05T14:37:28+00:00\" \/>\n<meta property=\"og:image\" content=\"https:\/\/www.tut-tut.com\/wp-content\/uploads\/2025\/02\/icone-rose-@3x.png\" \/>\n\t<meta property=\"og:image:width\" content=\"600\" \/>\n\t<meta property=\"og:image:height\" content=\"538\" \/>\n\t<meta property=\"og:image:type\" content=\"image\/png\" \/>\n<meta name=\"twitter:card\" content=\"summary_large_image\" \/>\n<meta name=\"twitter:label1\" content=\"Gesch\u00e4tzte Lesezeit\" \/>\n\t<meta name=\"twitter:data1\" content=\"3 Minuten\" \/>\n<script type=\"application\/ld+json\" class=\"yoast-schema-graph\">{\"@context\":\"https:\/\/schema.org\",\"@graph\":[{\"@type\":\"WebPage\",\"@id\":\"https:\/\/www.tut-tut.com\/le-concept-du-cotransportage\/\",\"url\":\"https:\/\/www.tut-tut.com\/le-concept-du-cotransportage\/\",\"name\":\"Le concept du cotransportage | Tut Tut\",\"isPartOf\":{\"@id\":\"https:\/\/www.tut-tut.com\/#website\"},\"primaryImageOfPage\":{\"@id\":\"https:\/\/www.tut-tut.com\/le-concept-du-cotransportage\/#primaryimage\"},\"image\":{\"@id\":\"https:\/\/www.tut-tut.com\/le-concept-du-cotransportage\/#primaryimage\"},\"thumbnailUrl\":\"https:\/\/www.tut-tut.com\/wp-content\/uploads\/2025\/02\/icone-rose-@3x.png\",\"datePublished\":\"2025-02-20T14:13:24+00:00\",\"dateModified\":\"2026-02-05T14:37:28+00:00\",\"description\":\"D\u00e9couvrez comment le cotransportage r\u00e9volutionne l\u2019envoi de colis en connectant particuliers et co-transporteurs pour un transport plus \u00e9conomique et \u00e9cologique !\",\"breadcrumb\":{\"@id\":\"https:\/\/www.tut-tut.com\/le-concept-du-cotransportage\/#breadcrumb\"},\"inLanguage\":\"de-DE\",\"potentialAction\":[{\"@type\":\"ReadAction\",\"target\":[\"https:\/\/www.tut-tut.com\/le-concept-du-cotransportage\/\"]}]},{\"@type\":\"ImageObject\",\"inLanguage\":\"de-DE\",\"@id\":\"https:\/\/www.tut-tut.com\/le-concept-du-cotransportage\/#primaryimage\",\"url\":\"https:\/\/www.tut-tut.com\/wp-content\/uploads\/2025\/02\/icone-rose-@3x.png\",\"contentUrl\":\"https:\/\/www.tut-tut.com\/wp-content\/uploads\/2025\/02\/icone-rose-@3x.png\"},{\"@type\":\"BreadcrumbList\",\"@id\":\"https:\/\/www.tut-tut.com\/le-concept-du-cotransportage\/#breadcrumb\",\"itemListElement\":[{\"@type\":\"ListItem\",\"position\":1,\"name\":\"Accueil\",\"item\":\"https:\/\/www.tut-tut.com\/\"},{\"@type\":\"ListItem\",\"position\":2,\"name\":\"Le concept du cotransportage\"}]},{\"@type\":\"WebSite\",\"@id\":\"https:\/\/www.tut-tut.com\/#website\",\"url\":\"https:\/\/www.tut-tut.com\/\",\"name\":\"Tut Tut\",\"description\":\"\",\"publisher\":{\"@id\":\"https:\/\/www.tut-tut.com\/#organization\"},\"potentialAction\":[{\"@type\":\"SearchAction\",\"target\":{\"@type\":\"EntryPoint\",\"urlTemplate\":\"https:\/\/www.tut-tut.com\/?s={search_term_string}\"},\"query-input\":{\"@type\":\"PropertyValueSpecification\",\"valueRequired\":true,\"valueName\":\"search_term_string\"}}],\"inLanguage\":\"de-DE\"},{\"@type\":\"Organization\",\"@id\":\"https:\/\/www.tut-tut.com\/#organization\",\"name\":\"Tut Tut\",\"url\":\"https:\/\/www.tut-tut.com\/\",\"logo\":{\"@type\":\"ImageObject\",\"inLanguage\":\"de-DE\",\"@id\":\"https:\/\/www.tut-tut.com\/#\/schema\/logo\/image\/\",\"url\":\"https:\/\/www.tut-tut.com\/wp-content\/uploads\/2025\/02\/Logo-2.png\",\"contentUrl\":\"https:\/\/www.tut-tut.com\/wp-content\/uploads\/2025\/02\/Logo-2.png\",\"width\":1004,\"height\":201,\"caption\":\"Tut Tut\"},\"image\":{\"@id\":\"https:\/\/www.tut-tut.com\/#\/schema\/logo\/image\/\"},\"sameAs\":[\"https:\/\/www.facebook.com\/Tuttutfrance\/?locale=fr_FR\",\"https:\/\/www.instagram.com\/tuttutfrance\/\",\"https:\/\/www.tiktok.com\/@tuttutfrance\",\"https:\/\/www.youtube.com\/channel\/UCGempjRWiZ5uWmByctmMtiw\",\"https:\/\/www.linkedin.com\/company\/tut-tut-france\/posts\/?feedView=all\"]}]}<\/script>\n<!-- \/ Yoast SEO plugin. -->","yoast_head_json":{"title":"Das Konzept des Cotransports | Tut Tut","description":"Erfahren Sie, wie Cotransport den Paketversand revolutioniert, indem es Privatpersonen und Co-Transporteure miteinander verbindet und so einen g\u00fcnstigeren und umweltfreundlicheren Transport erm\u00f6glicht!","robots":{"index":"index","follow":"follow","max-snippet":"max-snippet:-1","max-image-preview":"max-image-preview:large","max-video-preview":"max-video-preview:-1"},"canonical":"https:\/\/www.tut-tut.com\/de\/das-konzept-des-cotransports\/","og_locale":"de_DE","og_type":"article","og_title":"Le concept du cotransportage | Tut Tut","og_description":"D\u00e9couvrez comment le cotransportage r\u00e9volutionne l\u2019envoi de colis en connectant particuliers et co-transporteurs pour un transport plus \u00e9conomique et \u00e9cologique !","og_url":"https:\/\/www.tut-tut.com\/de\/das-konzept-des-cotransports\/","og_site_name":"Tut Tut","article_publisher":"https:\/\/www.facebook.com\/Tuttutfrance\/?locale=fr_FR","article_modified_time":"2026-02-05T14:37:28+00:00","og_image":[{"width":600,"height":538,"url":"https:\/\/www.tut-tut.com\/wp-content\/uploads\/2025\/02\/icone-rose-@3x.png","type":"image\/png"}],"twitter_card":"summary_large_image","twitter_misc":{"Gesch\u00e4tzte Lesezeit":"3 Minuten"},"schema":{"@context":"https:\/\/schema.org","@graph":[{"@type":"WebPage","@id":"https:\/\/www.tut-tut.com\/le-concept-du-cotransportage\/","url":"https:\/\/www.tut-tut.com\/le-concept-du-cotransportage\/","name":"Das Konzept des Cotransports | Tut Tut","isPartOf":{"@id":"https:\/\/www.tut-tut.com\/#website"},"primaryImageOfPage":{"@id":"https:\/\/www.tut-tut.com\/le-concept-du-cotransportage\/#primaryimage"},"image":{"@id":"https:\/\/www.tut-tut.com\/le-concept-du-cotransportage\/#primaryimage"},"thumbnailUrl":"https:\/\/www.tut-tut.com\/wp-content\/uploads\/2025\/02\/icone-rose-@3x.png","datePublished":"2025-02-20T14:13:24+00:00","dateModified":"2026-02-05T14:37:28+00:00","description":"Erfahren Sie, wie Cotransport den Paketversand revolutioniert, indem es Privatpersonen und Co-Transporteure miteinander verbindet und so einen g\u00fcnstigeren und umweltfreundlicheren Transport erm\u00f6glicht!","breadcrumb":{"@id":"https:\/\/www.tut-tut.com\/le-concept-du-cotransportage\/#breadcrumb"},"inLanguage":"de-DE","potentialAction":[{"@type":"ReadAction","target":["https:\/\/www.tut-tut.com\/le-concept-du-cotransportage\/"]}]},{"@type":"ImageObject","inLanguage":"de-DE","@id":"https:\/\/www.tut-tut.com\/le-concept-du-cotransportage\/#primaryimage","url":"https:\/\/www.tut-tut.com\/wp-content\/uploads\/2025\/02\/icone-rose-@3x.png","contentUrl":"https:\/\/www.tut-tut.com\/wp-content\/uploads\/2025\/02\/icone-rose-@3x.png"},{"@type":"BreadcrumbList","@id":"https:\/\/www.tut-tut.com\/le-concept-du-cotransportage\/#breadcrumb","itemListElement":[{"@type":"ListItem","position":1,"name":"Accueil","item":"https:\/\/www.tut-tut.com\/"},{"@type":"ListItem","position":2,"name":"Le concept du cotransportage"}]},{"@type":"WebSite","@id":"https:\/\/www.tut-tut.com\/#website","url":"https:\/\/www.tut-tut.com\/","name":"Tut Tut","description":"","publisher":{"@id":"https:\/\/www.tut-tut.com\/#organization"},"potentialAction":[{"@type":"SearchAction","target":{"@type":"EntryPoint","urlTemplate":"https:\/\/www.tut-tut.com\/?s={search_term_string}"},"query-input":{"@type":"PropertyValueSpecification","valueRequired":true,"valueName":"search_term_string"}}],"inLanguage":"de-DE"},{"@type":"Organization","@id":"https:\/\/www.tut-tut.com\/#organization","name":"Tut Tut","url":"https:\/\/www.tut-tut.com\/","logo":{"@type":"ImageObject","inLanguage":"de-DE","@id":"https:\/\/www.tut-tut.com\/#\/schema\/logo\/image\/","url":"https:\/\/www.tut-tut.com\/wp-content\/uploads\/2025\/02\/Logo-2.png","contentUrl":"https:\/\/www.tut-tut.com\/wp-content\/uploads\/2025\/02\/Logo-2.png","width":1004,"height":201,"caption":"Tut Tut"},"image":{"@id":"https:\/\/www.tut-tut.com\/#\/schema\/logo\/image\/"},"sameAs":["https:\/\/www.facebook.com\/Tuttutfrance\/?locale=fr_FR","https:\/\/www.instagram.com\/tuttutfrance\/","https:\/\/www.tiktok.com\/@tuttutfrance","https:\/\/www.youtube.com\/channel\/UCGempjRWiZ5uWmByctmMtiw","https:\/\/www.linkedin.com\/company\/tut-tut-france\/posts\/?feedView=all"]}]}},"_links":{"self":[{"href":"https:\/\/www.tut-tut.com\/de\/wp-json\/wp\/v2\/pages\/1461"}],"collection":[{"href":"https:\/\/www.tut-tut.com\/de\/wp-json\/wp\/v2\/pages"}],"about":[{"href":"https:\/\/www.tut-tut.com\/de\/wp-json\/wp\/v2\/types\/page"}],"author":[{"embeddable":true,"href":"https:\/\/www.tut-tut.com\/de\/wp-json\/wp\/v2\/users\/1"}],"replies":[{"embeddable":true,"href":"https:\/\/www.tut-tut.com\/de\/wp-json\/wp\/v2\/comments?post=1461"}],"version-history":[{"count":83,"href":"https:\/\/www.tut-tut.com\/de\/wp-json\/wp\/v2\/pages\/1461\/revisions"}],"predecessor-version":[{"id":28969,"href":"https:\/\/www.tut-tut.com\/de\/wp-json\/wp\/v2\/pages\/1461\/revisions\/28969"}],"wp:attachment":[{"href":"https:\/\/www.tut-tut.com\/de\/wp-json\/wp\/v2\/media?parent=1461"}],"curies":[{"name":"wp","href":"https:\/\/api.w.org\/{rel}","templated":true}]}}